{"id":4354,"date":"2024-06-27T03:48:06","date_gmt":"2024-06-27T03:48:06","guid":{"rendered":"https:\/\/swingbearing.net\/?post_type=product&#038;p=4354"},"modified":"2024-06-27T04:09:24","modified_gmt":"2024-06-27T04:09:24","slug":"hydraulic-pump-708-25-01011-708-25-50101-708-25-04081-for-pc650-3-pc650-5-pc710-5","status":"publish","type":"product","link":"https:\/\/swingbearing.net\/de\/produkt\/hydraulic-pump-708-25-01011-708-25-50101-708-25-04081-for-pc650-3-pc650-5-pc710-5\/","title":{"rendered":"Hydraulikpumpe 708-25-01011 708-25-50101 708-25-04081 f\u00fcr PC650-3 PC650-5 PC710-5"},"content":{"rendered":"<h3 class=\"wp-block-heading\"><strong>Beschreibung des Produkts<\/strong><\/h3>\r\n\r\n\r\n<hr class=\"wp-block-separator has-alpha-channel-opacity\" \/>\r\n\r\n\r\n<h2 class=\"wp-block-heading\">708-25-01011 708-25-50101 708-25-04081 Hydraulik-Hauptpumpe, passend f\u00fcr Komatsu PC650-3 PC650-5 PC710-5<\/h2>\r\n<p><img decoding=\"async\" class=\"alignnone wp-image-4306 size-full\" src=\"https:\/\/swingbearing.net\/wp-content\/uploads\/2024\/06\/pc400-3-02.jpg\" alt=\"Hydraulische Hauptpumpen\" width=\"806\" height=\"903\" srcset=\"https:\/\/swingbearing.net\/wp-content\/uploads\/2024\/06\/pc400-3-02.jpg 806w, https:\/\/swingbearing.net\/wp-content\/uploads\/2024\/06\/pc400-3-02-268x300.jpg 268w, https:\/\/swingbearing.net\/wp-content\/uploads\/2024\/06\/pc400-3-02-768x860.jpg 768w, https:\/\/swingbearing.net\/wp-content\/uploads\/2024\/06\/pc400-3-02-11x12.jpg 11w, https:\/\/swingbearing.net\/wp-content\/uploads\/2024\/06\/pc400-3-02-600x672.jpg 600w\" sizes=\"(max-width: 806px) 100vw, 806px\" \/><\/p>\r\n<table border=\"1\" cellspacing=\"0\" cellpadding=\"0\">\r\n<tbody>\r\n<tr>\r\n<td>Produktname\u00a0 \u00a0 \u00a0 \u00a0 \u00a0 \u00a0 \u00a0 \u00a0<\/td>\r\n<td>Bagger-Hydraulikpumpe<\/td>\r\n<\/tr>\r\n<tr>\r\n<td>Qualit\u00e4t\u00a0 \u00a0 \u00a0<\/td>\r\n<td>Hohe Qualit\u00e4t 100% Neu<\/td>\r\n<\/tr>\r\n<tr>\r\n<td>Modell der Maschine\u00a0 \u00a0\u00a0<\/td>\r\n<td>PC650-3 PC650-5 PC710-5<\/td>\r\n<\/tr>\r\n<tr>\r\n<td>Packungsgr\u00f6\u00dfe<\/td>\r\n<td>84*38*49<\/td>\r\n<\/tr>\r\n<tr>\r\n<td>Paket<\/td>\r\n<td>Standard-Exportkoffer aus Holz\u00a0 \u00a0 \u00a0 \u00a0 \u00a0 \u00a0 \u00a0 \u00a0 \u00a0 \u00a0 \u00a0 \u00a0 \u00a0 \u00a0 \u00a0 \u00a0 \u00a0 \u00a0 \u00a0 \u00a0 \u00a0 \u00a0 \u00a0 \u00a0 \u00a0 \u00a0\u00a0<\/td>\r\n<\/tr>\r\n<tr>\r\n<td>Teilnummer<\/td>\r\n<td>708-25-01011 708-25-50101 708-25-04081<\/td>\r\n<\/tr>\r\n<tr>\r\n<td>Druck<\/td>\r\n<td>Standard, Hochdruck<\/td>\r\n<\/tr>\r\n<\/tbody>\r\n<\/table>\r\n<h3>\r\n\r\n<\/h3>\r\n<p><\/p>\r\n<h2 class=\"wp-block-heading\">Einf\u00fchrung der Hauptpumpe PC650-3 PC650-5 PC710-5<\/h2>\r\n<p><\/p>\r\n<p><\/p>\r\n<p>Hydraulikpumpen f\u00fcr Bagger spielen eine entscheidende Rolle f\u00fcr den effizienten Betrieb von schweren Maschinen wie Baggern. Wir werden uns mit den wichtigsten Merkmalen und Funktionen der Hauptpumpen PC650-3, PC650-5 und PC710-5 befassen, die wesentliche Komponenten der Hydrauliksysteme von Baggern sind.<\/p>\r\n<p>\r\n\r\n<\/p>\r\n<h3 class=\"wp-block-heading\">PC650-3 Hydraulikpumpe<\/h3>\r\n<p>\r\n\r\n<\/p>\r\n<p>Die Hauptpumpe des PC650-3 wurde entwickelt, um den Bagger zuverl\u00e4ssig und gleichm\u00e4\u00dfig mit Hydraulikleistung zu versorgen. Mit ihrem hohen Wirkungsgrad und ihrer Langlebigkeit sorgt diese Pumpe f\u00fcr einen reibungslosen Betrieb und eine optimale Leistung der Maschine. Ausgestattet mit fortschrittlicher Technologie liefert die PC650-3-Hauptpumpe den erforderlichen Hydraulikdruck zum Antrieb der verschiedenen Hydraulikfunktionen des Baggers.<\/p>\r\n<p>\r\n\r\n<\/p>\r\n<h3 class=\"wp-block-heading\">PC650-5 Hydraulikpumpe<\/h3>\r\n<p>\r\n\r\n<\/p>\r\n<p>Die PC650-5-Hauptpumpe ist f\u00fcr ihre robuste Bauweise und hervorragende Leistung bekannt. Diese Pumpe wurde f\u00fcr den harten Einsatz in anspruchsvollen Arbeitsumgebungen entwickelt. Mit ihrer au\u00dfergew\u00f6hnlichen Effizienz und Pr\u00e4zision tr\u00e4gt die PC650-5-Hauptpumpe zur Gesamtproduktivit\u00e4t und Effizienz des Baggers bei. Die Bediener k\u00f6nnen sich darauf verlassen, dass diese Pumpe die erforderliche Hydraulikleistung f\u00fcr einen reibungslosen und pr\u00e4zisen Betrieb liefert.<\/p>\r\n<p>\r\n\r\n<\/p>\r\n<h3 class=\"wp-block-heading\">PC710-5 Hydraulikpumpe<\/h3>\r\n<p>\r\n\r\n<\/p>\r\n<p>Die Hauptpumpe PC710-5 ist eine Spitzenkomponente, die eine optimale Hydraulikleistung in Baggern gew\u00e4hrleistet. Diese mit Pr\u00e4zisionsmechanik und fortschrittlicher Technologie konstruierte Pumpe liefert Hochdruck-Hydraulikfl\u00fcssigkeit zum Antrieb der verschiedenen Hydraulikfunktionen der Maschine. Die Hauptpumpe PC710-5 ist f\u00fcr die harten Anforderungen schwerer Bauprojekte ausgelegt und liefert eine zuverl\u00e4ssige und konstante Hydraulikleistung, um die Leistung des Baggers zu verbessern.<\/p>\r\n<p>\r\n\r\n<\/p>\r\n<p>Zusammenfassend l\u00e4sst sich sagen, dass die Hauptpumpen PC650-3, PC650-5 und PC710-5 wesentliche Komponenten in den Hydrauliksystemen von Baggern sind und eine Schl\u00fcsselrolle bei der Bereitstellung der f\u00fcr einen effizienten Betrieb erforderlichen Hydraulikleistung spielen. Die Bediener k\u00f6nnen sich darauf verlassen, dass diese Pumpen eine gleichbleibende Leistung, Langlebigkeit und Pr\u00e4zision bieten, was letztlich zur Gesamtproduktivit\u00e4t und zum Erfolg von Baggerprojekten beitr\u00e4gt.<\/p>\r\n<p>\r\n\r\n<\/p>\r\n<p>Mit diesen erstklassigen Hauptpumpen k\u00f6nnen Sie selbstbewusst und kraftvoll graben!<\/p>\r\n<p><\/p>\r\n<p><\/p>","protected":false},"excerpt":{"rendered":"<p><strong><b>Teil<\/b><\/strong> #: 708-25-01011 708-25-50101 708-25-04081<br \/><strong><b>Machen Sie<\/b><\/strong>:Komatsu <br \/><strong><b>Modell<\/b><\/strong>: PC650-3 PC650-5 PC710-5<br \/><strong><b>Zustand<\/b><\/strong>: Neu<\/p>","protected":false},"featured_media":4308,"template":"","meta":[],"product_brand":[],"product_cat":[382],"product_tag":[],"class_list":{"0":"post-4354","1":"product","2":"type-product","3":"status-publish","4":"has-post-thumbnail","6":"product_cat-komatsu-hydraulic-pumps","8":"first","9":"instock","10":"shipping-taxable","11":"product-type-simple"},"_links":{"self":[{"href":"https:\/\/swingbearing.net\/de\/wp-json\/wp\/v2\/product\/4354","targetHints":{"allow":["GET"]}}],"collection":[{"href":"https:\/\/swingbearing.net\/de\/wp-json\/wp\/v2\/product"}],"about":[{"href":"https:\/\/swingbearing.net\/de\/wp-json\/wp\/v2\/types\/product"}],"wp:featuredmedia":[{"embeddable":true,"href":"https:\/\/swingbearing.net\/de\/wp-json\/wp\/v2\/media\/4308"}],"wp:attachment":[{"href":"https:\/\/swingbearing.net\/de\/wp-json\/wp\/v2\/media?parent=4354"}],"wp:term":[{"taxonomy":"product_brand","embeddable":true,"href":"https:\/\/swingbearing.net\/de\/wp-json\/wp\/v2\/product_brand?post=4354"},{"taxonomy":"product_cat","embeddable":true,"href":"https:\/\/swingbearing.net\/de\/wp-json\/wp\/v2\/product_cat?post=4354"},{"taxonomy":"product_tag","embeddable":true,"href":"https:\/\/swingbearing.net\/de\/wp-json\/wp\/v2\/product_tag?post=4354"}],"curies":[{"name":"wp","href":"https:\/\/api.w.org\/{rel}","templated":true}]}}