{"id":4348,"date":"2024-06-27T02:54:33","date_gmt":"2024-06-27T02:54:33","guid":{"rendered":"https:\/\/swingbearing.net\/?post_type=product&#038;p=4348"},"modified":"2024-06-27T03:16:42","modified_gmt":"2024-06-27T03:16:42","slug":"hydraulic-pump-708-1s-00262-708-1s-00130-for-pc27mr-2","status":"publish","type":"product","link":"https:\/\/swingbearing.net\/de\/produkt\/hydraulic-pump-708-1s-00262-708-1s-00130-for-pc27mr-2\/","title":{"rendered":"Hydraulikpumpe 708-1S-00262 708-1S-00130 f\u00fcr PC27MR-2 Hauptpumpe"},"content":{"rendered":"<h3 class=\"wp-block-heading\"><strong>Beschreibung des Produkts<\/strong><\/h3>\r\n\r\n\r\n<hr class=\"wp-block-separator has-alpha-channel-opacity\" \/>\r\n\r\n\r\n<h2 class=\"wp-block-heading\">708-1S-00262 708-1S-00130 Hydraulic Main Pump Fits For Komatsu PC27MR-2<\/h2>\r\n<p><img decoding=\"async\" class=\"alignnone wp-image-4349 size-full\" src=\"https:\/\/swingbearing.net\/wp-content\/uploads\/2024\/06\/PC27MR-203.jpg\" alt=\"PC27MR-203 PUMP\" width=\"853\" height=\"835\" srcset=\"https:\/\/swingbearing.net\/wp-content\/uploads\/2024\/06\/PC27MR-203.jpg 853w, https:\/\/swingbearing.net\/wp-content\/uploads\/2024\/06\/PC27MR-203-300x294.jpg 300w, https:\/\/swingbearing.net\/wp-content\/uploads\/2024\/06\/PC27MR-203-768x752.jpg 768w, https:\/\/swingbearing.net\/wp-content\/uploads\/2024\/06\/PC27MR-203-12x12.jpg 12w, https:\/\/swingbearing.net\/wp-content\/uploads\/2024\/06\/PC27MR-203-600x587.jpg 600w\" sizes=\"(max-width: 853px) 100vw, 853px\" \/><\/p>\r\n<table border=\"1\" cellspacing=\"0\" cellpadding=\"0\">\r\n<tbody>\r\n<tr>\r\n<td>Produktname\u00a0 \u00a0 \u00a0 \u00a0 \u00a0 \u00a0 \u00a0 \u00a0<\/td>\r\n<td>Bagger-Hydraulikpumpe<\/td>\r\n<\/tr>\r\n<tr>\r\n<td>Qualit\u00e4t\u00a0 \u00a0 \u00a0<\/td>\r\n<td>Hohe Qualit\u00e4t 100% Neu<\/td>\r\n<\/tr>\r\n<tr>\r\n<td>Modell der Maschine\u00a0 \u00a0\u00a0<\/td>\r\n<td>PC27MR-2<\/td>\r\n<\/tr>\r\n<tr>\r\n<td>Packungsgr\u00f6\u00dfe<\/td>\r\n<td>84*38*49<\/td>\r\n<\/tr>\r\n<tr>\r\n<td>Paket<\/td>\r\n<td>Standard-Exportkoffer aus Holz\u00a0 \u00a0 \u00a0 \u00a0 \u00a0 \u00a0 \u00a0 \u00a0 \u00a0 \u00a0 \u00a0 \u00a0 \u00a0 \u00a0 \u00a0 \u00a0 \u00a0 \u00a0 \u00a0 \u00a0 \u00a0 \u00a0 \u00a0 \u00a0 \u00a0 \u00a0\u00a0<\/td>\r\n<\/tr>\r\n<tr>\r\n<td>Teilnummer<\/td>\r\n<td>708-1S-00262 708-1S-00130<\/td>\r\n<\/tr>\r\n<tr>\r\n<td>Druck<\/td>\r\n<td>Standard, Hochdruck<\/td>\r\n<\/tr>\r\n<\/tbody>\r\n<\/table>\r\n<h3>\r\n\r\n<\/h3>\r\n<p><\/p>\r\n<h2 class=\"wp-block-heading\">Introduction of\u00a0 PC27MR-2 Main Pump<\/h2>\r\n<p><\/p>\r\n<p>Are you in the construction industry and looking to optimize the performance of your crawler excavators? Look no further than the Excavator Hydraulic Pump, a versatile and reliable product designed to meet the demands of various scenarios, including construction sites, mining operations, and roadworks. .<\/p>\r\n<p>\r\n\r\n<\/p>\r\n<h3 class=\"wp-block-heading\">Maximierung der Effizienz mit der Pumpe<\/h3>\r\n<p>\r\n\r\n<\/p>\r\n<p>Wenn es um Baggerarbeiten geht, ist Effizienz der Schl\u00fcssel. Die Bagger-Hydraulikpumpe, die in den zwei Pumpennummern 708-2L-00202 und 708-2L-41121 erh\u00e4ltlich ist, wurde speziell entwickelt, um Ihren Bagger mit maximaler Hydraulikleistung zu versorgen. Dadurch wird sichergestellt, dass Ihre Maschine reibungslos und effizient arbeitet, so dass Sie Ihre Projekte z\u00fcgig abschlie\u00dfen k\u00f6nnen. Mit ihrer robusten Konstruktion und zuverl\u00e4ssigen Leistung ist diese Hydraulikpumpe f\u00fcr eine lange Lebensdauer ausgelegt und damit eine wertvolle Investition f\u00fcr Ihr Unternehmen.<\/p>\r\n<p>\r\n\r\n<\/p>\r\n<h3 class=\"wp-block-heading\">Kompatibilit\u00e4t und Vielseitigkeit<\/h3>\r\n<p>\r\n\r\n<\/p>\r\n<p>Einer der wichtigsten Vorteile der Bagger-Hydraulikpumpe ist ihre Kompatibilit\u00e4t mit einer Vielzahl von Baggermodellen. Ganz gleich, ob Sie einen E317, E315, PC210-8K oder PC210-8K verwenden, diese Hydraulikpumpe ist so konzipiert, dass sie sich nahtlos in Ihre Maschine einf\u00fcgt und deren F\u00e4higkeiten und Leistung verbessert. Diese Vielseitigkeit macht sie zu einer praktischen Wahl f\u00fcr Bauunternehmer und Betreiber, die in verschiedenen Branchen und Umgebungen arbeiten.<\/p>\r\n<p>\r\n\r\n<\/p>\r\n<h3 class=\"wp-block-heading\">Au\u00dfergew\u00f6hnlicher After-Sales-Support<\/h3>\r\n<p>\r\n\r\n<\/p>\r\n<p>Bei Excavator Hydraulic Pump hat die Zufriedenheit unserer Kunden oberste Priorit\u00e4t. Deshalb bieten wir einen ausgezeichneten Kundendienst, einschlie\u00dflich Online-Hilfe, um sicherzustellen, dass unsere Kunden im Falle von Problemen oder Bedenken umgehend Hilfe erhalten. Unser Expertenteam bietet Ihnen die Unterst\u00fctzung, die Sie ben\u00f6tigen, damit Ihre Hydraulikpumpe reibungslos und effizient l\u00e4uft und Sie sich ohne Unterbrechungen auf Ihre Arbeit konzentrieren k\u00f6nnen.<br \/><br \/><b>Wir k\u00f6nnen andere unterst\u00fctzen:<\/b><\/p>\r\n<table>\r\n<tbody>\r\n<tr>\r\n<td colspan=\"1\" rowspan=\"1\">\r\n<div>F\u00fcr Kobelco<\/div>\r\n<\/td>\r\n<td colspan=\"1\" rowspan=\"1\">\r\n<div>SK200-6,SK210-6,SK45SR,SK330-6E,SK200-4,SK460-8,SK135,SK235SRLC-1ES,SK250-8,SK210-8,SK350-8,SK350,SK350-9,SK200-8,SK210-8<\/div>\r\n<\/td>\r\n<\/tr>\r\n<tr>\r\n<td colspan=\"1\" rowspan=\"1\">\r\n<div>F\u00fcr Komatsu<\/div>\r\n<\/td>\r\n<td colspan=\"1\" rowspan=\"1\">\r\n<div>PC300-8,PC200-6K,PC130-8,PC200-8,PC220-8,PC270-8,PC400-8,PC60-7,PC300-7,PC400-7,PC200-7,PC200-6,<\/div>\r\n<\/td>\r\n<\/tr>\r\n<tr>\r\n<td colspan=\"1\" rowspan=\"1\">\r\n<div>F\u00fcr CAT<\/div>\r\n<\/td>\r\n<td colspan=\"1\" rowspan=\"1\">\r\n<div>E325C,E330D,E330C,E336D,E336C,E345B,E385C,E320C,E320D,E330,E330L,E345C<\/div>\r\n<\/td>\r\n<\/tr>\r\n<tr>\r\n<td colspan=\"1\" rowspan=\"1\">\r\n<div>F\u00fcr Daewoo<\/div>\r\n<\/td>\r\n<td colspan=\"1\" rowspan=\"1\">\r\n<div>DH80,DH300-5,DH300-7,DH225-7,DH210,DH220,DH150,DH300-5,DH370,DH470-5,DH500-5<\/div>\r\n<\/td>\r\n<\/tr>\r\n<tr>\r\n<td colspan=\"1\" rowspan=\"1\">\r\n<div>F\u00fcr Hitachi<\/div>\r\n<\/td>\r\n<td colspan=\"1\" rowspan=\"1\">\r\n<div>EX120-5, EX120-5 JPN, EX120-5HG, EX120-5LV JPN, EX120-5X, EX120-5Z, EX120SS-5, EX130H-5, EX130H-5 JPN, EX130K-5,<br \/>EX135UR,EX135UR-5, EX135US-5, EX135USR, EX135USRK, EX140US-5, HR240G,EX300-2, EX300-3, EX300-3C, EX310H-3C,EX200-3, EX200-5,<br \/>EX200-5 JPN, EX200-5HG, EX200-5HHE, EX200-5LV JAP, EX200-5X JPN, EX200-5Z JPN, EX200LC-5HHE, EX200SS-5,EX210H-5, EX210H-5 JPN,<br \/>EX210K-5 JPN, EX210LC-5HHE, EX225USR(LC), EX225USRK,EX60-2, EX60-3, EX60LCK-3, EX60LCT-3, EX60WD-2, EX75UR, EX75UR-3,<br \/>EX75URLC-3,EX350-6,EX120-3,EX1200,EX300,EX200 ,EX210,EX75UR-5<\/div>\r\n<\/td>\r\n<\/tr>\r\n<tr>\r\n<td colspan=\"1\" rowspan=\"1\">\r\n<div>F\u00fcr Sumitomo<\/div>\r\n<\/td>\r\n<td colspan=\"1\" rowspan=\"1\">\r\n<div>SH200-2,SH-200A3,SH200,SH120-5-0.5<\/div>\r\n<\/td>\r\n<\/tr>\r\n<tr>\r\n<td colspan=\"1\" rowspan=\"1\">\r\n<div>F\u00fcr Kato<\/div>\r\n<\/td>\r\n<td colspan=\"1\" rowspan=\"1\">\r\n<div>HD1430,HD130<\/div>\r\n<\/td>\r\n<\/tr>\r\n<tr>\r\n<td colspan=\"1\" rowspan=\"1\">\r\n<div>F\u00fcr JCB<\/div>\r\n<\/td>\r\n<td colspan=\"1\" rowspan=\"1\">\r\n<div>JCB220,JCB240,JCB 85Z<\/div>\r\n<\/td>\r\n<\/tr>\r\n<tr>\r\n<td colspan=\"1\" rowspan=\"1\">\r\n<div>Andere<\/div>\r\n<\/td>\r\n<td colspan=\"1\" rowspan=\"1\">\r\n<div>&#8230;&#8230;<\/div>\r\n<\/td>\r\n<\/tr>\r\n<\/tbody>\r\n<\/table>\r\n<p><\/p>","protected":false},"excerpt":{"rendered":"<p><strong><b>Teil<\/b><\/strong> #: 708-1S-00262 708-1S-00130<br \/><strong><b>Machen Sie<\/b><\/strong>:Komatsu <br \/><strong><b>Modell<\/b><\/strong>: PC27MR-2 <br \/><strong><b>Zustand<\/b><\/strong>: Neu<\/p>","protected":false},"featured_media":4350,"template":"","meta":[],"product_brand":[],"product_cat":[382],"product_tag":[],"class_list":{"0":"post-4348","1":"product","2":"type-product","3":"status-publish","4":"has-post-thumbnail","6":"product_cat-komatsu-hydraulic-pumps","8":"first","9":"instock","10":"shipping-taxable","11":"product-type-simple"},"_links":{"self":[{"href":"https:\/\/swingbearing.net\/de\/wp-json\/wp\/v2\/product\/4348","targetHints":{"allow":["GET"]}}],"collection":[{"href":"https:\/\/swingbearing.net\/de\/wp-json\/wp\/v2\/product"}],"about":[{"href":"https:\/\/swingbearing.net\/de\/wp-json\/wp\/v2\/types\/product"}],"wp:featuredmedia":[{"embeddable":true,"href":"https:\/\/swingbearing.net\/de\/wp-json\/wp\/v2\/media\/4350"}],"wp:attachment":[{"href":"https:\/\/swingbearing.net\/de\/wp-json\/wp\/v2\/media?parent=4348"}],"wp:term":[{"taxonomy":"product_brand","embeddable":true,"href":"https:\/\/swingbearing.net\/de\/wp-json\/wp\/v2\/product_brand?post=4348"},{"taxonomy":"product_cat","embeddable":true,"href":"https:\/\/swingbearing.net\/de\/wp-json\/wp\/v2\/product_cat?post=4348"},{"taxonomy":"product_tag","embeddable":true,"href":"https:\/\/swingbearing.net\/de\/wp-json\/wp\/v2\/product_tag?post=4348"}],"curies":[{"name":"wp","href":"https:\/\/api.w.org\/{rel}","templated":true}]}}