{"id":4303,"date":"2024-06-25T11:55:21","date_gmt":"2024-06-25T11:55:21","guid":{"rendered":"https:\/\/swingbearing.net\/?post_type=product&#038;p=4303"},"modified":"2024-06-25T15:46:04","modified_gmt":"2024-06-25T15:46:04","slug":"hydraulic-pump-pc400lc-3-main-pump-for-komatsu-708-27-02025-708-27-02024","status":"publish","type":"product","link":"https:\/\/swingbearing.net\/de\/produkt\/hydraulic-pump-pc400lc-3-main-pump-for-komatsu-708-27-02025-708-27-02024\/","title":{"rendered":"Hydraulikpumpe PC400LC-3 Hauptpumpe f\u00fcr Komatsu 708-27-02025 708-27-02024"},"content":{"rendered":"<h3 class=\"wp-block-heading\"><strong>Beschreibung des Produkts<\/strong><\/h3>\r\n\r\n\r\n<hr class=\"wp-block-separator has-alpha-channel-opacity\" \/>\r\n\r\n\r\n<h2 class=\"wp-block-heading\">708-27-02025 708-27-02024 Hydraulic Main Pump Fits For Komatsu PC400LC-3<\/h2>\r\n<p>&nbsp;<\/p>\r\n<p><img decoding=\"async\" class=\"alignnone wp-image-4306 size-full\" src=\"https:\/\/swingbearing.net\/wp-content\/uploads\/2024\/06\/pc400-3-02.jpg\" alt=\"pc400-3 hydraulic pump\" width=\"806\" height=\"903\" srcset=\"https:\/\/swingbearing.net\/wp-content\/uploads\/2024\/06\/pc400-3-02.jpg 806w, https:\/\/swingbearing.net\/wp-content\/uploads\/2024\/06\/pc400-3-02-268x300.jpg 268w, https:\/\/swingbearing.net\/wp-content\/uploads\/2024\/06\/pc400-3-02-768x860.jpg 768w, https:\/\/swingbearing.net\/wp-content\/uploads\/2024\/06\/pc400-3-02-11x12.jpg 11w, https:\/\/swingbearing.net\/wp-content\/uploads\/2024\/06\/pc400-3-02-600x672.jpg 600w\" sizes=\"(max-width: 806px) 100vw, 806px\" \/><\/p>\r\n<table style=\"font-size: 16px;\" border=\"1\" cellspacing=\"0\" cellpadding=\"0\">\r\n<tbody>\r\n<tr>\r\n<td>Produktname<\/td>\r\n<td>Bagger-Hydraulikpumpe<\/td>\r\n<\/tr>\r\n<tr>\r\n<td>Qualit\u00e4t<\/td>\r\n<td>High Quality 100% New<\/td>\r\n<\/tr>\r\n<tr>\r\n<td>Modell der Maschine\u00a0\u00a0<\/td>\r\n<td>PC400-3 PC400LC-3<\/td>\r\n<\/tr>\r\n<tr>\r\n<td>Packungsgr\u00f6\u00dfe<\/td>\r\n<td>84*38*49<\/td>\r\n<\/tr>\r\n<tr>\r\n<td>Paket<\/td>\r\n<td>Standard-Exportkoffer aus Holz<\/td>\r\n<\/tr>\r\n<tr>\r\n<td>Teilnummer<\/td>\r\n<td>708-27-02025 708-27-02024 708-27-02021 708-27-02020 708-27-01010 708-27-10100\u00a0\u00a0<\/td>\r\n<\/tr>\r\n<tr>\r\n<td>Druck<\/td>\r\n<td>Standard, Hochdruck<\/td>\r\n<\/tr>\r\n<\/tbody>\r\n<\/table>\r\n<h3>\r\n\r\n<\/h3>\r\n<p><\/p>\r\n<h2 class=\"wp-block-heading\">Introduction of\u00a0 PC400LC-3 Hydraulic Main Pump<\/h2>\r\n<p>\r\n\r\n<\/p>\r\n<p>Hydraulikpumpen sind wichtige Komponenten in hydraulischen Systemen, die f\u00fcr die Umwandlung von mechanischer in hydraulische Energie verantwortlich sind. Das Verst\u00e4ndnis des Aufbaus, der Funktionen und der Wartung von Hydraulikpumpen ist entscheidend f\u00fcr den effizienten Betrieb von Maschinen und Anlagen in verschiedenen Branchen.<\/p>\r\n<p>\r\n\r\n<\/p>\r\n<h2 class=\"wp-block-heading\">Komponenten der hydraulischen Hauptpumpe<\/h2>\r\n<p>\r\n\r\n<\/p>\r\n<p>Hydraulikpumpen bestehen aus mehreren Hauptkomponenten, die zusammenarbeiten, um Fl\u00fcssigkeitskraft zu erzeugen. Zu den Hauptkomponenten einer Hydraulikpumpe geh\u00f6ren:<\/p>\r\n<p>\r\n\r\n<\/p>\r\n<ul class=\"wp-block-list\">\r\n<li><strong>Pumpengeh\u00e4use<\/strong>: Das \u00e4u\u00dfere Geh\u00e4use, das die inneren Komponenten der Pumpe umschlie\u00dft und sch\u00fctzt.<\/li>\r\n\r\n\r\n\r\n<li><strong>Inlet and Outlet Ports<\/strong>: Eintritts- und Austrittsstellen f\u00fcr die Hydraulikfl\u00fcssigkeit in die bzw. aus der Pumpe.<\/li>\r\n\r\n\r\n\r\n<li><strong>Rotierende Gruppe<\/strong>: Besteht aus Zahnr\u00e4dern, Fl\u00fcgeln oder Kolben, die sich drehen, um Str\u00f6mung und Druck im System zu erzeugen.<\/li>\r\n\r\n\r\n\r\n<li><strong>Antriebswelle<\/strong>: \u00dcbertr\u00e4gt die mechanische Energie von der Antriebsmaschine auf das Drehteil der Pumpe.<\/li>\r\n\r\n\r\n\r\n<li><strong>Dichtungen und O-Ringe<\/strong>: Verhindern Sie Leckagen und erhalten Sie die Integrit\u00e4t des Hydrauliksystems.<\/li>\r\n<\/ul>\r\n<p>\r\n\r\n<\/p>\r\n<h3 class=\"wp-block-heading\">Funktionen\u00a0<\/h3>\r\n<p>\r\n\r\n<\/p>\r\n<p>Hydraulikpumpen erf\u00fcllen wesentliche Funktionen, die den Betrieb von Hydrauliksystemen erm\u00f6glichen, darunter:<\/p>\r\n<p>\r\n\r\n<\/p>\r\n<ul class=\"wp-block-list\">\r\n<li><strong>Erzeugung von Fluidstr\u00f6men<\/strong>: Erzeugung eines kontinuierlichen Stroms von Hydraulikfl\u00fcssigkeit zum Antrieb von Hydraulikzylindern, Motoren und Aktuatoren.<\/li>\r\n\r\n\r\n\r\n<li><strong>Druckerzeugung<\/strong>: Aufbau von Druck im System, um Arbeitsaufgaben wie das Heben schwerer Lasten oder das Bedienen von Maschinen auszuf\u00fchren.<\/li>\r\n\r\n\r\n\r\n<li><strong>Direktionale Kontrolle<\/strong>: Regulierung der Str\u00f6mungsrichtung von Fl\u00fcssigkeiten, um pr\u00e4zise Bewegungen und Kontrollen in Ger\u00e4ten zu erm\u00f6glichen.<\/li>\r\n<\/ul>\r\n<p>\r\n\r\n<\/p>\r\n<h4 class=\"wp-block-heading\">Tipps zur Wartung\u00a0<\/h4>\r\n<p>\r\n\r\n<\/p>\r\n<p>Eine ordnungsgem\u00e4\u00dfe Wartung ist der Schl\u00fcssel zur Langlebigkeit und Zuverl\u00e4ssigkeit von Hydraulikpumpen. Im Folgenden finden Sie einige wichtige Wartungstipps, die Sie beachten sollten:<\/p>\r\n<p>\r\n\r\n<\/p>\r\n<ul class=\"wp-block-list\">\r\n<li><strong>Regelm\u00e4\u00dfige Inspektion<\/strong>: Pr\u00fcfen Sie die Pumpenkomponenten auf Anzeichen von Verschlei\u00df, Leckagen oder Sch\u00e4den und beheben Sie etwaige Probleme umgehend.<\/li>\r\n\r\n\r\n\r\n<li><strong>Qualit\u00e4t der Fl\u00fcssigkeiten<\/strong>: \u00dcberwachen Sie den Zustand und den F\u00fcllstand der Hydraulikfl\u00fcssigkeit und tauschen Sie sie bei Bedarf aus oder f\u00fcllen Sie sie nach, um eine optimale Leistung zu gew\u00e4hrleisten.<\/li>\r\n\r\n\r\n\r\n<li><strong>Filtrierung<\/strong>: Verwenden Sie hochwertige Filter, um Verunreinigungen aus der Hydraulikfl\u00fcssigkeit zu entfernen und Sch\u00e4den an den Pumpenkomponenten zu vermeiden.<\/li>\r\n\r\n\r\n\r\n<li><strong>Schmierung<\/strong>: Schmieren Sie bewegliche Teile ordnungsgem\u00e4\u00df, um Reibung und Verschlei\u00df zu verringern und die Lebensdauer der Pumpe zu verl\u00e4ngern.<\/li>\r\n\r\n\r\n\r\n<li><strong>Wartung der Siegel<\/strong>: Pr\u00fcfen und ersetzen Sie Dichtungen und O-Ringe regelm\u00e4\u00dfig, um Lecks zu vermeiden und die Integrit\u00e4t des Hydrauliksystems zu gew\u00e4hrleisten.<\/li>\r\n<\/ul>\r\n<p>\r\n\r\n<\/p>\r\n<h2 class=\"wp-block-heading\">Schlussfolgerung<\/h2>\r\n<p>\r\n\r\n<\/p>\r\n<p>Zusammenfassend l\u00e4sst sich sagen, dass Hydraulikpumpen integrale Bestandteile von Hydrauliksystemen sind, die die f\u00fcr den Betrieb von Maschinen und Anlagen erforderliche Leistung und Steuerung liefern. Das Verst\u00e4ndnis der Komponenten, Funktionen und Wartungsanforderungen von Hydraulikpumpen ist f\u00fcr die Maximierung von Leistung, Effizienz und Lebensdauer von entscheidender Bedeutung. Durch die Einhaltung ordnungsgem\u00e4\u00dfer Wartungspraktiken und die proaktive Behandlung von Problemen k\u00f6nnen Unternehmen den reibungslosen Betrieb von Hydrauliksystemen sicherstellen und Ausfallzeiten minimieren. Die Beratung durch Hydraulikspezialisten f\u00fcr Wartungs- und Reparaturdienste kann die Zuverl\u00e4ssigkeit und Langlebigkeit von Hydraulikpumpensystemen weiter verbessern.<\/p>","protected":false},"excerpt":{"rendered":"<p><strong><b>Teil<\/b><\/strong> #: 708-27-02025 708-27-02024<br \/><strong><b>Machen Sie<\/b><\/strong>:Komatsu <br \/><strong><b>Modell<\/b><\/strong>: PC400LC-3<br \/><strong><b>Zustand<\/b><\/strong>: Neu<\/p>","protected":false},"featured_media":4307,"template":"","meta":[],"product_brand":[],"product_cat":[382],"product_tag":[],"class_list":{"0":"post-4303","1":"product","2":"type-product","3":"status-publish","4":"has-post-thumbnail","6":"product_cat-komatsu-hydraulic-pumps","8":"first","9":"instock","10":"shipping-taxable","11":"product-type-simple"},"_links":{"self":[{"href":"https:\/\/swingbearing.net\/de\/wp-json\/wp\/v2\/product\/4303","targetHints":{"allow":["GET"]}}],"collection":[{"href":"https:\/\/swingbearing.net\/de\/wp-json\/wp\/v2\/product"}],"about":[{"href":"https:\/\/swingbearing.net\/de\/wp-json\/wp\/v2\/types\/product"}],"wp:featuredmedia":[{"embeddable":true,"href":"https:\/\/swingbearing.net\/de\/wp-json\/wp\/v2\/media\/4307"}],"wp:attachment":[{"href":"https:\/\/swingbearing.net\/de\/wp-json\/wp\/v2\/media?parent=4303"}],"wp:term":[{"taxonomy":"product_brand","embeddable":true,"href":"https:\/\/swingbearing.net\/de\/wp-json\/wp\/v2\/product_brand?post=4303"},{"taxonomy":"product_cat","embeddable":true,"href":"https:\/\/swingbearing.net\/de\/wp-json\/wp\/v2\/product_cat?post=4303"},{"taxonomy":"product_tag","embeddable":true,"href":"https:\/\/swingbearing.net\/de\/wp-json\/wp\/v2\/product_tag?post=4303"}],"curies":[{"name":"wp","href":"https:\/\/api.w.org\/{rel}","templated":true}]}}