{"id":3955,"date":"2024-06-05T08:35:10","date_gmt":"2024-06-05T08:35:10","guid":{"rendered":"https:\/\/swingbearing.net\/product\/volvo-swing-bearing-ec290b-14563335-slewing-ring-bearing\/"},"modified":"2024-06-05T15:39:22","modified_gmt":"2024-06-05T15:39:22","slug":"volvo-swing-bearing-ec290b-14563335-slewing-ring-bearing","status":"publish","type":"product","link":"https:\/\/swingbearing.net\/de\/produkt\/volvo-swing-bearing-ec290b-14563335-slewing-ring-bearing\/","title":{"rendered":"Schwenklager 14563335 f\u00fcr VOLVO EC290B"},"content":{"rendered":"<h2 style=\"text-align: center;\">VOLVO Schwenklager-Ersatz<\/h2>\r\n<figure class=\"wp-block-table\" style=\"font-size: 12px;\">\r\n<table>\r\n<tbody>\r\n<tr>\r\n<td>Modellnummer des Baggers<\/td>\r\n<td>Teilnummer<\/td>\r\n<td>Modellnummer des Baggers<\/td>\r\n<td>Teilnummer<\/td>\r\n<\/tr>\r\n<tr>\r\n<td>EC160B EC180B\/C\/D<\/td>\r\n<td>14577175<\/td>\r\n<td>EC210LC<\/td>\r\n<td>1155-00061<\/td>\r\n<\/tr>\r\n<tr>\r\n<td>EC160B EC180B\/C\/D<\/td>\r\n<td>14577176<\/td>\r\n<td>EC210LC<\/td>\r\n<td>14563328<\/td>\r\n<\/tr>\r\n<tr>\r\n<td>EC160B EC180B\/C\/D<\/td>\r\n<td>14563341<\/td>\r\n<td>EC240BLC<\/td>\r\n<td>14575267<\/td>\r\n<\/tr>\r\n<tr>\r\n<td>EC160B EC180B\/C\/D<\/td>\r\n<td>14563342<\/td>\r\n<td>EC240BLC<\/td>\r\n<td>14563334<\/td>\r\n<\/tr>\r\n<tr>\r\n<td>EC140 CLM<\/td>\r\n<td>14563340<\/td>\r\n<td>EC240BLC<\/td>\r\n<td>SA1155-00040<\/td>\r\n<\/tr>\r\n<tr>\r\n<td>EC140B LC<\/td>\r\n<td>Serien-V20400<\/td>\r\n<td>EC240BNLC<\/td>\r\n<td>14520572<\/td>\r\n<\/tr>\r\n<tr>\r\n<td>EC140CL<\/td>\r\n<td>SA1055-01461<\/td>\r\n<td>EC290<\/td>\r\n<td>14570794<\/td>\r\n<\/tr>\r\n<tr>\r\n<td>EC140CL<\/td>\r\n<td>VOE14520561<\/td>\r\n<td>EC290BLC<\/td>\r\n<td>14563335<\/td>\r\n<\/tr>\r\n<tr>\r\n<td>EC180B LC<\/td>\r\n<td>VOE14520569<\/td>\r\n<td>EC290B<\/td>\r\n<td>14563335<\/td>\r\n<\/tr>\r\n<tr>\r\n<td>EC210<\/td>\r\n<td>SA1155-00061<\/td>\r\n<td>EC290B<\/td>\r\n<td>14520573<\/td>\r\n<\/tr>\r\n<tr>\r\n<td>EC210BLC<\/td>\r\n<td>14563343<\/td>\r\n<td>EX300-3C<\/td>\r\n<td>9112188<\/td>\r\n<\/tr>\r\n<tr>\r\n<td>EC210BLC<\/td>\r\n<td>14647522<\/td>\r\n<td>EC360BLC<\/td>\r\n<td>14563350<\/td>\r\n<\/tr>\r\n<tr>\r\n<td>EC210 2005<\/td>\r\n<td>EC210V13948<\/td>\r\n<td>EC390<\/td>\r\n<td>14647527<\/td>\r\n<\/tr>\r\n<tr>\r\n<td>EC210B<\/td>\r\n<td>14563327<\/td>\r\n<td>EC460BLC<\/td>\r\n<td>14507709<\/td>\r\n<\/tr>\r\n<tr>\r\n<td>EC210B<\/td>\r\n<td>14505766<\/td>\r\n<td>EC460<\/td>\r\n<td>14559204<\/td>\r\n<\/tr>\r\n<tr>\r\n<td>EC210BLC<\/td>\r\n<td>14577178<\/td>\r\n<td>EC480DL<\/td>\r\n<td>14559204<\/td>\r\n<\/tr>\r\n<tr>\r\n<td>EC210<\/td>\r\n<td>14647523<\/td>\r\n<td>EC700BLC<\/td>\r\n<td>14559205<\/td>\r\n<\/tr>\r\n<tr>\r\n<td>EC210BNC<\/td>\r\n<td>14530323<\/td>\r\n<td>\u00a0<\/td>\r\n<td>\u00a0<\/td>\r\n<\/tr>\r\n<\/tbody>\r\n<\/table>\r\n<p><img decoding=\"async\" class=\"alignnone wp-image-2788 size-full\" src=\"https:\/\/swingbearing.net\/wp-content\/uploads\/2024\/05\/777.jpg\" alt=\"Gro\u00dfw\u00e4lzlager\" width=\"1980\" height=\"700\" srcset=\"https:\/\/swingbearing.net\/wp-content\/uploads\/2024\/05\/777.jpg 1980w, https:\/\/swingbearing.net\/wp-content\/uploads\/2024\/05\/777-300x106.jpg 300w, https:\/\/swingbearing.net\/wp-content\/uploads\/2024\/05\/777-1024x362.jpg 1024w, https:\/\/swingbearing.net\/wp-content\/uploads\/2024\/05\/777-768x272.jpg 768w, https:\/\/swingbearing.net\/wp-content\/uploads\/2024\/05\/777-1536x543.jpg 1536w, https:\/\/swingbearing.net\/wp-content\/uploads\/2024\/05\/777-18x6.jpg 18w, https:\/\/swingbearing.net\/wp-content\/uploads\/2024\/05\/777-600x212.jpg 600w\" sizes=\"(max-width: 1980px) 100vw, 1980px\" \/><\/p>\r\n<p>&nbsp;<\/p>\r\n<\/figure>\r\n\r\n<p><\/p>\r\n<h3 class=\"wp-block-heading\"><\/h3>\r\n<p>Bagger sind in der Bau-, Bergbau- und Forstwirtschaft unverzichtbar. Eine Schl\u00fcsselkomponente, die ihren effizienten Betrieb gew\u00e4hrleistet, ist das Schwenklager. Dieser Artikel befasst sich mit der Bedeutung, dem Aufbau, den Typen, der Wartung und den h\u00e4ufigsten Problemen von Baggerschwenklagern.<\/p>\r\n<h3 class=\"wp-block-heading\">\r\n\r\n<\/h3>\r\n<h2 class=\"wp-block-heading\">Verst\u00e4ndnis von Baggerschwenklagern<\/h2>\r\n<h3 class=\"wp-block-heading\">\r\n\r\n<\/h3>\r\n<p>Ein Baggerschwenklager, auch bekannt als Drehkranz oder Gro\u00dfw\u00e4lzlager, erm\u00f6glicht eine Drehung des Oberwagens um 360 Grad. Diese Drehung ist entscheidend f\u00fcr das Graben, Bewegen und Entladen von Materialien. Das Lager nimmt Axial-, Radial- und Momentlasten auf und ist daher f\u00fcr die Maschine unverzichtbar.<\/p>\r\n<h3 class=\"wp-block-heading\">\r\n\r\n<\/h3>\r\n<h2 class=\"wp-block-heading\">Aufbau eines Baggerschwenklagers<\/h2>\r\n<h3 class=\"wp-block-heading\">\r\n\r\n<\/h3>\r\n<p>Ein Baggerdrehkranzlager besteht aus:<\/p>\r\n<h3 class=\"wp-block-heading\">\r\n\r\n<\/h3>\r\n<ul class=\"wp-block-list\">\r\n<li>Innere und \u00e4u\u00dfere Ringe: Hergestellt aus hochfestem Stahl, um schweren Lasten standzuhalten.<\/li>\r\n\r\n\r\n\r\n<li>Rollende Elemente: Kugeln oder Rollen, die eine reibungslose Drehung erm\u00f6glichen.<\/li>\r\n\r\n\r\n\r\n<li>K\u00e4fige: Halten Sie die W\u00e4lzk\u00f6rper in gleichm\u00e4\u00dfigen Abst\u00e4nden.<\/li>\r\n\r\n\r\n\r\n<li>Dichtungen: Sch\u00fctzen Sie das Lager vor Schmutz, Wasser und Ablagerungen.<\/li>\r\n<\/ul>\r\n<h3 class=\"wp-block-heading\">\r\n\r\n<\/h3>\r\n<h2 class=\"wp-block-heading\">Arten von Bagger-Drehkr\u00e4nzen<\/h2>\r\n<h3 class=\"wp-block-heading\">\r\n\r\n<\/h3>\r\n<h4 class=\"wp-block-heading\">Gro\u00dfw\u00e4lzlager gibt es in verschiedenen Ausf\u00fchrungen:<\/h4>\r\n<h3 class=\"wp-block-heading\">\r\n\r\n<\/h3>\r\n<ul class=\"wp-block-list\">\r\n<li>Einreihige Kugellager: Ausgewogene Tragf\u00e4higkeit und Drehgeschwindigkeit.<\/li>\r\n\r\n\r\n\r\n<li>Zweireihige Kugellager: Bieten eine h\u00f6here Tragf\u00e4higkeit f\u00fcr gr\u00f6\u00dfere Bagger.<\/li>\r\n\r\n\r\n\r\n<li>Gekreuzte Rollenlager: Nehmen schwere axiale und radiale Lasten gleichzeitig auf.<\/li>\r\n\r\n\r\n\r\n<li>Dreireihige Rollenlager: Bieten maximale Tragf\u00e4higkeit f\u00fcr robuste Bagger.<\/li>\r\n<\/ul>\r\n<h3 class=\"wp-block-heading\">\r\n\r\n<\/h3>\r\n<h2 class=\"wp-block-heading\">Bedeutung von Gro\u00dfw\u00e4lzlagern in Baggern<\/h2>\r\n<h3 class=\"wp-block-heading\">\r\n\r\n<\/h3>\r\n<p>Gro\u00dfw\u00e4lzlager sorgen f\u00fcr eine gleichm\u00e4\u00dfige Lastverteilung und erhalten die strukturelle Integrit\u00e4t des Baggers. Sie erm\u00f6glichen eine 360-Grad-Drehung und verbessern die Betriebseffizienz auf engem Raum. Ihre Langlebigkeit reduziert Ausfallzeiten und Wartungskosten.<\/p>\r\n<h3 class=\"wp-block-heading\">\r\n\r\n<\/h3>\r\n<h2 class=\"wp-block-heading\">Wartung von Baggerdrehkr\u00e4nzen<\/h2>\r\n<h3 class=\"wp-block-heading\">\r\n\r\n<\/h3>\r\n<h4 class=\"wp-block-heading\">Zur ordnungsgem\u00e4\u00dfen Wartung geh\u00f6ren:<\/h4>\r\n<h3 class=\"wp-block-heading\">\r\n\r\n<\/h3>\r\n<ul class=\"wp-block-list\">\r\n<li>Regelm\u00e4\u00dfige Inspektionen: Pr\u00fcfen Sie auf Verschlei\u00df, Korrosion oder Sch\u00e4den.<\/li>\r\n\r\n\r\n\r\n<li>Schmierung: Verringert die Reibung und verhindert Verschlei\u00df.<\/li>\r\n\r\n\r\n\r\n<li>Unversehrtheit der Siegel: Stellen Sie sicher, dass die Siegel intakt sind, um Verunreinigungen zu vermeiden.<\/li>\r\n\r\n\r\n\r\n<li>Lastmanagement: Vermeiden Sie eine \u00dcberlastung des Baggers.<\/li>\r\n\r\n\r\n\r\n<li>Ausrichten: Achten Sie auf die richtige Ausrichtung, um ungleichm\u00e4\u00dfigen Verschlei\u00df zu vermeiden.<\/li>\r\n<\/ul>\r\n<h3 class=\"wp-block-heading\">\r\n\r\n<\/h3>\r\n<h3 class=\"wp-block-heading\">H\u00e4ufige Probleme mit Schwenklagern<\/h3>\r\n<h3 class=\"wp-block-heading\">\r\n\r\n<\/h3>\r\n<p>Zu den h\u00e4ufigsten Problemen geh\u00f6ren:<\/p>\r\n<h3 class=\"wp-block-heading\">\r\n\r\n<\/h3>\r\n<ul class=\"wp-block-list\">\r\n<li>Verschlei\u00df und Abnutzung: Verursacht durch Dauerbetrieb und schwere Lasten.<\/li>\r\n\r\n\r\n\r\n<li>Verschmutzung: Schmutz, Wasser und Ablagerungen, die in das Lager eindringen.<\/li>\r\n\r\n\r\n\r\n<li>Korrosion: Aufgrund von Feuchtigkeit und rauen Bedingungen.<\/li>\r\n\r\n\r\n\r\n<li>Fehlausrichtung: Aufgrund einer unsachgem\u00e4\u00dfen Installation oder struktureller Probleme.<\/li>\r\n<\/ul>\r\n<h3 class=\"wp-block-heading\">\r\n\r\n<\/h3>\r\n<h2 class=\"wp-block-heading\">Schlussfolgerung<\/h2>\r\n<h3 class=\"wp-block-heading\">\r\n\r\n<\/h3>\r\n<p><a href=\"https:\/\/swingbearing.net\/de\/baggerschwenklager\/\">Baggerschwenklager<\/a> sind entscheidend f\u00fcr die Funktionalit\u00e4t und Effizienz von Baggern. F\u00fcr eine optimale Leistung ist es wichtig, ihre Struktur, Typen, Bedeutung, Wartung und h\u00e4ufige Probleme zu verstehen. Eine ordnungsgem\u00e4\u00dfe Wartung und die rechtzeitige Behebung von Problemen k\u00f6nnen die Lebensdauer und Zuverl\u00e4ssigkeit dieser Lager verl\u00e4ngern und die Produktivit\u00e4t steigern.<\/p>\r\n<p><\/p>","protected":false},"excerpt":{"rendered":"<p><strong><b>Teil<\/b><\/strong> #: 14563335<br \/><strong><b>Machen Sie<\/b><\/strong>:VOLVO<br \/><strong><b>Modell<\/b><\/strong>: EC290B <br \/><strong><b>Zustand<\/b><\/strong>: Neu<\/p>","protected":false},"featured_media":2884,"template":"","meta":[],"product_brand":[],"product_cat":[68],"product_tag":[],"class_list":{"0":"post-3955","1":"product","2":"type-product","3":"status-publish","4":"has-post-thumbnail","6":"product_cat-volvo-excavator-swing-bearing","8":"first","9":"instock","10":"shipping-taxable","11":"product-type-simple"},"_links":{"self":[{"href":"https:\/\/swingbearing.net\/de\/wp-json\/wp\/v2\/product\/3955","targetHints":{"allow":["GET"]}}],"collection":[{"href":"https:\/\/swingbearing.net\/de\/wp-json\/wp\/v2\/product"}],"about":[{"href":"https:\/\/swingbearing.net\/de\/wp-json\/wp\/v2\/types\/product"}],"wp:featuredmedia":[{"embeddable":true,"href":"https:\/\/swingbearing.net\/de\/wp-json\/wp\/v2\/media\/2884"}],"wp:attachment":[{"href":"https:\/\/swingbearing.net\/de\/wp-json\/wp\/v2\/media?parent=3955"}],"wp:term":[{"taxonomy":"product_brand","embeddable":true,"href":"https:\/\/swingbearing.net\/de\/wp-json\/wp\/v2\/product_brand?post=3955"},{"taxonomy":"product_cat","embeddable":true,"href":"https:\/\/swingbearing.net\/de\/wp-json\/wp\/v2\/product_cat?post=3955"},{"taxonomy":"product_tag","embeddable":true,"href":"https:\/\/swingbearing.net\/de\/wp-json\/wp\/v2\/product_tag?post=3955"}],"curies":[{"name":"wp","href":"https:\/\/api.w.org\/{rel}","templated":true}]}}