{"id":3373,"date":"2024-05-27T09:07:58","date_gmt":"2024-05-27T09:07:58","guid":{"rendered":"https:\/\/swingbearing.net\/product\/hyundai-r220lc-9s-excavator-swing-bearing-81q6-01020-slew-rings\/"},"modified":"2024-05-28T05:32:47","modified_gmt":"2024-05-28T05:32:47","slug":"hyundai-r220lc-9s-excavator-swing-bearing-81q6-01020-slew-rings","status":"publish","type":"product","link":"https:\/\/swingbearing.net\/de\/produkt\/hyundai-r220lc-9s-excavator-swing-bearing-81q6-01020-slew-rings\/","title":{"rendered":"Schwenklager 81Q6-01020 f\u00fcr HYUNDAI R220LC-9S"},"content":{"rendered":"<h2 style=\"text-align: center;\">HYUNDAI Schwenklager-Parameter<\/h2>\n<div class=\"bde-rich-text-243-405 bde-rich-text breakdance-rich-text-styles\">\n<figure class=\"wp-block-table\">\n<table>\n<tbody>\n<tr>\n<td>Modell<\/td>\n<td>Teil Nummer<\/td>\n<td>\u00c4u\u00dferer Durchmesser<\/td>\n<td>Innendurchmesser<\/td>\n<td>Gesamth\u00f6he<\/td>\n<td>\u00c4u\u00dfere H\u00f6he<\/td>\n<td>Innere H\u00f6he<\/td>\n<td>Parameter des Au\u00dfenlochs<\/td>\n<td>Parameter der Innenbohrung<\/td>\n<td>Anzahl von Z\u00e4hnen<\/td>\n<\/tr>\n<tr>\n<td>R140LC-7<\/td>\n<td>81N4-01020<\/td>\n<td>1196<\/td>\n<td>963<\/td>\n<td>90<\/td>\n<td>79<\/td>\n<td>80<\/td>\n<td>36-\u03c619<\/td>\n<td>36-M16*1.5<\/td>\n<td>98<\/td>\n<\/tr>\n<tr>\n<td>R210LC-3<\/td>\n<td>81EM-00020<\/td>\n<td>1202<\/td>\n<td>945<\/td>\n<td>84<\/td>\n<td>75<\/td>\n<td>70<\/td>\n<td>36<\/td>\n<td>36<\/td>\n<td>80<\/td>\n<\/tr>\n<tr>\n<td>R170W-7<\/td>\n<td>81EM-00021<\/td>\n<td>1202<\/td>\n<td>947<\/td>\n<td>83<\/td>\n<td>75<\/td>\n<td>70<\/td>\n<td>36-\u03c622<\/td>\n<td>36-M20*1.5<\/td>\n<td>80<\/td>\n<\/tr>\n<tr>\n<td>R180W-9S<\/td>\n<td>81EM-00021GG<\/td>\n<td>1202<\/td>\n<td>947<\/td>\n<td>83<\/td>\n<td>75<\/td>\n<td>70<\/td>\n<td>36-\u03c622<\/td>\n<td>36-M20*1.5<\/td>\n<td>80<\/td>\n<\/tr>\n<tr>\n<td>R200W-7<\/td>\n<td>81EM-00021GG<\/td>\n<td>1327<\/td>\n<td>1083<\/td>\n<td>110<\/td>\n<td>89<\/td>\n<td>94<\/td>\n<td>30-\u03c622<\/td>\n<td>36-M20<\/td>\n<td>92<\/td>\n<\/tr>\n<tr>\n<td>R210-7<\/td>\n<td>81N6-00023BG<\/td>\n<td>1327<\/td>\n<td>1084<\/td>\n<td>110<\/td>\n<td>89<\/td>\n<td>94<\/td>\n<td>30-\u03c622<\/td>\n<td>36-M20<\/td>\n<td>92<\/td>\n<\/tr>\n<tr>\n<td>R210LC-7<\/td>\n<td>81N6-01020<\/td>\n<td>1326<\/td>\n<td>1084<\/td>\n<td>110<\/td>\n<td>89<\/td>\n<td>94<\/td>\n<td>30-\u03c622<\/td>\n<td>36-M20<\/td>\n<td>92<\/td>\n<\/tr>\n<tr>\n<td>R210-7<\/td>\n<td>81N6-00022<\/td>\n<td>1326<\/td>\n<td>1084<\/td>\n<td>110<\/td>\n<td>89<\/td>\n<td>94<\/td>\n<td>30-\u03c622<\/td>\n<td>36-M20<\/td>\n<td>92<\/td>\n<\/tr>\n<tr>\n<td>R210-7<\/td>\n<td>81N6-00021<\/td>\n<td>1326<\/td>\n<td>1084<\/td>\n<td>110<\/td>\n<td>89<\/td>\n<td>94<\/td>\n<td>30-\u03c622<\/td>\n<td>36-M20<\/td>\n<td>92<\/td>\n<\/tr>\n<tr>\n<td>R210LC7<\/td>\n<td>31N 812020<\/td>\n<td>1326<\/td>\n<td>1084<\/td>\n<td>110<\/td>\n<td>89<\/td>\n<td>94<\/td>\n<td>30-\u03a622<\/td>\n<td>36-M20<\/td>\n<td>92<\/td>\n<\/tr>\n<tr>\n<td>R210W-9S<\/td>\n<td>81Q5-01020<\/td>\n<td>1327<\/td>\n<td>1083<\/td>\n<td>110<\/td>\n<td>89<\/td>\n<td>94<\/td>\n<td>30-\u03c622<\/td>\n<td>36-M20<\/td>\n<td>92<\/td>\n<\/tr>\n<tr>\n<td>R210W-9S<\/td>\n<td>81Q5-01021<\/td>\n<td>1327<\/td>\n<td>1083<\/td>\n<td>110<\/td>\n<td>89<\/td>\n<td>94<\/td>\n<td>30-\u03c622<\/td>\n<td>36-M20<\/td>\n<td>92<\/td>\n<\/tr>\n<tr>\n<td>R220LC-9S<\/td>\n<td>81Q6-00020<\/td>\n<td>1326<\/td>\n<td>1084<\/td>\n<td>110<\/td>\n<td>89<\/td>\n<td>94<\/td>\n<td>30-\u03c622<\/td>\n<td>36-M20<\/td>\n<td>92<\/td>\n<\/tr>\n<tr>\n<td>R220LC-9S<\/td>\n<td>81Q6-01020<\/td>\n<td>1326<\/td>\n<td>1084<\/td>\n<td>110<\/td>\n<td>89<\/td>\n<td>94<\/td>\n<td>30-\u03c622<\/td>\n<td>36-M20<\/td>\n<td>92<\/td>\n<\/tr>\n<tr>\n<td>R220LC-9S<\/td>\n<td>81Q6-01021<\/td>\n<td>1326<\/td>\n<td>1084<\/td>\n<td>110<\/td>\n<td>89<\/td>\n<td>94<\/td>\n<td>30-\u03c622<\/td>\n<td>36-M20<\/td>\n<td>92<\/td>\n<\/tr>\n<tr>\n<td>R220LC-9S<\/td>\n<td>81Q6-00021<\/td>\n<td>1326<\/td>\n<td>1084<\/td>\n<td>110<\/td>\n<td>89<\/td>\n<td>94<\/td>\n<td>30-\u03c622<\/td>\n<td>36-M20<\/td>\n<td>92<\/td>\n<\/tr>\n<tr>\n<td>R250LC-7<\/td>\n<td>81EN-00052<\/td>\n<td>1410<\/td>\n<td>1131<\/td>\n<td>120<\/td>\n<td>88<\/td>\n<td>110<\/td>\n<td>34-\u03c623<\/td>\n<td>36-M20<\/td>\n<td>82<\/td>\n<\/tr>\n<tr>\n<td>290LC-7<\/td>\n<td>81N8-0003<\/td>\n<td>1526<\/td>\n<td>1235<\/td>\n<td>123<\/td>\n<td>97<\/td>\n<td>110<\/td>\n<td>38-\u03c626<\/td>\n<td>40-M24<\/td>\n<td>90<\/td>\n<\/tr>\n<tr>\n<td>R290<\/td>\n<td>81N8-00021<\/td>\n<td>1526<\/td>\n<td>1235<\/td>\n<td>122<\/td>\n<td>87<\/td>\n<td>110<\/td>\n<td>37-\u042426<\/td>\n<td>40-M24<\/td>\n<td>90<\/td>\n<\/tr>\n<tr>\n<td>R290<\/td>\n<td>81N8-00022<\/td>\n<td>1526<\/td>\n<td>1235<\/td>\n<td>122<\/td>\n<td>87<\/td>\n<td>110<\/td>\n<td>37-\u042426<\/td>\n<td>40-M24<\/td>\n<td>90<\/td>\n<\/tr>\n<tr>\n<td>R290LC 7A<\/td>\n<td>4921797<\/td>\n<td>1526<\/td>\n<td>1235<\/td>\n<td>123<\/td>\n<td>97<\/td>\n<td>110<\/td>\n<td>38-\u03c626<\/td>\n<td>40-M24<\/td>\n<td>90<\/td>\n<\/tr>\n<tr>\n<td>R290LC-7<\/td>\n<td>81N8-00023<\/td>\n<td>1526<\/td>\n<td>1235<\/td>\n<td>123<\/td>\n<td>97<\/td>\n<td>110<\/td>\n<td>38-\u03c626<\/td>\n<td>40-M24<\/td>\n<td>90<\/td>\n<\/tr>\n<tr>\n<td>R290LC-7A<\/td>\n<td>81N8-00024GG<\/td>\n<td>1526<\/td>\n<td>1235<\/td>\n<td>122<\/td>\n<td>97<\/td>\n<td>110<\/td>\n<td>38-\u03c626<\/td>\n<td>40-M24<\/td>\n<td>90<\/td>\n<\/tr>\n<tr>\n<td>R320-7<\/td>\n<td>81N9-01020<\/td>\n<td>1526<\/td>\n<td>1235<\/td>\n<td>122<\/td>\n<td>97<\/td>\n<td>110<\/td>\n<td>38-\u042426<\/td>\n<td>40-M24<\/td>\n<td>90<\/td>\n<\/tr>\n<tr>\n<td>R320LC-7<\/td>\n<td>81N9-01021<\/td>\n<td>1526<\/td>\n<td>1235<\/td>\n<td>122<\/td>\n<td>97<\/td>\n<td>110<\/td>\n<td>38-\u042426<\/td>\n<td>40-M24<\/td>\n<td>90<\/td>\n<\/tr>\n<tr>\n<td>R320LC-7<\/td>\n<td>81N9-01022<\/td>\n<td>1526<\/td>\n<td>1235<\/td>\n<td>122<\/td>\n<td>97<\/td>\n<td>110<\/td>\n<td>38-\u042426<\/td>\n<td>40-M24<\/td>\n<td>90<\/td>\n<\/tr>\n<tr>\n<td>R320LC-7<\/td>\n<td>81n9-01022 BG<\/td>\n<td>1526<\/td>\n<td>1235<\/td>\n<td>122<\/td>\n<td>97<\/td>\n<td>110<\/td>\n<td>38-\u042426<\/td>\n<td>40-M24<\/td>\n<td>90<\/td>\n<\/tr>\n<tr>\n<td>R320LC-7<\/td>\n<td>81N9-00021<\/td>\n<td>1526<\/td>\n<td>1235<\/td>\n<td>122<\/td>\n<td>97<\/td>\n<td>110<\/td>\n<td>38<\/td>\n<td>40<\/td>\n<td>90<\/td>\n<\/tr>\n<tr>\n<td>R360LC-7<\/td>\n<td>81NA-01020<\/td>\n<td>1550<\/td>\n<td>1250<\/td>\n<td><\/td>\n<td>108<\/td>\n<td>140<\/td>\n<td>35<\/td>\n<td>40<\/td>\n<td>106<\/td>\n<\/tr>\n<tr>\n<td>R360LC-7<\/td>\n<td>81NA-01022GG<\/td>\n<td>1550<\/td>\n<td>1250<\/td>\n<td>152<\/td>\n<td>108<\/td>\n<td>140<\/td>\n<td>35<\/td>\n<td>40<\/td>\n<td>106<\/td>\n<\/tr>\n<tr>\n<td>R360LC-7A<\/td>\n<td>81NA-01021BG<\/td>\n<td>1550<\/td>\n<td>1250<\/td>\n<td>152<\/td>\n<td>108<\/td>\n<td>140<\/td>\n<td>35<\/td>\n<td>40<\/td>\n<td>106<\/td>\n<\/tr>\n<\/tbody>\n<\/table>\n<\/figure>\n<\/div>\n<h3>Einf\u00fchrung in Baggerschwenklager<\/h3>\n<p>In der Welt der Schwermaschinen sind Bagger unverzichtbare Werkzeuge f\u00fcr eine Vielzahl von Bau- und Aushubarbeiten. Zu den entscheidenden Komponenten, die zu ihrer au\u00dfergew\u00f6hnlichen Leistung beitragen, geh\u00f6rt das Schwenklager. Dieses wichtige Bauteil spielt eine zentrale Rolle, damit sich der Oberwagen des Baggers reibungslos und effizient drehen kann.<\/p>\n<p>Das Schwenklager ist ein gro\u00dfes, rundes Lager, das sich an der Basis des oberen Baggeraufbaus befindet. Es bietet eine reibungsarme Oberfl\u00e4che, die es der oberen Struktur erm\u00f6glicht, sich frei auf der unteren Struktur zu drehen. Diese Drehung ist wichtig, damit der Bagger seine Hauptfunktionen wie Graben, Grabenaushub und Materialtransport ausf\u00fchren kann.<\/p>\n<p>Die Konstruktion des Schwenklagers ist entscheidend f\u00fcr die Gesamtleistung des Baggers. Es muss in der Lage sein, den immensen Lasten und Kr\u00e4ften standzuhalten, die w\u00e4hrend des Betriebs auftreten. Zu diesen Belastungen geh\u00f6ren das Gewicht des Oberwagens, die Grabkr\u00e4fte und die Tr\u00e4gheitskr\u00e4fte, die beim Beschleunigen und Abbremsen auftreten.<\/p>\n<p>Um diesen Anforderungen gerecht zu werden, werden Pendellager in der Regel aus hochfesten Materialien wie Schmiedestahl oder Gusseisen hergestellt. Sie sind au\u00dferdem mit mehreren Reihen von W\u00e4lzk\u00f6rpern ausgestattet, die die Last verteilen und die Reibung verringern. Die W\u00e4lzk\u00f6rper bestehen in der Regel aus geh\u00e4rtetem Stahl oder keramischen Werkstoffen, um Haltbarkeit und Langlebigkeit zu gew\u00e4hrleisten.<\/p>\n<p>Die ordnungsgem\u00e4\u00dfe Wartung von Schwenklagern ist f\u00fcr eine optimale Leistung und Langlebigkeit des Baggers unerl\u00e4sslich. Regelm\u00e4\u00dfige Schmierung ist entscheidend, um Verschlei\u00df zu verhindern und die Lebensdauer des Lagers zu verl\u00e4ngern. Au\u00dferdem sollten regelm\u00e4\u00dfige Inspektionen durchgef\u00fchrt werden, um Anzeichen von Sch\u00e4den oder \u00fcberm\u00e4\u00dfigem Verschlei\u00df zu erkennen.<\/p>\n<p>Bei der Auswahl eines Pendellagers f\u00fcr einen Bagger ist es wichtig, die spezifischen Anforderungen der Anwendung zu ber\u00fccksichtigen. Faktoren wie die Gr\u00f6\u00dfe, das Gewicht und der Verwendungszweck des Baggers sollten ber\u00fccksichtigt werden. Es ist auch ratsam, sich mit dem Baggerhersteller oder einem qualifizierten Lagerlieferanten zu beraten, um die richtige Auswahl und den Einbau des Lagers sicherzustellen.<\/p>\n<p>Zusammenfassend l\u00e4sst sich sagen, dass das Schwenklager eine kritische Komponente ist, die eine entscheidende Rolle f\u00fcr die Leistung und Effizienz von Baggern spielt. Wenn Bediener und Wartungspersonal die Konstruktion, Funktion und Wartungsanforderungen von Schwenklagern kennen, k\u00f6nnen sie sicherstellen, dass ihre Bagger \u00fcber Jahre hinweg mit Spitzenleistung arbeiten.<\/p>\n<h4><a href=\"https:\/\/swingbearing.net\/de\/swing-bearing\/\">Hyundai Schwenklager<\/a><\/h4>\n<p>Hyundai ist eine bekannte Marke in der Baumaschinenindustrie und bietet hochwertige Maschinen und Ersatzteile f\u00fcr Bagger an. Das Baggerschwenklager von Hyundai ist auf Langlebigkeit, Pr\u00e4zision und Leistung ausgelegt und damit die ideale Wahl f\u00fcr Baggerbesitzer und -betreiber.<\/p>\n<p>Das Baggerschwenklager von Hyundai ist f\u00fcr eine breite Palette von Baggermodellen erh\u00e4ltlich, darunter R55, R60, R80, R130LC-3-5, R150, R190, R200, R200-5, R210, R215-7\/9, R220, R225LC-7\/9, R245, R260, R265, R290, R290LC-7, R300LC, R305LC, R330LC, R340, R375, R360LC-7, R390, R450LC, R470, R485, R500, R55-5, R60-5, R55-7, R60-7, R70-7, R80, R110LC-7, R130-5, R130-7, R140LC-7, R150LC-7, R150LC-9, R200W-7, R200, R200-3, R200-5, R210-3, R210-5, R210-5D, R220-3, R220-5, R210-7, R210-9, R215-7, R225-7, R220-9, R225-9, R260-7, R265-7, R290-3, R300-5, R290-7, R305-7, R305-9, R320-7, R300, R350, R400, R450, R480 und R550.<\/p>","protected":false},"excerpt":{"rendered":"<p><strong><b>Teil<\/b><\/strong> #: 81Q6-01020<br \/>\n<strong><b>Machen Sie<\/b><\/strong>: HYUNDAI<br \/>\n<strong><b>Modell<\/b><\/strong>: R220LC-9S<br \/>\n<strong><b>Zustand<\/b><\/strong>: Neu<\/p>","protected":false},"featured_media":2864,"template":"","meta":[],"product_brand":[],"product_cat":[66,22],"product_tag":[],"class_list":{"0":"post-3373","1":"product","2":"type-product","3":"status-publish","4":"has-post-thumbnail","6":"product_cat-hyundai-excavator-swing-bearing","7":"product_cat-swing-bearing","9":"first","10":"instock","11":"shipping-taxable","12":"product-type-simple"},"_links":{"self":[{"href":"https:\/\/swingbearing.net\/de\/wp-json\/wp\/v2\/product\/3373","targetHints":{"allow":["GET"]}}],"collection":[{"href":"https:\/\/swingbearing.net\/de\/wp-json\/wp\/v2\/product"}],"about":[{"href":"https:\/\/swingbearing.net\/de\/wp-json\/wp\/v2\/types\/product"}],"wp:featuredmedia":[{"embeddable":true,"href":"https:\/\/swingbearing.net\/de\/wp-json\/wp\/v2\/media\/2864"}],"wp:attachment":[{"href":"https:\/\/swingbearing.net\/de\/wp-json\/wp\/v2\/media?parent=3373"}],"wp:term":[{"taxonomy":"product_brand","embeddable":true,"href":"https:\/\/swingbearing.net\/de\/wp-json\/wp\/v2\/product_brand?post=3373"},{"taxonomy":"product_cat","embeddable":true,"href":"https:\/\/swingbearing.net\/de\/wp-json\/wp\/v2\/product_cat?post=3373"},{"taxonomy":"product_tag","embeddable":true,"href":"https:\/\/swingbearing.net\/de\/wp-json\/wp\/v2\/product_tag?post=3373"}],"curies":[{"name":"wp","href":"https:\/\/api.w.org\/{rel}","templated":true}]}}