{"id":329,"date":"2023-09-18T08:26:46","date_gmt":"2023-09-18T08:26:46","guid":{"rendered":"https:\/\/swingbearing.net\/?post_type=product&#038;p=329"},"modified":"2023-11-09T07:09:30","modified_gmt":"2023-11-09T07:09:30","slug":"swing-bearing-komatsu","status":"publish","type":"product","link":"https:\/\/swingbearing.net\/de\/produkt\/swing-bearing-komatsu\/","title":{"rendered":"Gelenklager KOMATSU"},"content":{"rendered":"<figure class=\"wp-block-table is-style-stripes has-small-font-size\">\n<table class=\"has-cyan-bluish-white-background-color has-background\">\n<tbody>\n<tr>\n<td width=\"113\"><strong><a href=\"https:\/\/swingbearing.net\/de\/produkt\/swing-bearing-cat\/\" target=\"_parent\" rel=\"noopener\">CAT<\/a><\/strong><\/td>\n<td width=\"113\"><strong><a href=\"https:\/\/swingbearing.net\/de\/produkt\/swing-bearing-komatsu\/\" rel=\"noopener\">KOMATSU<\/a><\/strong><\/td>\n<td width=\"113\"><strong><a href=\"https:\/\/swingbearing.net\/de\/produkt\/gelenklager-hitachi\/\" rel=\"noopener\">HITACHI<\/a><\/strong><\/td>\n<td width=\"113\"><strong><a href=\"https:\/\/swingbearing.net\/de\/produkt\/swing-bearing-kobelco\/\" target=\"_parent\" rel=\"noopener\">KOBELCO<\/a><\/strong><\/td>\n<td width=\"113\"><strong><a href=\"https:\/\/swingbearing.net\/de\/produkt\/swing-bearing-hyundai\/\" target=\"_parent\" rel=\"noopener\">HYUNDAI<\/a><\/strong><\/td>\n<\/tr>\n<tr>\n<td width=\"113\"><strong><a href=\"https:\/\/swingbearing.net\/de\/produkt\/swing-bearing-doosan\/\" target=\"_parent\" rel=\"noopener\">DOOSAN<\/a><\/strong><\/td>\n<td width=\"113\"><strong><a href=\"https:\/\/swingbearing.net\/de\/produkt\/swing-bearing-volvo\/\" target=\"_parent\" rel=\"noopener\">VOLVO<\/a><\/strong><\/td>\n<td width=\"113\"><strong><a href=\"https:\/\/swingbearing.net\/de\/produkt\/pendellager-jcb\/\" target=\"_parent\" rel=\"noopener\">JCB<\/a><\/strong><\/td>\n<td width=\"113\"><strong><a href=\"https:\/\/swingbearing.net\/de\/produkt\/swing-bearing-case\/\" target=\"_parent\" rel=\"noopener\">CASE<\/a><\/strong><\/td>\n<td width=\"113\"><strong><a href=\"https:\/\/swingbearing.net\/de\/produkt\/swing-bearing-liebherr\/\" target=\"_parent\" rel=\"noopener\">LIEBHERR<\/a><\/strong><\/td>\n<\/tr>\n<tr>\n<td width=\"113\"><strong><a href=\"https:\/\/swingbearing.net\/de\/produkt\/gelenklager-liugong\/\" target=\"_parent\" rel=\"noopener\">LIUGONG<\/a><\/strong><\/td>\n<td width=\"113\"><strong><a href=\"https:\/\/swingbearing.net\/de\/produkt\/swing-bearings-sany\/\" target=\"_parent\" rel=\"noopener\">SANY<\/a><\/strong><\/td>\n<td width=\"113\"><strong><a href=\"https:\/\/swingbearing.net\/de\/produkt\/swing-bearing-yuchai\/\" target=\"_parent\" rel=\"noopener\">YUCHAI<\/a><\/strong><\/td>\n<td width=\"113\"><strong><a href=\"https:\/\/swingbearing.net\/de\/produkt\/swing-bearing-xcmg\/\" target=\"_parent\" rel=\"noopener\">XCMG<\/a><\/strong><\/td>\n<td width=\"113\"><strong><a href=\"https:\/\/swingbearing.net\/de\/produkt\/gelenklager-sumitomo\/\" target=\"_parent\" rel=\"noopener\">SUMITOMO<\/a><\/strong><\/td>\n<\/tr>\n<\/tbody>\n<\/table>\n<\/figure>\n<h4 style=\"text-align: center;\">Bagger KOMATSU Schwenklager<\/h4>\n<figure class=\"wp-block-table is-style-stripes has-small-font-size\">\n<table class=\"has-cyan-bluish-gray-background-color has-background\">\n<tbody>\n<tr>\n<td>Modell<\/td>\n<td>Teil Nummer<\/td>\n<td>\u00c4u\u00dferer Durchmesser<\/td>\n<td>Innendurchmesser<\/td>\n<td>Gesamth\u00f6he<\/td>\n<td>\u00c4u\u00dfere H\u00f6he<\/td>\n<td>Innere H\u00f6he<\/td>\n<td>Parameter des Au\u00dfenlochs<\/td>\n<td>Parameter der Innenbohrung<\/td>\n<td>Anzahl von Z\u00e4hnen<\/td>\n<td>Name<\/td>\n<\/tr>\n<tr>\n<td>PC75UU-2<\/td>\n<td>201-25-61100<\/td>\n<td>806<\/td>\n<td>594<\/td>\n<td>74<\/td>\n<td>59<\/td>\n<td>61<\/td>\n<td>24-\u03c618<\/td>\n<td>24-\u03c618<\/td>\n<td>76<\/td>\n<td>\u00a0Schwenklager<\/td>\n<\/tr>\n<tr>\n<td>PC100-6<\/td>\n<td>203-25-62100<\/td>\n<td>1105.5<\/td>\n<td>883.5<\/td>\n<td>75<\/td>\n<td>65<\/td>\n<td>65<\/td>\n<td>34-\u03c618<\/td>\n<td>38-M16<\/td>\n<td>90<\/td>\n<td><\/td>\n<\/tr>\n<tr>\n<td>PC110R<\/td>\n<td>206-25-11100<\/td>\n<td>1106<\/td>\n<td>884<\/td>\n<td>75<\/td>\n<td>65<\/td>\n<td>64<\/td>\n<td>34-\u03c618<\/td>\n<td>36-M16<\/td>\n<td>90<\/td>\n<td>\u00a0Drehkranz<\/td>\n<\/tr>\n<tr>\n<td>PC120-6<\/td>\n<td>203-25-62100<\/td>\n<td>1105.5<\/td>\n<td>883.5<\/td>\n<td>75<\/td>\n<td>65<\/td>\n<td>65<\/td>\n<td>34-\u03c618<\/td>\n<td>38-M16<\/td>\n<td>90<\/td>\n<td><\/td>\n<\/tr>\n<tr>\n<td>PC130-7<\/td>\n<td>SAA4D95L<\/td>\n<td>1106<\/td>\n<td>884<\/td>\n<td>75<\/td>\n<td>65<\/td>\n<td>64<\/td>\n<td>34-\u042418<\/td>\n<td>38-M16<\/td>\n<td>110<\/td>\n<td><\/td>\n<\/tr>\n<tr>\n<td>PC150LCK-6<\/td>\n<td>21P-25-K1100<\/td>\n<td>1188<\/td>\n<td>923<\/td>\n<td>83<\/td>\n<td>73<\/td>\n<td>67<\/td>\n<td>26-\u03a622<\/td>\n<td>30-\u042422<\/td>\n<td>94<\/td>\n<td>Schaukellagerung<\/td>\n<\/tr>\n<tr>\n<td>PC160-6K<\/td>\n<td>21P-25-K1100<\/td>\n<td>1188<\/td>\n<td>923<\/td>\n<td>83<\/td>\n<td>73<\/td>\n<td>67<\/td>\n<td>26-\u03a622<\/td>\n<td>30-\u042422<\/td>\n<td>94<\/td>\n<td>\u00a0Drehkranz<\/td>\n<\/tr>\n<tr>\n<td>PC160-7<\/td>\n<td>21K-25-00101<\/td>\n<td>1224<\/td>\n<td>973<\/td>\n<td>82<\/td>\n<td>67<\/td>\n<td>74<\/td>\n<td>32-\u03c624<\/td>\n<td>36-M20<\/td>\n<td>99<\/td>\n<td><\/td>\n<\/tr>\n<tr>\n<td>PC200<\/td>\n<td>205-25-00015<\/td>\n<td>1242<\/td>\n<td>916<\/td>\n<td>100<\/td>\n<td>90<\/td>\n<td>90<\/td>\n<td>22<\/td>\n<td>36<\/td>\n<td>78<\/td>\n<td><\/td>\n<\/tr>\n<tr>\n<td>PC210NlC-7K<\/td>\n<td>20Y-25-00301<\/td>\n<td>1323<\/td>\n<td>1074<\/td>\n<td>112<\/td>\n<td>78<\/td>\n<td>102<\/td>\n<td>33-\u042424<\/td>\n<td>36-M22<\/td>\n<td>92<\/td>\n<td>Drehkranz<\/td>\n<\/tr>\n<tr>\n<td>PC200-5<\/td>\n<td>20Y-25-11103<\/td>\n<td>1303<\/td>\n<td>1083.5<\/td>\n<td>109<\/td>\n<td>86<\/td>\n<td>90<\/td>\n<td>26-M24<\/td>\n<td>36-M20<\/td>\n<td>110<\/td>\n<td>\u00a0Drehkranz<\/td>\n<\/tr>\n<tr>\n<td>PC200-8<\/td>\n<td>206-25-00200<\/td>\n<td>1321<\/td>\n<td>1077<\/td>\n<td>100<\/td>\n<td>77<\/td>\n<td>90<\/td>\n<td>32-\u042424<\/td>\n<td>36-M20<\/td>\n<td>96<\/td>\n<td><\/td>\n<\/tr>\n<tr>\n<td>PC200-6<\/td>\n<td>20Y-25-20200<\/td>\n<td>1322<\/td>\n<td>1083<\/td>\n<td>100<\/td>\n<td>77<\/td>\n<td>90<\/td>\n<td>32-\u042424<\/td>\n<td>36-M20<\/td>\n<td>110<\/td>\n<td>\u00a0Drehkranz<\/td>\n<\/tr>\n<tr>\n<td>PC200-6Z<\/td>\n<td>20Y-25-22200<\/td>\n<td>1322<\/td>\n<td>1083.5<\/td>\n<td>99<\/td>\n<td>76<\/td>\n<td>90<\/td>\n<td>32-\u03c624<\/td>\n<td>36-M20<\/td>\n<td>110<\/td>\n<td><\/td>\n<\/tr>\n<tr>\n<td>PC200-6<\/td>\n<td>S6D102-1<\/td>\n<td>1323<\/td>\n<td>1083<\/td>\n<td>100<\/td>\n<td>77<\/td>\n<td>90<\/td>\n<td>32-\u042426<\/td>\n<td>32-M20<\/td>\n<td>92<\/td>\n<td>\u00a0Drehkranz<\/td>\n<\/tr>\n<tr>\n<td>PC200-7<\/td>\n<td>20Y-25-21200<\/td>\n<td>1322<\/td>\n<td>1083.5<\/td>\n<td>99<\/td>\n<td>76<\/td>\n<td>90<\/td>\n<td>32-\u03c624<\/td>\n<td>36-M20<\/td>\n<td>110<\/td>\n<td><\/td>\n<\/tr>\n<tr>\n<td>PC220-7<\/td>\n<td>120Y-25-21300<\/td>\n<td>1322<\/td>\n<td>1082<\/td>\n<td>100<\/td>\n<td>76<\/td>\n<td>90<\/td>\n<td>32-\u03c624<\/td>\n<td>36-M20<\/td>\n<td>110<\/td>\n<td>Schwenklager<\/td>\n<\/tr>\n<tr>\n<td>PC200LC-7<\/td>\n<td>20Y-25-21200<\/td>\n<td>1323<\/td>\n<td>1083<\/td>\n<td>100<\/td>\n<td>77<\/td>\n<td>90<\/td>\n<td>32-\u042426<\/td>\n<td>36-M20<\/td>\n<td>110<\/td>\n<td><\/td>\n<\/tr>\n<tr>\n<td>PC220<\/td>\n<td>205-25-00022<\/td>\n<td>1302<\/td>\n<td>1083<\/td>\n<td>104<\/td>\n<td>82<\/td>\n<td>90<\/td>\n<td>26<\/td>\n<td>36<\/td>\n<td>110<\/td>\n<td>Schwenklager<\/td>\n<\/tr>\n<tr>\n<td>PC220LC-6LE<\/td>\n<td>20Y-25-A1101<\/td>\n<td>1322<\/td>\n<td>1082<\/td>\n<td>100<\/td>\n<td>76<\/td>\n<td>90<\/td>\n<td>32-\u042426<\/td>\n<td>36-M22<\/td>\n<td>110<\/td>\n<td>Schwenklager<\/td>\n<\/tr>\n<tr>\n<td>PC220-6<\/td>\n<td>20Y-25-21200<\/td>\n<td>1323<\/td>\n<td>1083<\/td>\n<td>100<\/td>\n<td>77<\/td>\n<td>90<\/td>\n<td>32-\u042426<\/td>\n<td>36-M20<\/td>\n<td>110<\/td>\n<td>Schwenklager<\/td>\n<\/tr>\n<tr>\n<td>PC220-6<\/td>\n<td>20Y-25-21100<\/td>\n<td>1323<\/td>\n<td>1083<\/td>\n<td>100<\/td>\n<td>77<\/td>\n<td>90<\/td>\n<td>32-\u042426<\/td>\n<td>36-M20<\/td>\n<td>110<\/td>\n<td><\/td>\n<\/tr>\n<tr>\n<td>PC220-7<\/td>\n<td>206-25-00301<\/td>\n<td>1323<\/td>\n<td>1074<\/td>\n<td>112<\/td>\n<td>78<\/td>\n<td>102<\/td>\n<td>32-\u042424<\/td>\n<td>36-M22<\/td>\n<td>92<\/td>\n<td>\u00a0Drehkranz<\/td>\n<\/tr>\n<tr>\n<td>PC220-8<\/td>\n<td>206-25-00320<\/td>\n<td>1321<\/td>\n<td>1077<\/td>\n<td>100<\/td>\n<td>77<\/td>\n<td>90<\/td>\n<td>32-\u03c624<\/td>\n<td>36-M20<\/td>\n<td>96<\/td>\n<td><\/td>\n<\/tr>\n<tr>\n<td>PC220LC-8<\/td>\n<td>206-25-00301<\/td>\n<td>1323<\/td>\n<td>1072<\/td>\n<td>112<\/td>\n<td>77<\/td>\n<td>102<\/td>\n<td>32-\u042424<\/td>\n<td>36-M22<\/td>\n<td>92<\/td>\n<td>Schwenklager<\/td>\n<\/tr>\n<tr>\n<td>PC228US-3<\/td>\n<td>22U-25-00201<\/td>\n<td>1322<\/td>\n<td>1082<\/td>\n<td>100<\/td>\n<td>76<\/td>\n<td>90<\/td>\n<td>32-\u042426<\/td>\n<td>36-M20<\/td>\n<td>110<\/td>\n<td><\/td>\n<\/tr>\n<tr>\n<td>PC228<\/td>\n<td>22U-25-00210<\/td>\n<td>1322<\/td>\n<td>1082<\/td>\n<td>100<\/td>\n<td>76<\/td>\n<td>90<\/td>\n<td>32-\u042426<\/td>\n<td>36-M20<\/td>\n<td>110<\/td>\n<td>\u00a0Gro\u00dfw\u00e4lzlager<\/td>\n<\/tr>\n<tr>\n<td>PC228<\/td>\n<td>22U-25-00220<\/td>\n<td>1322<\/td>\n<td>1082<\/td>\n<td>100<\/td>\n<td>76<\/td>\n<td>90<\/td>\n<td>32-\u042426<\/td>\n<td>36-M20<\/td>\n<td>110<\/td>\n<td><\/td>\n<\/tr>\n<tr>\n<td>PC240-3<\/td>\n<td>205-25-00023<\/td>\n<td>1303<\/td>\n<td>1084<\/td>\n<td>104<\/td>\n<td>83<\/td>\n<td>90<\/td>\n<td>26<\/td>\n<td>36<\/td>\n<td>110<\/td>\n<td>Gro\u00dfw\u00e4lzlager<\/td>\n<\/tr>\n<tr>\n<td>PC240-7<\/td>\n<td>206-25-00301<\/td>\n<td>1323<\/td>\n<td>1072<\/td>\n<td>112<\/td>\n<td>77<\/td>\n<td>102<\/td>\n<td>32<\/td>\n<td>36<\/td>\n<td>92<\/td>\n<td><\/td>\n<\/tr>\n<tr>\n<td>PC300-6<\/td>\n<td>207-25-61100<\/td>\n<td>1532<\/td>\n<td>1235<\/td>\n<td>125<\/td>\n<td>95<\/td>\n<td>113<\/td>\n<td>35-\u03c626<\/td>\n<td>40-M24<\/td>\n<td>90<\/td>\n<td>Gro\u00dfw\u00e4lzlager<\/td>\n<\/tr>\n<tr>\n<td>PC300-7<\/td>\n<td>207-25-61100<\/td>\n<td>1532<\/td>\n<td>1235<\/td>\n<td>125<\/td>\n<td>95<\/td>\n<td>113<\/td>\n<td>35-\u03c626<\/td>\n<td>40-M24<\/td>\n<td>90<\/td>\n<td><\/td>\n<\/tr>\n<tr>\n<td>PC300-7<\/td>\n<td>207-25-61700<\/td>\n<td>1532<\/td>\n<td>1235<\/td>\n<td>125<\/td>\n<td>95<\/td>\n<td>113<\/td>\n<td>35-\u03c626<\/td>\n<td>40-M24<\/td>\n<td>90<\/td>\n<td>Bagger-Drehkranz<\/td>\n<\/tr>\n<tr>\n<td>PC300LC-5<\/td>\n<td>207-25-51100<\/td>\n<td>1532<\/td>\n<td>1235<\/td>\n<td>125<\/td>\n<td>95<\/td>\n<td>113<\/td>\n<td>35-M24<\/td>\n<td>40-M24<\/td>\n<td>90<\/td>\n<td><\/td>\n<\/tr>\n<tr>\n<td>PC300LC-6<\/td>\n<td>207-25-61100<\/td>\n<td>1532<\/td>\n<td>1235<\/td>\n<td>125<\/td>\n<td>95<\/td>\n<td>113<\/td>\n<td>35-\u03c626<\/td>\n<td>40-M24<\/td>\n<td>90<\/td>\n<td>Bagger-Drehkranz<\/td>\n<\/tr>\n<tr>\n<td>PC300LC-7<\/td>\n<td>207-25-61100<\/td>\n<td>1532<\/td>\n<td>1235<\/td>\n<td>125<\/td>\n<td>95<\/td>\n<td>113<\/td>\n<td>35-\u03c626<\/td>\n<td>40-M24<\/td>\n<td>90<\/td>\n<td><\/td>\n<\/tr>\n<tr>\n<td>PC300-8<\/td>\n<td>207-25-61100<\/td>\n<td>1532<\/td>\n<td>1235<\/td>\n<td>124<\/td>\n<td>95<\/td>\n<td>113<\/td>\n<td>35<\/td>\n<td>40<\/td>\n<td>90<\/td>\n<td>Gro\u00dfw\u00e4lzlager<\/td>\n<\/tr>\n<tr>\n<td>PC300-8<\/td>\n<td>207-25-00121<\/td>\n<td>1532<\/td>\n<td>1235<\/td>\n<td>124<\/td>\n<td>95<\/td>\n<td>113<\/td>\n<td>35-\u03c626<\/td>\n<td>40-M24*3<\/td>\n<td>90<\/td>\n<td><\/td>\n<\/tr>\n<tr>\n<td>PC340<\/td>\n<td>207-25-61200<\/td>\n<td>1532<\/td>\n<td>1235<\/td>\n<td>124<\/td>\n<td>95<\/td>\n<td>113<\/td>\n<td>35-\u03c626<\/td>\n<td>40-M24*3<\/td>\n<td>90<\/td>\n<td>\u00a0Drehkranz<\/td>\n<\/tr>\n<tr>\n<td>PC380LC-6K<\/td>\n<td>207-25-61200<\/td>\n<td>1532<\/td>\n<td>1235<\/td>\n<td>124<\/td>\n<td>95<\/td>\n<td>113<\/td>\n<td>35-\u03c626<\/td>\n<td>40-M24*3<\/td>\n<td>90<\/td>\n<td><\/td>\n<\/tr>\n<tr>\n<td>PC400-7<\/td>\n<td>208-25-61100<\/td>\n<td>1563<\/td>\n<td>1240<\/td>\n<td>152<\/td>\n<td>108<\/td>\n<td>140<\/td>\n<td>35-\u042429<\/td>\n<td>40-M24<\/td>\n<td>84<\/td>\n<td>\u00a0Drehkranz<\/td>\n<\/tr>\n<tr>\n<td>PC400LC-5<\/td>\n<td>208-25-52100<\/td>\n<td>1563<\/td>\n<td>1238<\/td>\n<td>152<\/td>\n<td>108<\/td>\n<td>140<\/td>\n<td>35-\u042429<\/td>\n<td>40-M24<\/td>\n<td>84<\/td>\n<td><\/td>\n<\/tr>\n<tr>\n<td>PC400LC-5<\/td>\n<td>208-25-52101<\/td>\n<td>1563<\/td>\n<td>1238<\/td>\n<td>152<\/td>\n<td>108<\/td>\n<td>140<\/td>\n<td>35-\u042429<\/td>\n<td>40-M24<\/td>\n<td><\/td>\n<td><\/td>\n<\/tr>\n<tr>\n<td>PC400LC-5<\/td>\n<td>208-25-A2100<\/td>\n<td>1563<\/td>\n<td>1238<\/td>\n<td>152<\/td>\n<td>108<\/td>\n<td>140<\/td>\n<td>35-\u042429<\/td>\n<td>40-M24<\/td>\n<td>84<\/td>\n<td><\/td>\n<\/tr>\n<tr>\n<td>PC400LC-6<\/td>\n<td>208-25-61100<\/td>\n<td>1563<\/td>\n<td>1238<\/td>\n<td>152<\/td>\n<td>108<\/td>\n<td>140<\/td>\n<td>35-\u042429<\/td>\n<td>40-M24<\/td>\n<td>84<\/td>\n<td>\u00a0Drehkranz<\/td>\n<\/tr>\n<tr>\n<td>PC400<\/td>\n<td>208-25-61100<\/td>\n<td>1563<\/td>\n<td>1240<\/td>\n<td>152<\/td>\n<td>108<\/td>\n<td>140<\/td>\n<td>35-\u03c629<\/td>\n<td>40-M24<\/td>\n<td>84<\/td>\n<td><\/td>\n<\/tr>\n<tr>\n<td>PC450-7<\/td>\n<td>208-25-61100<\/td>\n<td>1563<\/td>\n<td>1240<\/td>\n<td>152<\/td>\n<td>108<\/td>\n<td>140<\/td>\n<td>35-\u03c629<\/td>\n<td>40-M24<\/td>\n<td><\/td>\n<td>Gro\u00dfw\u00e4lzlager<\/td>\n<\/tr>\n<tr>\n<td>PC600-7<\/td>\n<td>21M-25-11100<\/td>\n<td>1794<\/td>\n<td>1380<\/td>\n<td>190<\/td>\n<td>138<\/td>\n<td>160<\/td>\n<td>35-\u042433<\/td>\n<td>44-\u042429<\/td>\n<td>100<\/td>\n<td><\/td>\n<\/tr>\n<tr>\n<td>pc600-7<\/td>\n<td>21M-25-11102<\/td>\n<td>1794<\/td>\n<td>1380<\/td>\n<td>190<\/td>\n<td>138<\/td>\n<td>160<\/td>\n<td>35-\u042433<\/td>\n<td>44-\u042429<\/td>\n<td>100<\/td>\n<td>Gro\u00dfw\u00e4lzlager<\/td>\n<\/tr>\n<tr>\n<td>PC600LC-6<\/td>\n<td>21M-25-11100<\/td>\n<td>1794<\/td>\n<td>1380<\/td>\n<td>190<\/td>\n<td>138<\/td>\n<td>160<\/td>\n<td>35-\u042433<\/td>\n<td>44-\u042429<\/td>\n<td>92<\/td>\n<td><\/td>\n<\/tr>\n<tr>\n<td>PC600LC-8<\/td>\n<td>21M-25-11101<\/td>\n<td>1794<\/td>\n<td>1380<\/td>\n<td>190<\/td>\n<td>138<\/td>\n<td>160<\/td>\n<td>35-\u042433<\/td>\n<td>44-\u042429<\/td>\n<td>100Schwenklager<\/td>\n<td>Gro\u00dfw\u00e4lzlager<\/td>\n<\/tr>\n<tr>\n<td>PC800LC-8<\/td>\n<td>209-25-00102<\/td>\n<td>1980<\/td>\n<td>1540<\/td>\n<td>205<\/td>\n<td>153<\/td>\n<td>173<\/td>\n<td>44<\/td>\n<td>48<\/td>\n<td>112<\/td>\n<td><\/td>\n<\/tr>\n<tr>\n<td>PC1250<\/td>\n<td>21N-25-00201<\/td>\n<td>2440<\/td>\n<td>1955<\/td>\n<td>238<\/td>\n<td>168<\/td>\n<td>200<\/td>\n<td>56<\/td>\n<td>60<\/td>\n<td>132<\/td>\n<td>\u00a0Drehkranz<\/td>\n<\/tr>\n<\/tbody>\n<\/table>\n<\/figure>\n<figure class=\"wp-block-table is-style-stripes has-small-font-size\">\n<h5>Baggerschwenklager: Warum die Wahl des richtigen Lagers wichtig ist<\/h5>\n<p>Bei Baggermaschinen kann die Bedeutung der Auswahl der richtigen Teile gar nicht hoch genug eingesch\u00e4tzt werden. Bagger sind auf ihre Drehverbindungen angewiesen, um die Kabine und den Ausleger der Maschine zu drehen, was sie zu einer entscheidenden Komponente f\u00fcr den reibungslosen Betrieb der Maschine macht.<br \/>\nKomatsu Baggerdrehverbindungen sind f\u00fcr ihre Qualit\u00e4t und Langlebigkeit bekannt, was sie zu einer beliebten Wahl bei Baggerbesitzern und -betreibern macht. Es gibt eine gro\u00dfe Auswahl an kompatiblen Modellen, darunter PC30, PC45, PC50, PC55, PC56, PC60-5-6-7, PC60-8, PC70-8, PC78, PC100-3, PC120-6, PC130-7, PC150, PC160, PC200-7\/8, PC220, PC228, PC270, PC240, PC300-6\/7, PC360, PC400-6\/7\/8, PC450-6, PC600-6, PC650-3, PC650, PC800, PC1000, PC1200 und PC1250, es gibt ein Komatsu Baggerdrehgestell f\u00fcr jeden Bedarf.<\/figure>\n<figure class=\"wp-block-table is-style-stripes has-small-font-size\">Das Schwenklager, auch bekannt als Drehkranzlager oder Drehtellerlager, ist daf\u00fcr verantwortlich, dass sich der Bagger um 360 Grad auf seiner Basis drehen kann. Dadurch kann der Fahrer schwierige Winkel und Positionen erreichen, was es zu einem wichtigen Teil der Maschine macht.<br \/>\nDas Komatsu Baggerteile-Schwenklager wird aus hochwertigen Materialien, einschlie\u00dflich geh\u00e4rtetem Stahl, hergestellt, um seine Langlebigkeit und Haltbarkeit zu gew\u00e4hrleisten. Es ist f\u00fcr den harten Einsatz in rauen Umgebungen und unter schweren Lasten ausgelegt. Bei ordnungsgem\u00e4\u00dfer Wartung k\u00f6nnen Komatsu Baggerdrehverbindungen jahrelang halten, was sie zu einer sinnvollen Investition f\u00fcr jeden Baggerbesitzer macht.<\/figure>\n<figure class=\"wp-block-table is-style-stripes has-small-font-size\">Neben dem Drehkranz sind auch das Komatsu-Baggerdrehkranzlager und die<a href=\"https:\/\/swingbearing.net\/de\/slewing-gear\/\"> Bagger-Drehwerk<\/a> sind ebenfalls wichtige Komponenten f\u00fcr den Betrieb des Baggers. Wenn Sie ein Schwenklager f\u00fcr Ihren Bagger ben\u00f6tigen, ist die Wahl eines Komatsu Baggerdrehgestells eine gute Wahl. Dank ihrer Qualit\u00e4t und Langlebigkeit k\u00f6nnen Sie sicher sein, dass Ihre Maschine auch unter schwierigsten Bedingungen reibungslos und effizient arbeitet.<br \/>\nModelle wie PC200-5, PC210-5K, PC220-5, PC200-6(S6D95), PC210-6(S6D95), PC220-6(S6D95), PC230-6(S6D95), PC200-6(S6D102), PC210-6(S6D102), PC220-6(S6D102), PC230-6(S6D102), PC200-7(S6D102), PC200-7, PC18, PC50-7, PC56, PC60-1, PC60-5, PC60-6, PC60-7, PC60-6, PC70-6, PC70-8, PC60-7, PC70-7, PC100-5, PC120-5, PC100-6(S4D95), PC120-6(S4D95), PC130-6(S4D95), PC130-7(S4D95), PC100-6(4D102), PC110-7(4D102), PC120-6(4D102), und PC130-6(4D102) sind nur einige Beispiele f\u00fcr Baggermodelle, die mit Komatsu<a href=\"https:\/\/national-bearing.com\/\" target=\"_blank\" rel=\"noopener\"> Bagger-Gro\u00dfw\u00e4lzlager<\/a>.<\/figure>\n<figure class=\"wp-block-table is-style-stripes has-small-font-size\">Wir k\u00f6nnen Ihnen alternative Schwingenlager f\u00fcr Ihre, CAT, HITACHI, KOMATSU, KOBELCO, HYUNDAI, VOLVO, DOOSAN, DAEWOO, JCB, CASE, SUMITOMO, KATO, ,Es gibt normale und nicht standardisierte \u00fcber 1000 Hunderte von Typen f\u00fcr Sie zur Auswahl.<\/figure>","protected":false},"excerpt":{"rendered":"<p>KOMATSU Schwenklager<br \/>\nModel:PC1250,PC1200,PC650-3<br \/>\nPC1000,PC800LC-8,PC600LC-8<\/p>","protected":false},"featured_media":61,"template":"","meta":[],"product_brand":[],"product_cat":[22],"product_tag":[],"class_list":{"0":"post-329","1":"product","2":"type-product","3":"status-publish","4":"has-post-thumbnail","6":"product_cat-swing-bearing","8":"first","9":"instock","10":"shipping-taxable","11":"product-type-simple"},"_links":{"self":[{"href":"https:\/\/swingbearing.net\/de\/wp-json\/wp\/v2\/product\/329","targetHints":{"allow":["GET"]}}],"collection":[{"href":"https:\/\/swingbearing.net\/de\/wp-json\/wp\/v2\/product"}],"about":[{"href":"https:\/\/swingbearing.net\/de\/wp-json\/wp\/v2\/types\/product"}],"wp:featuredmedia":[{"embeddable":true,"href":"https:\/\/swingbearing.net\/de\/wp-json\/wp\/v2\/media\/61"}],"wp:attachment":[{"href":"https:\/\/swingbearing.net\/de\/wp-json\/wp\/v2\/media?parent=329"}],"wp:term":[{"taxonomy":"product_brand","embeddable":true,"href":"https:\/\/swingbearing.net\/de\/wp-json\/wp\/v2\/product_brand?post=329"},{"taxonomy":"product_cat","embeddable":true,"href":"https:\/\/swingbearing.net\/de\/wp-json\/wp\/v2\/product_cat?post=329"},{"taxonomy":"product_tag","embeddable":true,"href":"https:\/\/swingbearing.net\/de\/wp-json\/wp\/v2\/product_tag?post=329"}],"curies":[{"name":"wp","href":"https:\/\/api.w.org\/{rel}","templated":true}]}}