{"id":2322,"date":"2024-04-12T06:49:19","date_gmt":"2024-04-12T06:49:19","guid":{"rendered":"https:\/\/swingbearing.net\/?post_type=product&#038;p=2322"},"modified":"2024-05-15T06:03:20","modified_gmt":"2024-05-15T06:03:20","slug":"swing-bearing-case-2","status":"publish","type":"product","link":"https:\/\/swingbearing.net\/de\/produkt\/swing-bearing-case-2\/","title":{"rendered":"CASE Schwenklager"},"content":{"rendered":"<h2 style=\"text-align: center;\">CASE Swing-Lager Parameter<\/h2>\n<figure class=\"wp-block-table is-style-stripes has-small-font-size\">\n<table class=\"has-cyan-bluish-gray-background-color has-background\">\n<tbody>\n<tr>\n<td style=\"text-align: right;\">Modell<\/td>\n<td style=\"text-align: right;\">Teil Nummer<\/td>\n<td style=\"text-align: right;\">\u00c4u\u00dferer Durchmesser<\/td>\n<td style=\"text-align: right;\">Innendurchmesser<\/td>\n<td style=\"text-align: right;\">Gesamth\u00f6he<\/td>\n<td style=\"text-align: right;\">\u00c4u\u00dfere H\u00f6he<\/td>\n<td style=\"text-align: right;\">Innere H\u00f6he<\/td>\n<td style=\"text-align: right;\">Parameter des Au\u00dfenlochs<\/td>\n<td style=\"text-align: right;\">Parameter der Innenbohrung<\/td>\n<td style=\"text-align: right;\">Anzahl von Z\u00e4hnen<\/td>\n<\/tr>\n<tr>\n<td>CX130<\/td>\n<td>KNB10130<\/td>\n<td>1172<\/td>\n<td>972<\/td>\n<td>88<\/td>\n<td>65<\/td>\n<td>78<\/td>\n<td>28<\/td>\n<td>36<\/td>\n<td>98<\/td>\n<\/tr>\n<tr>\n<td>CX130<\/td>\n<td>KNB 11840<\/td>\n<td>1172<\/td>\n<td>973<\/td>\n<td>88<\/td>\n<td>65<\/td>\n<td>78<\/td>\n<td>28<\/td>\n<td>36<\/td>\n<td>98<\/td>\n<\/tr>\n<tr>\n<td>CX210<\/td>\n<td>KRB1347<\/td>\n<td>1330<\/td>\n<td>1094<\/td>\n<td>103<\/td>\n<td>74<\/td>\n<td>92<\/td>\n<td>31<\/td>\n<td>36<\/td>\n<td>92<\/td>\n<\/tr>\n<tr>\n<td>CX210<\/td>\n<td>KRB1603<\/td>\n<td>1330<\/td>\n<td>1094<\/td>\n<td>103<\/td>\n<td>74<\/td>\n<td>92<\/td>\n<td>31<\/td>\n<td>36<\/td>\n<td>92<\/td>\n<\/tr>\n<tr>\n<td>CX210<\/td>\n<td>KRB10160<\/td>\n<td>1330<\/td>\n<td>1093<\/td>\n<td>102<\/td>\n<td>74<\/td>\n<td>92<\/td>\n<td>31-\u03c622<\/td>\n<td>36-M20<\/td>\n<td>92<\/td>\n<\/tr>\n<tr>\n<td>CX210B<\/td>\n<td>KRB10160<\/td>\n<td>1330<\/td>\n<td>1093<\/td>\n<td>102<\/td>\n<td>74<\/td>\n<td>92<\/td>\n<td>31-\u03c622<\/td>\n<td>36-M20<\/td>\n<td>92<\/td>\n<\/tr>\n<tr>\n<td>CX210<\/td>\n<td>KRB10180<\/td>\n<td>1330<\/td>\n<td>1093<\/td>\n<td>102<\/td>\n<td>74<\/td>\n<td>92<\/td>\n<td>31-\u03c622.5<\/td>\n<td>36-M20<\/td>\n<td>92<\/td>\n<\/tr>\n<tr>\n<td>CX210B<\/td>\n<td>KRB11710<\/td>\n<td>1330<\/td>\n<td>1093<\/td>\n<td>102<\/td>\n<td>74<\/td>\n<td>92<\/td>\n<td>31-\u03c622<\/td>\n<td>36-M20<\/td>\n<td>92<\/td>\n<\/tr>\n<tr>\n<td>CX210C<\/td>\n<td>KRB11710<\/td>\n<td>1330<\/td>\n<td>1093<\/td>\n<td>102<\/td>\n<td>74<\/td>\n<td>92<\/td>\n<td>31-\u03c622<\/td>\n<td>36-M20<\/td>\n<td>92<\/td>\n<\/tr>\n<tr>\n<td>CNH E215<\/td>\n<td>72203516<\/td>\n<td>1312<\/td>\n<td>1082<\/td>\n<td>110<\/td>\n<td>79<\/td>\n<td>98<\/td>\n<td>33<\/td>\n<td>36<\/td>\n<td>110<\/td>\n<\/tr>\n<tr>\n<td>CNH E215<\/td>\n<td>87472588<\/td>\n<td>1312<\/td>\n<td>1082<\/td>\n<td>110<\/td>\n<td>79<\/td>\n<td>98<\/td>\n<td>33<\/td>\n<td>36<\/td>\n<td>110<\/td>\n<\/tr>\n<tr>\n<td>CX240<\/td>\n<td>KBB0878<\/td>\n<td>1375<\/td>\n<td>1094<\/td>\n<td>124<\/td>\n<td>88<\/td>\n<td>114<\/td>\n<td>27-\u03a626<\/td>\n<td>36-M24<\/td>\n<td>92<\/td>\n<\/tr>\n<tr>\n<td>CX240<\/td>\n<td>KBB0282<\/td>\n<td>1375<\/td>\n<td>1094<\/td>\n<td>124<\/td>\n<td>80<\/td>\n<td>114<\/td>\n<td>26-\u03c626<\/td>\n<td>36-M24<\/td>\n<td>92<\/td>\n<\/tr>\n<tr>\n<td>CX240<\/td>\n<td>KBB 10080<\/td>\n<td>1376<\/td>\n<td>1093<\/td>\n<td>125<\/td>\n<td>88<\/td>\n<td>114<\/td>\n<td>27<\/td>\n<td>36<\/td>\n<td>92<\/td>\n<\/tr>\n<tr>\n<td>CX240B<\/td>\n<td>KBB11350<\/td>\n<td>1377<\/td>\n<td>1094<\/td>\n<td>124<\/td>\n<td>88<\/td>\n<td>114<\/td>\n<td>28-26<\/td>\n<td>36-M24<\/td>\n<td>92<\/td>\n<\/tr>\n<tr>\n<td>CX460<\/td>\n<td>KTB10010<\/td>\n<td>1615<\/td>\n<td>1275<\/td>\n<td>145<\/td>\n<td>125<\/td>\n<td>135<\/td>\n<td>41-\u03a626<\/td>\n<td>46-M24<\/td>\n<td>92<\/td>\n<\/tr>\n<tr>\n<td>CX290<\/td>\n<td>KBB10100<\/td>\n<td>1615<\/td>\n<td>1274<\/td>\n<td>122<\/td>\n<td>100<\/td>\n<td>110<\/td>\n<td>41<\/td>\n<td>46<\/td>\n<td>92<\/td>\n<\/tr>\n<\/tbody>\n<\/table>\n<\/figure>\n<p>Bagger sind schwere Maschinen, die zum Graben, Bewegen und Heben schwerer Lasten im Baugewerbe, im Bergbau und in anderen Branchen eingesetzt werden. Eine Schl\u00fcsselkomponente eines Baggers ist sein Drehkranzlager, auch bekannt als Schwenklager, das es der Maschine erm\u00f6glicht, sich um 360 Grad zu drehen. Wenn Sie auf der Suche nach einem hochwertigen Drehkranzlager f\u00fcr Ihren CASE-Bagger sind, werden Sie bei unserer Produktauswahl f\u00fcndig.<\/p>\n<p>Unser Angebot an Pendellagern f\u00fcr CASE-Bagger umfasst die folgenden Modelle: CX50B, CX55, CX210, CX210B, CX240A, und CX240B. Diese Lager wurden speziell f\u00fcr Ihren CASE-Bagger entwickelt und sorgen f\u00fcr eine reibungslose und zuverl\u00e4ssige Rotation, auch unter schweren Lasten.<br \/>\nUnsere Baggerschwenklager werden aus hochwertigen Materialien hergestellt, um maximale Haltbarkeit und Leistung zu gew\u00e4hrleisten. Die Komponenten des Drehtellerlagers und des Drehkranzlagers werden mit engen Toleranzen bearbeitet, um eine perfekte Passform und einen reibungslosen Betrieb zu gew\u00e4hrleisten. Dar\u00fcber hinaus sind die Lager so konstruiert, dass sie verschlei\u00dffest sind und sich daher ideal f\u00fcr schwere Anwendungen eignen.<\/p>\n<p>Neben ihrer hochwertigen Konstruktion sind unsere CASE Baggerschwenklager einfach zu installieren und zu warten. Sie sind so konzipiert, dass sie die Originalteile des Herstellers (OEM) ersetzen, ohne dass \u00c4nderungen erforderlich sind. Wir bieten auch eine Reihe von Ersatzteilen f\u00fcr unsere Lager an, damit Ihr Bagger auch in den kommenden Jahren reibungslos l\u00e4uft.<\/p>\n<p>Unsere Baggerdrehlager sind ein wesentlicher Bestandteil des Drehwerksystems Ihres Baggers. Das Drehwerk, das mit dem Schwenklager verbunden ist, erm\u00f6glicht die Drehung des Baggers. Das Baggerschwenkwerk arbeitet auch mit dem Gro\u00dfw\u00e4lzlager zusammen, um einen reibungslosen und effizienten Betrieb zu gew\u00e4hrleisten.<br \/>\nZusammenfassend l\u00e4sst sich sagen, dass unser Angebot an CASE Baggerschwenklagern eine ausgezeichnete Wahl f\u00fcr alle ist, die nach hochwertigen, zuverl\u00e4ssigen und langlebigen Teilen f\u00fcr ihren Bagger suchen. Unsere Auswahl an Gro\u00dfw\u00e4lzlagern ist speziell auf Ihren CASE Bagger abgestimmt und sorgt f\u00fcr einen reibungslosen und effizienten Betrieb, auch unter schweren Lasten. Kontaktieren Sie uns noch heute, um mehr \u00fcber unsere Produkte zu erfahren und wie wir Ihnen helfen k\u00f6nnen, dass Ihr Bagger reibungslos l\u00e4uft.<br \/>\nWir k\u00f6nnen alternative Schwingenlager f\u00fcr Ihre, CAT, HITACHI, KOMATSU, KOBELCO, HYUNDAI, VOLVO, DOOSAN, DAEWOO, JCB, CASE, SUMITOMO, XCMG bieten. Es gibt normale und nicht standardisierte \u00fcber 1000 Hunderte von Typen f\u00fcr Sie w\u00e4hlen.<\/p>","protected":false},"excerpt":{"rendered":"<p><strong>Teil<\/strong> #: Kbb0878<br \/>\n<strong>Machen Sie<\/strong>: Fall<br \/>\n<strong>Modell<\/strong>: Koffer CX240<br \/>\nZustand: Neues Schwenklager<br \/>\n<strong>Mehr<\/strong>:CX290,CX460,CX240B<br \/>\n9050B,CX210C,CX210B<\/p>","protected":false},"featured_media":2353,"template":"","meta":[],"product_brand":[],"product_cat":[22,71],"product_tag":[52],"class_list":{"0":"post-2322","1":"product","2":"type-product","3":"status-publish","4":"has-post-thumbnail","6":"product_cat-swing-bearing","7":"product_cat-case-excavator-swing-bearing","8":"product_tag-swing-bearing","10":"first","11":"instock","12":"shipping-taxable","13":"product-type-simple"},"_links":{"self":[{"href":"https:\/\/swingbearing.net\/de\/wp-json\/wp\/v2\/product\/2322","targetHints":{"allow":["GET"]}}],"collection":[{"href":"https:\/\/swingbearing.net\/de\/wp-json\/wp\/v2\/product"}],"about":[{"href":"https:\/\/swingbearing.net\/de\/wp-json\/wp\/v2\/types\/product"}],"wp:featuredmedia":[{"embeddable":true,"href":"https:\/\/swingbearing.net\/de\/wp-json\/wp\/v2\/media\/2353"}],"wp:attachment":[{"href":"https:\/\/swingbearing.net\/de\/wp-json\/wp\/v2\/media?parent=2322"}],"wp:term":[{"taxonomy":"product_brand","embeddable":true,"href":"https:\/\/swingbearing.net\/de\/wp-json\/wp\/v2\/product_brand?post=2322"},{"taxonomy":"product_cat","embeddable":true,"href":"https:\/\/swingbearing.net\/de\/wp-json\/wp\/v2\/product_cat?post=2322"},{"taxonomy":"product_tag","embeddable":true,"href":"https:\/\/swingbearing.net\/de\/wp-json\/wp\/v2\/product_tag?post=2322"}],"curies":[{"name":"wp","href":"https:\/\/api.w.org\/{rel}","templated":true}]}}