{"id":579,"date":"2023-09-27T05:49:33","date_gmt":"2023-09-27T05:49:33","guid":{"rendered":"https:\/\/swingbearing.net\/?post_type=product&#038;p=579"},"modified":"2024-05-15T06:39:37","modified_gmt":"2024-05-15T06:39:37","slug":"swing-bearing-sumitomo","status":"publish","type":"product","link":"https:\/\/swingbearing.net\/cs\/product\/swing-bearing-sumitomo\/","title":{"rendered":"Kyvn\u00e9 lo\u017eisko SUMITOMO"},"content":{"rendered":"<h2 class=\"has-text-align-center\" style=\"text-align: center;\">Parametry kyvn\u00e9ho lo\u017eiska SUMITOMO<\/h2>\n<figure class=\"wp-block-table is-style-stripes has-small-font-size\">\n<table class=\"has-cyan-bluish-gray-background-color has-background\">\n<tbody>\n<tr>\n<td>Vn\u011bj\u0161\u00ed pr\u016fm\u011br Da<\/td>\n<td>Vnit\u0159n\u00ed pr\u016fm\u011br Di<\/td>\n<td>Mont\u00e1\u017en\u00ed v\u00fd\u0161ka H<\/td>\n<td>Ozna\u010den\u00ed<\/td>\n<\/tr>\n<tr>\n<td>615<\/td>\n<td>451<\/td>\n<td>53<\/td>\n<td>SH50<\/td>\n<\/tr>\n<tr>\n<td>766<\/td>\n<td>560<\/td>\n<td>97<\/td>\n<td>SH60-1<\/td>\n<\/tr>\n<tr>\n<td>1169<\/td>\n<td>971<\/td>\n<td>75<\/td>\n<td>SH120A1<\/td>\n<\/tr>\n<tr>\n<td>1171<\/td>\n<td>973<\/td>\n<td>88<\/td>\n<td>SH120A2<\/td>\n<\/tr>\n<tr>\n<td>1171<\/td>\n<td>973<\/td>\n<td>78<\/td>\n<td>SH120A3<\/td>\n<\/tr>\n<tr>\n<td>1171<\/td>\n<td>973<\/td>\n<td>88<\/td>\n<td>SH120-1<\/td>\n<\/tr>\n<tr>\n<td>1171<\/td>\n<td>973<\/td>\n<td>88<\/td>\n<td>SH120-2<\/td>\n<\/tr>\n<tr>\n<td>1171<\/td>\n<td>973<\/td>\n<td>84<\/td>\n<td>SH265<\/td>\n<\/tr>\n<tr>\n<td>1171<\/td>\n<td>973<\/td>\n<td>84<\/td>\n<td>SH260<\/td>\n<\/tr>\n<tr>\n<td>1330<\/td>\n<td>1093<\/td>\n<td>102<\/td>\n<td>SH200A1a<\/td>\n<\/tr>\n<tr>\n<td>1330<\/td>\n<td>1093<\/td>\n<td>102<\/td>\n<td>SH200A1b<\/td>\n<\/tr>\n<tr>\n<td>1330<\/td>\n<td>1093<\/td>\n<td>102<\/td>\n<td>SH200A2<\/td>\n<\/tr>\n<tr>\n<td>1330<\/td>\n<td>1093<\/td>\n<td>102.5<\/td>\n<td>SH200A3<\/td>\n<\/tr>\n<tr>\n<td>1330<\/td>\n<td>1093<\/td>\n<td>102<\/td>\n<td>SH200C2<\/td>\n<\/tr>\n<tr>\n<td>1330<\/td>\n<td>1093<\/td>\n<td>102<\/td>\n<td>SH200C3<\/td>\n<\/tr>\n<tr>\n<td>1330<\/td>\n<td>1093<\/td>\n<td>102<\/td>\n<td>SH200Z3<\/td>\n<\/tr>\n<tr>\n<td>1375<\/td>\n<td>1095<\/td>\n<td>123<\/td>\n<td>SH220-2<\/td>\n<\/tr>\n<tr>\n<td>1330<\/td>\n<td>1084<\/td>\n<td>103<\/td>\n<td>210-5<\/td>\n<\/tr>\n<tr>\n<td>1330<\/td>\n<td>1084<\/td>\n<td>103<\/td>\n<td>210-5<\/td>\n<\/tr>\n<tr>\n<td>1375<\/td>\n<td>1094<\/td>\n<td>121<\/td>\n<td>SH220-3<\/td>\n<\/tr>\n<tr>\n<td>1329<\/td>\n<td>1093<\/td>\n<td>103<\/td>\n<td>SH225<\/td>\n<\/tr>\n<tr>\n<td>1376<\/td>\n<td>1092<\/td>\n<td>123<\/td>\n<td>SH240-3<\/td>\n<\/tr>\n<tr>\n<td>1377<\/td>\n<td>1094<\/td>\n<td>123<\/td>\n<td>SH240-5<\/td>\n<\/tr>\n<tr>\n<td>1330<\/td>\n<td>1082<\/td>\n<td>99<\/td>\n<td>SH280<\/td>\n<\/tr>\n<tr>\n<td>1510<\/td>\n<td>1193<\/td>\n<td>135<\/td>\n<td>SH350<\/td>\n<\/tr>\n<tr>\n<td>1463<\/td>\n<td>1191<\/td>\n<td>135<\/td>\n<td>SH430<\/td>\n<\/tr>\n<\/tbody>\n<\/table>\n<\/figure>\n<p>Pokud hled\u00e1te vysoce kvalitn\u00ed kyvn\u00e1 lo\u017eiska pro sv\u00e9 rypadlo, hledejte u spole\u010dnosti SUMITOMO. Jejich kyvn\u00e1 lo\u017eiska pro rypadla jsou navr\u017eena a vyrobena podle nejvy\u0161\u0161\u00edch standard\u016f a zaji\u0161\u0165uj\u00ed spolehliv\u00fd a dlouhotrvaj\u00edc\u00ed v\u00fdkon i v t\u011bch nejn\u00e1ro\u010dn\u011bj\u0161\u00edch aplikac\u00edch.<\/p>\n<p>Spole\u010dnost SUMITOMO nab\u00edz\u00ed \u0161irok\u00fd sortiment kyvn\u00fdch lo\u017eisek pro r\u016fzn\u00e1 rypadla, v\u010detn\u011b model\u016f SH55, SH60, SH75, SH50, SH100, SH120, SH125, SH135, SH140, SH145, SH200, SH200-3-5, SH220-2-3, SH240, SH225, SH260, SH265, SH280, SH300, SH340, SH350, SH400, SH430, SH450, SH40T, SH60-1, SH100A1, SH120, SH120A1, SH120A2, SH120A3, SH200A1, SH200A3, SH210A3, SH210A5, SH220-2, SH220-3, SH225, SH260, SH265, SH240-5, SH340, SH300A2 a SH350.<\/p>\n<p>Tato kyvn\u00e1 lo\u017eiska pro rypadla jsou vyr\u00e1b\u011bna z vysoce kvalitn\u00edch materi\u00e1l\u016f a p\u0159esn\u00fdmi konstruk\u010dn\u00edmi technikami, co\u017e zaji\u0161\u0165uje jejich vynikaj\u00edc\u00ed v\u00fdkon a trvanlivost. Lo\u017eisko oto\u010de je jednou z nejd\u016fle\u017eit\u011bj\u0161\u00edch sou\u010d\u00e1st\u00ed rypadla a oto\u010dn\u00e1 lo\u017eiska SUMITOMO jsou navr\u017eena tak, aby odolala n\u00e1ro\u010dn\u00fdm podm\u00ednk\u00e1m p\u0159i n\u00e1ro\u010dn\u00fdch aplikac\u00edch.<br \/>\nJednou z hlavn\u00edch v\u00fdhod kyvn\u00fdch lo\u017eisek pro r\u00fdpadla SUMITOMO je jejich vynikaj\u00edc\u00ed nosnost. Lo\u017eiska jsou konstruov\u00e1na tak, aby zvl\u00e1dala vysok\u00e9 axi\u00e1ln\u00ed a radi\u00e1ln\u00ed zat\u00ed\u017een\u00ed, a jsou tak ide\u00e1ln\u00ed pro n\u00e1ro\u010dn\u00e9 aplikace. Lo\u017eiska jsou nav\u00edc navr\u017eena pro provoz p\u0159i vysok\u00fdch rychlostech, co\u017e umo\u017e\u0148uje zrychlit dobu cyklu a zv\u00fd\u0161it produktivitu.<\/p>\n<p>Dal\u0161\u00ed kl\u00ed\u010dovou v\u00fdhodou kyvn\u00fdch lo\u017eisek bagr\u016f SUMITOMO je jejich n\u00edzk\u00e9 t\u0159en\u00ed a vysok\u00e1 p\u0159esnost. Tyto vlastnosti pom\u00e1haj\u00ed minimalizovat opot\u0159eben\u00ed lo\u017eisek, sni\u017euj\u00ed n\u00e1klady na \u00fadr\u017ebu a prodlu\u017euj\u00ed \u017eivotnost lo\u017eisek. N\u00edzk\u00e9 t\u0159en\u00ed tak\u00e9 p\u0159isp\u00edv\u00e1 ke zlep\u0161en\u00ed spot\u0159eby paliva, proto\u017ee rypadlo pot\u0159ebuje k provozu m\u00e9n\u011b energie. z\u00e1v\u011brem lze \u0159\u00edci, \u017ee pokud hled\u00e1te spolehliv\u00e9 a vysoce kvalitn\u00ed oto\u010dn\u00e9 lo\u017eisko pro rypadla, je spole\u010dnost SUMITOMO vynikaj\u00edc\u00ed volbou. Jejich v\u00fdrobky jsou navr\u017eeny tak, aby spl\u0148ovaly po\u017eadavky n\u00e1ro\u010dn\u00fdch aplikac\u00ed a nab\u00edzely vynikaj\u00edc\u00ed nosnost, n\u00edzk\u00e9 t\u0159en\u00ed a vysokou p\u0159esnost. A\u0165 u\u017e tedy pracujete ve stavebnictv\u00ed, hornictv\u00ed nebo v jak\u00e9mkoli jin\u00e9m t\u011b\u017ek\u00e9m pr\u016fmyslu, oto\u010dn\u00e1 lo\u017eiska bagr\u016f SUMITOMO v\u00e1m pomohou odv\u00e9st pr\u00e1ci efektivn\u011b a spolehliv\u011b.<\/p>\n<p>M\u016f\u017eeme v\u00e1m nab\u00eddnout alternativn\u00ed kyvn\u00e1 lo\u017eiska pro va\u0161e\u00a0 <a href=\"https:\/\/national-bearing.com\/excavator-swing-bearings-slewing-rings-cat\/\" target=\"_blank\" rel=\"noopener\">CAT<\/a>,HITACHI, KOMATSU,KOBELCO, HYUNDAI, VOLVO, DOOSAN, DAEWOO, JCB,CASE, SUMITOMO, KATO.There jsou norm\u00e1ln\u00ed a nestandardn\u00ed v\u00edce ne\u017e 1000 stovky typ\u016f pro v\u00e1s vybrat.<\/p>\n<figure class=\"wp-block-table aligncenter\"><\/figure>","protected":false},"excerpt":{"rendered":"<p>Kyvn\u00e9 lo\u017eisko SUMITOMO<br \/>\nModel: SH430, SH350,SH280<br \/>\nSH265,SH240-5, SH240-3,SH225<\/p>","protected":false},"featured_media":136,"template":"","meta":[],"product_brand":[],"product_cat":[22,58],"product_tag":[],"class_list":{"0":"post-579","1":"product","2":"type-product","3":"status-publish","4":"has-post-thumbnail","6":"product_cat-swing-bearing","7":"product_cat-cat-excavator-swing-bearing","9":"first","10":"instock","11":"shipping-taxable","12":"product-type-simple"},"_links":{"self":[{"href":"https:\/\/swingbearing.net\/cs\/wp-json\/wp\/v2\/product\/579","targetHints":{"allow":["GET"]}}],"collection":[{"href":"https:\/\/swingbearing.net\/cs\/wp-json\/wp\/v2\/product"}],"about":[{"href":"https:\/\/swingbearing.net\/cs\/wp-json\/wp\/v2\/types\/product"}],"wp:featuredmedia":[{"embeddable":true,"href":"https:\/\/swingbearing.net\/cs\/wp-json\/wp\/v2\/media\/136"}],"wp:attachment":[{"href":"https:\/\/swingbearing.net\/cs\/wp-json\/wp\/v2\/media?parent=579"}],"wp:term":[{"taxonomy":"product_brand","embeddable":true,"href":"https:\/\/swingbearing.net\/cs\/wp-json\/wp\/v2\/product_brand?post=579"},{"taxonomy":"product_cat","embeddable":true,"href":"https:\/\/swingbearing.net\/cs\/wp-json\/wp\/v2\/product_cat?post=579"},{"taxonomy":"product_tag","embeddable":true,"href":"https:\/\/swingbearing.net\/cs\/wp-json\/wp\/v2\/product_tag?post=579"}],"curies":[{"name":"wp","href":"https:\/\/api.w.org\/{rel}","templated":true}]}}