{"id":577,"date":"2023-09-27T05:44:31","date_gmt":"2023-09-27T05:44:31","guid":{"rendered":"https:\/\/swingbearing.net\/?post_type=product&#038;p=577"},"modified":"2024-05-15T06:41:28","modified_gmt":"2024-05-15T06:41:28","slug":"swing-bearing-yuchai","status":"publish","type":"product","link":"https:\/\/swingbearing.net\/cs\/product\/swing-bearing-yuchai\/","title":{"rendered":"Kyvn\u00e9 lo\u017eisko YUCHAI"},"content":{"rendered":"<h4 style=\"text-align: center;\">Parametry kyvn\u00e9ho lo\u017eiska HITACHI<\/h4>\n<figure class=\"wp-block-table is-style-stripes has-small-font-size\">\n<table class=\"has-cyan-bluish-gray-background-color has-background\">\n<tbody>\n<tr>\n<td>Vn\u011bj\u0161\u00ed pr\u016fm\u011br (Da)<\/td>\n<td>Vnit\u0159n\u00ed pr\u016fm\u011br(Di)<\/td>\n<td>Mont\u00e1\u017en\u00ed v\u00fd\u0161ka (H)<\/td>\n<td>Ozna\u010den\u00ed<\/td>\n<\/tr>\n<tr>\n<td>545<\/td>\n<td>380<\/td>\n<td>50<\/td>\n<td>YC13<\/td>\n<\/tr>\n<tr>\n<td>573<\/td>\n<td>380<\/td>\n<td>55<\/td>\n<td>YC15<\/td>\n<\/tr>\n<tr>\n<td>573<\/td>\n<td>380<\/td>\n<td>55<\/td>\n<td>YC18-3<\/td>\n<\/tr>\n<tr>\n<td>573<\/td>\n<td>380<\/td>\n<td>55<\/td>\n<td>YC20<\/td>\n<\/tr>\n<tr>\n<td>640<\/td>\n<td>473<\/td>\n<td>55<\/td>\n<td>YC35<\/td>\n<\/tr>\n<tr>\n<td>640<\/td>\n<td>471<\/td>\n<td>55<\/td>\n<td>YC35<\/td>\n<\/tr>\n<tr>\n<td>800<\/td>\n<td>590<\/td>\n<td>70<\/td>\n<td>YC55<\/td>\n<\/tr>\n<tr>\n<td>800<\/td>\n<td>590<\/td>\n<td>70<\/td>\n<td>YC60(86Z)<\/td>\n<\/tr>\n<tr>\n<td>812<\/td>\n<td>623<\/td>\n<td>75<\/td>\n<td>YC6-5T(90Z)<\/td>\n<\/tr>\n<tr>\n<td>811<\/td>\n<td>621<\/td>\n<td>75<\/td>\n<td>YC65-2<\/td>\n<\/tr>\n<tr>\n<td>922<\/td>\n<td>635<\/td>\n<td>104<\/td>\n<td>YC85<\/td>\n<\/tr>\n<tr>\n<td>922<\/td>\n<td>635<\/td>\n<td>104<\/td>\n<td>YC85-3<\/td>\n<\/tr>\n<tr>\n<td>922<\/td>\n<td>635<\/td>\n<td>104<\/td>\n<td>YC85-5<\/td>\n<\/tr>\n<tr>\n<td>922<\/td>\n<td>635<\/td>\n<td>104<\/td>\n<td>YC85-6<\/td>\n<\/tr>\n<tr>\n<td>922<\/td>\n<td>635<\/td>\n<td>104<\/td>\n<td>YC85-7<\/td>\n<\/tr>\n<tr>\n<td>1195<\/td>\n<td>963<\/td>\n<td>85<\/td>\n<td>YC135,10T<\/td>\n<\/tr>\n<tr>\n<td>1323<\/td>\n<td>1071<\/td>\n<td>104<\/td>\n<td>YC210-8<\/td>\n<\/tr>\n<tr>\n<td>1327<\/td>\n<td>1083<\/td>\n<td>110<\/td>\n<td>YC230-8<\/td>\n<\/tr>\n<tr>\n<td>1534<\/td>\n<td>1238<\/td>\n<td>125<\/td>\n<td>YC350<\/td>\n<\/tr>\n<tr>\n<td>1327<\/td>\n<td>1083<\/td>\n<td>110<\/td>\n<td>YC225<\/td>\n<\/tr>\n<tr>\n<td>1534<\/td>\n<td>1238<\/td>\n<td>125<\/td>\n<td>YC400-8<\/td>\n<\/tr>\n<\/tbody>\n<\/table>\n<\/figure>\n<p>Hled\u00e1te vysoce kvalitn\u00ed kyvn\u00e1 lo\u017eiska bagr\u016f? Nehledejte nic jin\u00e9ho ne\u017e Yuchai! D\u00edky na\u0161\u00ed pokro\u010dil\u00e9 technologii a rozs\u00e1hl\u00fdm zku\u0161enostem v oboru jsme hrd\u00ed na to, \u017ee m\u016f\u017eeme nab\u00eddnout \u0161irokou \u0161k\u00e1lu \u0161pi\u010dkov\u00fdch oto\u010dn\u00fdch lo\u017eisek pro bagry v\u0161ech velikost\u00ed a model\u016f.<br \/>\nNa\u0161e oto\u010dn\u00e1 lo\u017eiska jsou vyr\u00e1b\u011bna pouze z nejkvalitn\u011bj\u0161\u00edch materi\u00e1l\u016f a v\u00fdrobn\u00edch metod, aby byla zaji\u0161t\u011bna jejich dlouhodob\u00e1 v\u00fdkonnost a spolehlivost. A\u0165 u\u017e pot\u0159ebujete kyvn\u00e9 lo\u017eisko pro modely rypadel YC13, YC18, YC18-3, YC35, YC45, YC55, YC65, YC65-2, YC85, YC85-3, YC135, YC225LC nebo YC230, m\u00e1me pro v\u00e1s ide\u00e1ln\u00ed \u0159e\u0161en\u00ed.<\/p>\n<p>Na\u0161e kyvn\u00e1 lo\u017eiska jsou navr\u017eena tak, aby odolala nejn\u00e1ro\u010dn\u011bj\u0161\u00edm pracovn\u00edm podm\u00ednk\u00e1m a zajistila optim\u00e1ln\u00ed v\u00fdkon a dlouhou \u017eivotnost. Nab\u00edz\u00edme \u0161irokou \u0161k\u00e1lu velikost\u00ed a konfigurac\u00ed, kter\u00e9 vyhovuj\u00ed v\u0161em typ\u016fm rypadel, od mal\u00fdch a kompaktn\u00edch a\u017e po velk\u00e1 a t\u011b\u017ek\u00e1.<br \/>\nN\u00e1\u0161 sortiment oto\u010dn\u00fdch lo\u017eisek pro rypadla zahrnuje lo\u017eiska oto\u010dn\u00e9ho krou\u017eku, lo\u017eiska oto\u010dn\u00e9ho stolu a lo\u017eiska oto\u010dn\u00e9ho krou\u017eku, <a href=\"https:\/\/swingbearing.net\/cs\/gear-box-parts\/\">d\u00edly pro rypadla<\/a> kyvn\u00e1 lo\u017eiska a dal\u0161\u00ed. A\u0165 u\u017e jsou va\u0161e pot\u0159eby jak\u00e9koliv, m\u00e1me pro n\u011b ide\u00e1ln\u00ed \u0159e\u0161en\u00ed.<\/p>\n<p>Ve spole\u010dnosti Yuchai se sna\u017e\u00edme poskytovat sv\u00fdm z\u00e1kazn\u00edk\u016fm v\u00fdrobky nejvy\u0161\u0161\u00ed kvality a nejlep\u0161\u00ed mo\u017en\u00e9 slu\u017eby. N\u00e1\u0161 t\u00fdm odborn\u00edk\u016f je v\u017edy p\u0159ipraven zodpov\u011bd\u011bt v\u0161echny va\u0161e dotazy a pomoci v\u00e1m naj\u00edt dokonal\u00e9 \u0159e\u0161en\u00ed pro va\u0161e pot\u0159eby v oblasti bagr\u016f.<\/p>\n<p>Tak pro\u010d \u010dekat? Kontaktujte n\u00e1s je\u0161t\u011b dnes, abyste se dozv\u011bd\u011bli v\u00edce o na\u0161\u00ed nab\u00eddce oto\u010dn\u00fdch lo\u017eisek pro rypadla a zjistili, jak v\u00e1m m\u016f\u017eeme pomoci posunout v\u00fdkon va\u0161eho rypadla na vy\u0161\u0161\u00ed \u00farove\u0148. T\u011b\u0161\u00edme se na spolupr\u00e1ci s v\u00e1mi!<\/p>\n<p>M\u016f\u017eeme poskytnout alternativn\u00ed Swing kruh pro va\u0161e CAT, HITACHI, KOMATSU, KOBELCO, HYUNDAI, VOLVO, DOOSAN, DAEWOO, JCB, CASE, SUMITOMO, KATO.There jsou norm\u00e1ln\u00ed a nestandardn\u00ed p\u0159es 1000 stovky typ\u016f pro v\u00e1s vybrat.<\/p>\n<figure class=\"wp-block-image size-full is-resized\"><a href=\"https:\/\/swingbearing.net\/cs\/swing-bearing\/\"><img decoding=\"async\" class=\"alignnone wp-image-177\" src=\"https:\/\/national-bearing.com\/wp-content\/uploads\/2023\/04\/0001.jpg\" sizes=\"(max-width: 843px) 100vw, 843px\" srcset=\"https:\/\/national-bearing.com\/wp-content\/uploads\/2023\/04\/0001.jpg 600w, https:\/\/national-bearing.com\/wp-content\/uploads\/2023\/04\/0001-300x200.jpg 300w\" alt=\"\" width=\"462\" height=\"308\" \/><\/a><\/figure>","protected":false},"excerpt":{"rendered":"<p>Kyvn\u00e9 lo\u017eisko YUCHAI<br \/>\nModel:YC400-8,YC225,YC230-8<br \/>\nYC350,YC210-8,YC85-7,YC85-5<\/p>","protected":false},"featured_media":136,"template":"","meta":[],"product_brand":[],"product_cat":[22],"product_tag":[],"class_list":{"0":"post-577","1":"product","2":"type-product","3":"status-publish","4":"has-post-thumbnail","6":"product_cat-swing-bearing","8":"first","9":"instock","10":"shipping-taxable","11":"product-type-simple"},"_links":{"self":[{"href":"https:\/\/swingbearing.net\/cs\/wp-json\/wp\/v2\/product\/577","targetHints":{"allow":["GET"]}}],"collection":[{"href":"https:\/\/swingbearing.net\/cs\/wp-json\/wp\/v2\/product"}],"about":[{"href":"https:\/\/swingbearing.net\/cs\/wp-json\/wp\/v2\/types\/product"}],"wp:featuredmedia":[{"embeddable":true,"href":"https:\/\/swingbearing.net\/cs\/wp-json\/wp\/v2\/media\/136"}],"wp:attachment":[{"href":"https:\/\/swingbearing.net\/cs\/wp-json\/wp\/v2\/media?parent=577"}],"wp:term":[{"taxonomy":"product_brand","embeddable":true,"href":"https:\/\/swingbearing.net\/cs\/wp-json\/wp\/v2\/product_brand?post=577"},{"taxonomy":"product_cat","embeddable":true,"href":"https:\/\/swingbearing.net\/cs\/wp-json\/wp\/v2\/product_cat?post=577"},{"taxonomy":"product_tag","embeddable":true,"href":"https:\/\/swingbearing.net\/cs\/wp-json\/wp\/v2\/product_tag?post=577"}],"curies":[{"name":"wp","href":"https:\/\/api.w.org\/{rel}","templated":true}]}}