{"id":574,"date":"2023-09-27T05:19:35","date_gmt":"2023-09-27T05:19:35","guid":{"rendered":"https:\/\/swingbearing.net\/?post_type=product&#038;p=574"},"modified":"2024-06-12T02:15:53","modified_gmt":"2024-06-12T02:15:53","slug":"swing-bearings-sany","status":"publish","type":"product","link":"https:\/\/swingbearing.net\/cs\/product\/swing-bearings-sany\/","title":{"rendered":"Kyvn\u00e1 lo\u017eiska SANY"},"content":{"rendered":"<h2 style=\"text-align: center;\">Parametry kyvn\u00fdch lo\u017eisek SANY<\/h2>\n<figure class=\"wp-block-table is-style-stripes has-small-font-size\">\n<table class=\"has-cyan-bluish-gray-background-color has-background\">\n<tbody>\n<tr>\n<td>Vn\u011bj\u0161\u00ed pr\u016fm\u011br Da<\/td>\n<td>Vnit\u0159n\u00ed pr\u016fm\u011br Di<\/td>\n<td>Mont\u00e1\u017en\u00ed v\u00fd\u0161ka H<\/td>\n<td>Ozna\u010den\u00ed<\/td>\n<\/tr>\n<tr>\n<td>811<\/td>\n<td>622<\/td>\n<td>75<\/td>\n<td>SY65<\/td>\n<\/tr>\n<tr>\n<td>810<\/td>\n<td>621<\/td>\n<td>75<\/td>\n<td>SY75(90Z)<\/td>\n<\/tr>\n<tr>\n<td>811<\/td>\n<td>601.6<\/td>\n<td>75<\/td>\n<td>SY75(76Z)<\/td>\n<\/tr>\n<tr>\n<td>1122<\/td>\n<td>821<\/td>\n<td>100<\/td>\n<td>SY135<\/td>\n<\/tr>\n<tr>\n<td>1327<\/td>\n<td>1071<\/td>\n<td>99.5<\/td>\n<td>SY185<\/td>\n<\/tr>\n<tr>\n<td>1327<\/td>\n<td>1071<\/td>\n<td>99.5<\/td>\n<td>SY195<\/td>\n<\/tr>\n<tr>\n<td>1322<\/td>\n<td>1071<\/td>\n<td>100<\/td>\n<td>SY200<\/td>\n<\/tr>\n<tr>\n<td>1327<\/td>\n<td>1071<\/td>\n<td>99.5<\/td>\n<td>SY205<\/td>\n<\/tr>\n<tr>\n<td>1322<\/td>\n<td>1071<\/td>\n<td>100<\/td>\n<td>SY210<\/td>\n<\/tr>\n<tr>\n<td>1322<\/td>\n<td>1071<\/td>\n<td>100<\/td>\n<td>SY215-7<\/td>\n<\/tr>\n<tr>\n<td>1322<\/td>\n<td>1071<\/td>\n<td>100<\/td>\n<td>SY215-8<\/td>\n<\/tr>\n<tr>\n<td>1322<\/td>\n<td>1071<\/td>\n<td>100<\/td>\n<td>SY215-9<\/td>\n<\/tr>\n<tr>\n<td>1320<\/td>\n<td>1071<\/td>\n<td>100<\/td>\n<td>SY215<\/td>\n<\/tr>\n<tr>\n<td>1327<\/td>\n<td>1071<\/td>\n<td>99.5<\/td>\n<td>SY235<\/td>\n<\/tr>\n<tr>\n<td>1532<\/td>\n<td>1235<\/td>\n<td>125<\/td>\n<td>SY300<\/td>\n<\/tr>\n<tr>\n<td>1550<\/td>\n<td>1238<\/td>\n<td>152<\/td>\n<td>SY305<\/td>\n<\/tr>\n<tr>\n<td>1532<\/td>\n<td>1235<\/td>\n<td>125<\/td>\n<td>SY310<\/td>\n<\/tr>\n<tr>\n<td>1550<\/td>\n<td>1238<\/td>\n<td>152<\/td>\n<td>SY335<\/td>\n<\/tr>\n<tr>\n<td>1532<\/td>\n<td>1235<\/td>\n<td>125<\/td>\n<td>SY360<\/td>\n<\/tr>\n<tr>\n<td>1550<\/td>\n<td>1238<\/td>\n<td>152<\/td>\n<td>SY365<\/td>\n<\/tr>\n<tr>\n<td>1550<\/td>\n<td>1238.5<\/td>\n<td>152<\/td>\n<td>SY420<\/td>\n<\/tr>\n<\/tbody>\n<\/table>\n<\/figure>\n<p>Kyvn\u00e1 lo\u017eiska rypadel Sany jsou z\u00e1kladn\u00edmi sou\u010d\u00e1stmi kyvn\u00e9ho syst\u00e9mu ka\u017ed\u00e9ho rypadla. Tato lo\u017eiska umo\u017e\u0148uj\u00ed ot\u00e1\u010den\u00ed a k\u00fdv\u00e1n\u00ed rypadla, co\u017e obsluze umo\u017e\u0148uje snadn\u00e9 prov\u00e1d\u011bn\u00ed \u0161irok\u00e9 \u0161k\u00e1ly kopac\u00edch, zvedac\u00edch a nakl\u00e1dac\u00edch prac\u00ed. Spole\u010dnost Sany nab\u00edz\u00ed \u0159adu vysoce kvalitn\u00edch oto\u010dn\u00fdch lo\u017eisek ur\u010den\u00fdch speci\u00e1ln\u011b pro r\u00fdpadla, v\u010detn\u011b model\u016f vhodn\u00fdch pro modely SY55, SY60, SY65, SY70, SY75, SY85, SY95, SY115, SY135, SY155, SY195, SY200, SY205, SY215, SY220, SY225, SY235, SY245, SY285, SY305, SY335, SY365, SY375, SY395, SY415 a SY485.<\/p>\n<p>Na\u0161e kyvn\u00e1 lo\u017eiska bagr\u016f Sany jsou navr\u017eena tak, aby poskytovala optim\u00e1ln\u00ed v\u00fdkon a odolnost i v t\u011bch nejn\u00e1ro\u010dn\u011bj\u0161\u00edch pracovn\u00edch podm\u00ednk\u00e1ch. Jsou vyrobena z vysoce kvalitn\u00edch materi\u00e1l\u016f, v\u010detn\u011b kovan\u00e9 oceli a specializovan\u00e9 lo\u017eiskov\u00e9 oceli, a vyzna\u010duj\u00ed se pokro\u010dil\u00fdmi v\u00fdrobn\u00edmi procesy, kter\u00e9 zaji\u0161\u0165uj\u00ed jejich p\u0159esnost, spolehlivost a dlouhou \u017eivotnost.<\/p>\n<p>Jednou z kl\u00ed\u010dov\u00fdch v\u00fdhod na\u0161ich oto\u010dn\u00fdch krou\u017ek\u016f pro r\u00fdpadla Sany je jejich schopnost odol\u00e1vat velk\u00e9mu zat\u00ed\u017een\u00ed a extr\u00e9mn\u00edm provozn\u00edm podm\u00ednk\u00e1m. Jsou navr\u017eeny tak, aby odol\u00e1valy axi\u00e1ln\u00edmu i radi\u00e1ln\u00edmu zat\u00ed\u017een\u00ed, stejn\u011b jako vysok\u00fdm \u00farovn\u00edm r\u00e1z\u016f a vibrac\u00ed, co\u017e je p\u0159edur\u010duje k pou\u017eit\u00ed v n\u00e1ro\u010dn\u00fdch aplikac\u00edch, jako je t\u011b\u017eba, stavebnictv\u00ed a lesnictv\u00ed.<\/p>\n<p>Krom\u011b pevnosti a odolnosti jsou na\u0161e oto\u010dn\u00e1 lo\u017eiska pro r\u00fdpadla Sany navr\u017eena tak\u00e9 pro snadnou instalaci a \u00fadr\u017ebu. Jsou navr\u017eena tak, aby se snadno montovala a vym\u011b\u0148ovala a vy\u017eadovala minim\u00e1ln\u00ed \u00fadr\u017ebu, co\u017e zaji\u0161\u0165uje optim\u00e1ln\u00ed v\u00fdkon a dlouhou \u017eivotnost.Ve spole\u010dnosti Sany se zavazujeme poskytovat sv\u00fdm z\u00e1kazn\u00edk\u016fm v\u00fdrobky a slu\u017eby nejvy\u0161\u0161\u00ed kvality a na\u0161e oto\u010dn\u00e1 lo\u017eiska pro r\u00fdpadla Sany nejsou v\u00fdjimkou. A\u0165 u\u017e hled\u00e1te n\u00e1hradn\u00ed lo\u017eisko pro st\u00e1vaj\u00edc\u00ed rypadlo, nebo vybavujete nov\u00fd stroj, n\u00e1\u0161 t\u00fdm odborn\u00edk\u016f v\u00e1m pom\u016f\u017ee naj\u00edt dokonal\u00e9 \u0159e\u0161en\u00ed, kter\u00e9 bude vyhovovat va\u0161im pot\u0159eb\u00e1m.<\/p>\n<p>Z\u00e1v\u011brem lze \u0159\u00edci, \u017ee kyvn\u00e1 lo\u017eiska rypadel Sany jsou z\u00e1kladn\u00edmi sou\u010d\u00e1stmi ka\u017ed\u00e9ho rypadla a jejich spr\u00e1vn\u00e1 volba m\u016f\u017ee v\u00fdznamn\u011b ovlivnit v\u00fdkon a \u017eivotnost va\u0161eho stroje. S na\u0161\u00ed nab\u00eddkou vysoce kvalitn\u00edch lo\u017eisek ur\u010den\u00fdch speci\u00e1ln\u011b pro rypadla si m\u016f\u017eete b\u00fdt jisti, \u017ee z\u00edsk\u00e1v\u00e1te spolehliv\u00fd a odoln\u00fd v\u00fdrobek, kter\u00fd v\u00e1m zajist\u00ed optim\u00e1ln\u00ed v\u00fdkon a dlouhou \u017eivotnost i v t\u011bch nejn\u00e1ro\u010dn\u011bj\u0161\u00edch podm\u00ednk\u00e1ch.<br \/>\nM\u016f\u017eeme poskytnout alternativn\u00ed oto\u010dn\u00e9 krou\u017eky pro va\u0161e , CAT, HITACHI, KOMATSU, KOBELCO, HYUNDAI, VOLVO, DOOSAN, DAEWOO, JCB, CASE, SUMITOMO, KATO, , Existuje norm\u00e1ln\u00ed a nestandardn\u00ed v\u00edce ne\u017e 1000 stovky typ\u016f pro v\u00e1s vybrat.<\/p>\n<figure class=\"wp-block-image size-full is-resized\"><img decoding=\"async\" class=\"wp-image-177\" src=\"https:\/\/national-bearing.com\/wp-content\/uploads\/2023\/04\/0001.jpg\" sizes=\"(max-width: 843px) 100vw, 843px\" srcset=\"https:\/\/national-bearing.com\/wp-content\/uploads\/2023\/04\/0001.jpg 600w, https:\/\/national-bearing.com\/wp-content\/uploads\/2023\/04\/0001-300x200.jpg 300w\" alt=\"\" width=\"515\" height=\"343\" \/><\/figure>\n<p>&nbsp;<\/p>","protected":false},"excerpt":{"rendered":"<p>Kyvn\u00e1 lo\u017eiska SANY<br \/>\nModel:SY485,SY415,SY395<br \/>\nSY365,SY375,SY335,SY310<\/p>","protected":false},"featured_media":136,"template":"","meta":[],"product_brand":[],"product_cat":[22,74],"product_tag":[],"class_list":{"0":"post-574","1":"product","2":"type-product","3":"status-publish","4":"has-post-thumbnail","6":"product_cat-swing-bearing","7":"product_cat-sany-excavator-swing-bearing","9":"first","10":"instock","11":"shipping-taxable","12":"product-type-simple"},"_links":{"self":[{"href":"https:\/\/swingbearing.net\/cs\/wp-json\/wp\/v2\/product\/574","targetHints":{"allow":["GET"]}}],"collection":[{"href":"https:\/\/swingbearing.net\/cs\/wp-json\/wp\/v2\/product"}],"about":[{"href":"https:\/\/swingbearing.net\/cs\/wp-json\/wp\/v2\/types\/product"}],"wp:featuredmedia":[{"embeddable":true,"href":"https:\/\/swingbearing.net\/cs\/wp-json\/wp\/v2\/media\/136"}],"wp:attachment":[{"href":"https:\/\/swingbearing.net\/cs\/wp-json\/wp\/v2\/media?parent=574"}],"wp:term":[{"taxonomy":"product_brand","embeddable":true,"href":"https:\/\/swingbearing.net\/cs\/wp-json\/wp\/v2\/product_brand?post=574"},{"taxonomy":"product_cat","embeddable":true,"href":"https:\/\/swingbearing.net\/cs\/wp-json\/wp\/v2\/product_cat?post=574"},{"taxonomy":"product_tag","embeddable":true,"href":"https:\/\/swingbearing.net\/cs\/wp-json\/wp\/v2\/product_tag?post=574"}],"curies":[{"name":"wp","href":"https:\/\/api.w.org\/{rel}","templated":true}]}}