{"id":571,"date":"2023-09-27T05:00:28","date_gmt":"2023-09-27T05:00:28","guid":{"rendered":"https:\/\/swingbearing.net\/?post_type=product&#038;p=571"},"modified":"2024-06-08T09:17:52","modified_gmt":"2024-06-08T09:17:52","slug":"swing-bearing-doosan","status":"publish","type":"product","link":"https:\/\/swingbearing.net\/cs\/product\/swing-bearing-doosan\/","title":{"rendered":"Kyvn\u00e9 lo\u017eisko DOOSAN"},"content":{"rendered":"<h2 style=\"text-align: center;\">DOOSAN Swing Bearing Parameters<\/h2>\r\n<figure class=\"wp-block-table\" style=\"font-size: 12px;\">\r\n<table>\r\n<tbody>\r\n<tr>\r\n<td>Model<\/td>\r\n<td>\u010c\u00edslo d\u00edlu<\/td>\r\n<td>Vn\u011bj\u0161\u00ed pr\u016fm\u011br<\/td>\r\n<td>Vnit\u0159n\u00ed pr\u016fm\u011br<\/td>\r\n<td>Celkov\u00e1 v\u00fd\u0161ka<\/td>\r\n<td>Vn\u011bj\u0161\u00ed v\u00fd\u0161ka<\/td>\r\n<td>Vnit\u0159n\u00ed v\u00fd\u0161ka<\/td>\r\n<td>Parametry vn\u011bj\u0161\u00edho otvoru<\/td>\r\n<td>Parametry vnit\u0159n\u00edho otvoru<\/td>\r\n<td>Po\u010det zub\u016f<\/td>\r\n<\/tr>\r\n<tr>\r\n<td>S140LC-V<\/td>\r\n<td>109-00165<\/td>\r\n<td>1202<\/td>\r\n<td>945<\/td>\r\n<td>84<\/td>\r\n<td>75<\/td>\r\n<td>70<\/td>\r\n<td>36-\u042422<\/td>\r\n<td>36-M20<\/td>\r\n<td>80<\/td>\r\n<\/tr>\r\n<tr>\r\n<td>DX225<\/td>\r\n<td>109-00162<\/td>\r\n<td>1327<\/td>\r\n<td>1082<\/td>\r\n<td>110<\/td>\r\n<td>90<\/td>\r\n<td>95<\/td>\r\n<td>36<\/td>\r\n<td>36<\/td>\r\n<td>92<\/td>\r\n<\/tr>\r\n<tr>\r\n<td>DX225<\/td>\r\n<td>109-00162A<\/td>\r\n<td>1327<\/td>\r\n<td>1082<\/td>\r\n<td>110<\/td>\r\n<td>90<\/td>\r\n<td>95<\/td>\r\n<td>36-\u03c621<\/td>\r\n<td>36-M20*1.5<\/td>\r\n<td>92<\/td>\r\n<\/tr>\r\n<tr>\r\n<td>DX225LC<\/td>\r\n<td>109-00162<\/td>\r\n<td>1327<\/td>\r\n<td>1082<\/td>\r\n<td>110<\/td>\r\n<td>90<\/td>\r\n<td>95<\/td>\r\n<td>36-\u03c621<\/td>\r\n<td>36-M20*1.5<\/td>\r\n<td>92<\/td>\r\n<\/tr>\r\n<tr>\r\n<td>DX225LCA<\/td>\r\n<td>109-00162A<\/td>\r\n<td>1327<\/td>\r\n<td>1082<\/td>\r\n<td>110<\/td>\r\n<td>90<\/td>\r\n<td>95<\/td>\r\n<td>36-\u03c621<\/td>\r\n<td>36-M20*1.5<\/td>\r\n<td>92<\/td>\r\n<\/tr>\r\n<tr>\r\n<td>DX225LCA<\/td>\r\n<td>140109-00048A<\/td>\r\n<td>1327<\/td>\r\n<td>1082<\/td>\r\n<td>110<\/td>\r\n<td>90<\/td>\r\n<td>95<\/td>\r\n<td>36-\u03c621<\/td>\r\n<td>36-M20*1.5<\/td>\r\n<td>92<\/td>\r\n<\/tr>\r\n<tr>\r\n<td>S225NLC<\/td>\r\n<td>140109-00045<\/td>\r\n<td>1327<\/td>\r\n<td>1082<\/td>\r\n<td>110<\/td>\r\n<td>90<\/td>\r\n<td>95<\/td>\r\n<td>36-\u03c621<\/td>\r\n<td>36-M20*1.5<\/td>\r\n<td>92<\/td>\r\n<\/tr>\r\n<tr>\r\n<td>SL220LC-V<\/td>\r\n<td>109-00052<\/td>\r\n<td>1328<\/td>\r\n<td>1084<\/td>\r\n<td>110<\/td>\r\n<td>91<\/td>\r\n<td>95<\/td>\r\n<td>36-\u03c621<\/td>\r\n<td>36-M20*1.5<\/td>\r\n<td>92<\/td>\r\n<\/tr>\r\n<tr>\r\n<td>225NLC-V<\/td>\r\n<td>109-00052B<\/td>\r\n<td>1328<\/td>\r\n<td>1084<\/td>\r\n<td>110<\/td>\r\n<td>91<\/td>\r\n<td>95<\/td>\r\n<td>36-\u03c621<\/td>\r\n<td>36-M20*1.5<\/td>\r\n<td>92<\/td>\r\n<\/tr>\r\n<tr>\r\n<td>225NLC-V<\/td>\r\n<td>140109-00045<\/td>\r\n<td>1328<\/td>\r\n<td>1084<\/td>\r\n<td>110<\/td>\r\n<td>91<\/td>\r\n<td>95<\/td>\r\n<td>36-\u03c621<\/td>\r\n<td>36-M20*1.5<\/td>\r\n<td>92<\/td>\r\n<\/tr>\r\n<tr>\r\n<td>255LC-V<\/td>\r\n<td>109-00030B<\/td>\r\n<td>1410<\/td>\r\n<td>1131<\/td>\r\n<td>117<\/td>\r\n<td>89<\/td>\r\n<td>105<\/td>\r\n<td>35-\u03c625<\/td>\r\n<td>36-M24*2<\/td>\r\n<td>82<\/td>\r\n<\/tr>\r\n<tr>\r\n<td>255LC-V<\/td>\r\n<td>180-00297D3<\/td>\r\n<td>1410<\/td>\r\n<td>1131<\/td>\r\n<td>117<\/td>\r\n<td>89<\/td>\r\n<td>105<\/td>\r\n<td>35-\u03c625<\/td>\r\n<td>36-M24*2<\/td>\r\n<td>82<\/td>\r\n<\/tr>\r\n<tr>\r\n<td>255lc-v<\/td>\r\n<td>140109-00042<\/td>\r\n<td>1410<\/td>\r\n<td>1131<\/td>\r\n<td>117<\/td>\r\n<td>89<\/td>\r\n<td>105<\/td>\r\n<td>35-\u03c625<\/td>\r\n<td>36-M24*2<\/td>\r\n<td>82<\/td>\r\n<\/tr>\r\n<tr>\r\n<td>255lc-v<\/td>\r\n<td>140109-00043<\/td>\r\n<td>1410<\/td>\r\n<td>1131<\/td>\r\n<td>117<\/td>\r\n<td>89<\/td>\r\n<td>105<\/td>\r\n<td>35-\u03c625<\/td>\r\n<td>36-M24*2<\/td>\r\n<td>82<\/td>\r\n<\/tr>\r\n<tr>\r\n<td>Dx300LCA<\/td>\r\n<td>140109-00010A<\/td>\r\n<td>1475<\/td>\r\n<td>1165<\/td>\r\n<td>120<\/td>\r\n<td>90<\/td>\r\n<td>110<\/td>\r\n<td>35<\/td>\r\n<td>36<\/td>\r\n<td>85<\/td>\r\n<\/tr>\r\n<tr>\r\n<td>S340<\/td>\r\n<td>140109-00038<\/td>\r\n<td>1544<\/td>\r\n<td>1235<\/td>\r\n<td>122<\/td>\r\n<td>87<\/td>\r\n<td>110<\/td>\r\n<td>35-\u03c626<\/td>\r\n<td>40-M24<\/td>\r\n<td>90<\/td>\r\n<\/tr>\r\n<tr>\r\n<td>S340LC-V<\/td>\r\n<td>140109-00038<\/td>\r\n<td>1544<\/td>\r\n<td>1235<\/td>\r\n<td>122<\/td>\r\n<td>87<\/td>\r\n<td>110<\/td>\r\n<td>35-\u03c626<\/td>\r\n<td>40-M24<\/td>\r\n<td>90<\/td>\r\n<\/tr>\r\n<tr>\r\n<td>S340LC-V<\/td>\r\n<td>2109-1059a<\/td>\r\n<td>1544<\/td>\r\n<td>1235<\/td>\r\n<td>122<\/td>\r\n<td>87<\/td>\r\n<td>110<\/td>\r\n<td>35-\u03c626<\/td>\r\n<td>40-M24<\/td>\r\n<td>90<\/td>\r\n<\/tr>\r\n<tr>\r\n<td>DOOSAN 420<\/td>\r\n<td>140109-00039<\/td>\r\n<td>1549<\/td>\r\n<td>1235<\/td>\r\n<td>134<\/td>\r\n<td>103<\/td>\r\n<td>120<\/td>\r\n<td>35-\u03c626<\/td>\r\n<td>40-M24<\/td>\r\n<td>90<\/td>\r\n<\/tr>\r\n<tr>\r\n<td>S420LC-V<\/td>\r\n<td>109-00161<\/td>\r\n<td>1550<\/td>\r\n<td>1235<\/td>\r\n<td>135<\/td>\r\n<td>102<\/td>\r\n<td>120<\/td>\r\n<td>35-\u03c626<\/td>\r\n<td>40-M24<\/td>\r\n<td>90<\/td>\r\n<\/tr>\r\n<tr>\r\n<td>DX420LC<\/td>\r\n<td>140109-00007A<\/td>\r\n<td>1550<\/td>\r\n<td>1236<\/td>\r\n<td>132<\/td>\r\n<td>103<\/td>\r\n<td>120<\/td>\r\n<td>35<\/td>\r\n<td>40<\/td>\r\n<td>90<\/td>\r\n<\/tr>\r\n<tr>\r\n<td>470<\/td>\r\n<td>109-00159<\/td>\r\n<td>1682<\/td>\r\n<td>1320<\/td>\r\n<td>139<\/td>\r\n<td>118<\/td>\r\n<td>111<\/td>\r\n<td>44<\/td>\r\n<td>44<\/td>\r\n<td>111<\/td>\r\n<\/tr>\r\n<\/tbody>\r\n<\/table>\r\n<\/figure>\r\n<h2 class=\"wp-block-heading\">Porozum\u011bn\u00ed kyvn\u00fdm lo\u017eisk\u016fm bagr\u016f<\/h2>\r\nExcavators are heavy machines that are widely used in construction, mining, and other industries for earthmoving and digging tasks. These machines consist of various components, including the excavator swing bearing, which plays a vital role in the smooth operation of the excavator. The slewing bearing or the turntable bearing is an essential component that helps in the rotation of the excavator&#8217;s upper structure. If you&#8217;re looking for high-quality slewing bearings for your excavator, DOOSAN and DAEWOO excavator swing bearings are the perfect fit for you.\r\n\r\nDOOSAN excavator swing bearing and DAEWOO excavator swing bearing are reliable and durable components that can withstand heavy loads, extreme temperatures, and harsh environments. They are made of high-quality materials, ensuring their longevity and superior performance. These slewing bearings are designed to reduce friction and wear, ensuring smooth and consistent operation even under heavy loads.\r\n\r\nOne of the notable features of DOOSAN and DAEWOO excavator slewing rings is their compatibility with a wide range of excavator models, such as DH35 DH55 DH60 DH55 DH60 DH80 DH80-7 DH80GOLD DH150 DH200 DH220-3-5 DH280-5 DX60-DX200-DX225 DX260 DH290 DH360 DH420 DH500 DH55-5 DH60\/DX60 DH80\/DH80GLD DH130-5 DH150-7 DX150 DH220-3 DH215-7 DH215-9E DH220-5 DH220-7 DH215-9 DH225-7\/9 DX225-7 DH250-5 DX255-5 DH258-7 DH280 DH290 DH300-5 DH300 DH300-7 DX300-9 DH360-5\/7 DH400-5 DH370-7 DH370-9 DH420 DH450-3 DH500 DH550, and many more. These slewing bearings come in different sizes and configurations to fit the specific requirements of your excavator.\r\n<h2 class=\"wp-block-heading\">V\u00fdznam kluzn\u00fdch lo\u017eisek u r\u00fdpadel<\/h2>\r\nThe swing ring bearing or the excavator slewing ring bearing is an essential component that supports the excavator&#8217;s upper structure. It allows the excavator to rotate smoothly and continuously, enabling it to perform various digging tasks with ease. Without a reliable swing bearing, the excavator&#8217;s performance and efficiency could be severely impacted, resulting in costly downtime and repair.\r\n\r\nIf you&#8217;re looking for excavator parts swing bearing that offer superior performance and durability, DOOSAN and DAEWOO excavator slewing rings are the perfect choice for you. These slewing bearings are engineered to deliver consistent and reliable performance, even under the most demanding conditions. They are easy to install and maintain, ensuring hassle-free operation and reduced maintenance costs.\r\n<h3 class=\"wp-block-heading\">B\u011b\u017en\u00e9 probl\u00e9my s kyvn\u00fdmi lo\u017eisky<\/h3>\r\n<h3 class=\"wp-block-heading\"><!-- \/wp:post-content --><!-- wp:paragraph --><\/h3>\r\nMezi nej\u010dast\u011bj\u0161\u00ed probl\u00e9my pat\u0159\u00ed:\r\n<h3 class=\"wp-block-heading\"><!-- \/wp:paragraph --><!-- wp:list --><\/h3>\r\n<ul><!-- wp:list-item -->\r\n \t<li>Opot\u0159eben\u00ed: Zp\u016fsoben\u00e9 nep\u0159etr\u017eit\u00fdm provozem a velk\u00fdm zat\u00ed\u017een\u00edm.<\/li>\r\n<!-- \/wp:list-item --><!-- wp:list-item -->\r\n \t<li>Kontaminace: Ne\u010distoty, voda a ne\u010distoty, kter\u00e9 se dostanou do lo\u017eiska.<\/li>\r\n<!-- \/wp:list-item --><!-- wp:list-item -->\r\n \t<li>Koroze: Vlivem vlhkosti a drsn\u00fdch podm\u00ednek.<\/li>\r\n<!-- \/wp:list-item --><!-- wp:list-item -->\r\n \t<li>Nesouosost: V d\u016fsledku nespr\u00e1vn\u00e9 instalace nebo konstruk\u010dn\u00edch probl\u00e9m\u016f.<\/li>\r\n<!-- \/wp:list-item --><\/ul>\r\n<h3 class=\"wp-block-heading\"><!-- \/wp:list --><!-- wp:heading --><\/h3>\r\n<h2 class=\"wp-block-heading\">Z\u00e1v\u011br<\/h2>\r\n<h3 class=\"wp-block-heading\"><!-- \/wp:heading --><!-- wp:paragraph --><\/h3>\r\nKyvn\u00e1 lo\u017eiska rypadel maj\u00ed z\u00e1sadn\u00ed v\u00fdznam pro funk\u010dnost a \u00fa\u010dinnost rypadel. Pochopen\u00ed jejich konstrukce, typ\u016f, v\u00fdznamu, \u00fadr\u017eby a b\u011b\u017en\u00fdch probl\u00e9m\u016f je nezbytn\u00e9 pro optim\u00e1ln\u00ed v\u00fdkon. Spr\u00e1vn\u00e1 \u00fadr\u017eba a v\u010dasn\u00e9 \u0159e\u0161en\u00ed probl\u00e9m\u016f m\u016f\u017ee prodlou\u017eit \u017eivotnost a spolehlivost t\u011bchto lo\u017eisek a zv\u00fd\u0161it produktivitu.","protected":false},"excerpt":{"rendered":"<p>Kyvn\u00e9 lo\u017eisko DOOSAN<br \/>\nModel:DH550,DH500,DH450-3<br \/>\nDX420LC,Dx300LCA,,255LC-V<\/p>","protected":false},"featured_media":136,"template":"","meta":[],"product_brand":[],"product_cat":[22,69],"product_tag":[],"class_list":{"0":"post-571","1":"product","2":"type-product","3":"status-publish","4":"has-post-thumbnail","6":"product_cat-swing-bearing","7":"product_cat-doosan-excavator-swing-bearing","9":"first","10":"instock","11":"shipping-taxable","12":"product-type-simple"},"_links":{"self":[{"href":"https:\/\/swingbearing.net\/cs\/wp-json\/wp\/v2\/product\/571","targetHints":{"allow":["GET"]}}],"collection":[{"href":"https:\/\/swingbearing.net\/cs\/wp-json\/wp\/v2\/product"}],"about":[{"href":"https:\/\/swingbearing.net\/cs\/wp-json\/wp\/v2\/types\/product"}],"wp:featuredmedia":[{"embeddable":true,"href":"https:\/\/swingbearing.net\/cs\/wp-json\/wp\/v2\/media\/136"}],"wp:attachment":[{"href":"https:\/\/swingbearing.net\/cs\/wp-json\/wp\/v2\/media?parent=571"}],"wp:term":[{"taxonomy":"product_brand","embeddable":true,"href":"https:\/\/swingbearing.net\/cs\/wp-json\/wp\/v2\/product_brand?post=571"},{"taxonomy":"product_cat","embeddable":true,"href":"https:\/\/swingbearing.net\/cs\/wp-json\/wp\/v2\/product_cat?post=571"},{"taxonomy":"product_tag","embeddable":true,"href":"https:\/\/swingbearing.net\/cs\/wp-json\/wp\/v2\/product_tag?post=571"}],"curies":[{"name":"wp","href":"https:\/\/api.w.org\/{rel}","templated":true}]}}