{"id":568,"date":"2023-09-27T04:20:00","date_gmt":"2023-09-27T04:20:00","guid":{"rendered":"https:\/\/swingbearing.net\/?post_type=product&#038;p=568"},"modified":"2024-05-15T06:54:01","modified_gmt":"2024-05-15T06:54:01","slug":"swing-bearing-volvo","status":"publish","type":"product","link":"https:\/\/swingbearing.net\/cs\/product\/swing-bearing-volvo\/","title":{"rendered":"Kyvn\u00e9 lo\u017eisko VOLVO"},"content":{"rendered":"<h2 style=\"text-align: center;\">Parametry kyvn\u00e9ho lo\u017eiska VOLVO<\/h2>\n<figure class=\"wp-block-table is-style-stripes has-small-font-size\">\n<table class=\"has-cyan-bluish-gray-background-color has-background\">\n<tbody>\n<tr>\n<td>Model<\/td>\n<td>\u010c\u00edslo d\u00edlu<\/td>\n<td>Vn\u011bj\u0161\u00ed pr\u016fm\u011br<\/td>\n<td>Vnit\u0159n\u00ed pr\u016fm\u011br<\/td>\n<td>Celkov\u00e1 v\u00fd\u0161ka<\/td>\n<td>Vn\u011bj\u0161\u00ed v\u00fd\u0161ka<\/td>\n<td>Vnit\u0159n\u00ed v\u00fd\u0161ka<\/td>\n<td>Parametry vn\u011bj\u0161\u00edho otvoru<\/td>\n<td>Parametry vnit\u0159n\u00edho otvoru<\/td>\n<td>Po\u010det zub\u016f<\/td>\n<\/tr>\n<tr>\n<td>EC140B<\/td>\n<td>VOE14520561<\/td>\n<td>1196<\/td>\n<td>963<\/td>\n<td>90<\/td>\n<td>79<\/td>\n<td>80<\/td>\n<td>36-\u042419<\/td>\n<td>36-M16*1.5<\/td>\n<td>98<\/td>\n<\/tr>\n<tr>\n<td>EC210<\/td>\n<td>SA1155-00061<\/td>\n<td>1328<\/td>\n<td>1080<\/td>\n<td>110<\/td>\n<td>90<\/td>\n<td>90<\/td>\n<td>33-\u042422<\/td>\n<td>36-M20<\/td>\n<td>92<\/td>\n<\/tr>\n<tr>\n<td>EC210BLC<\/td>\n<td>14563341<\/td>\n<td>1327<\/td>\n<td>1082<\/td>\n<td>110<\/td>\n<td>90<\/td>\n<td>90<\/td>\n<td>34-\u03c622<\/td>\n<td>36-M20<\/td>\n<td>92<\/td>\n<\/tr>\n<tr>\n<td>EC210BLC<\/td>\n<td>14563342<\/td>\n<td>1327<\/td>\n<td>1082<\/td>\n<td>110<\/td>\n<td>90<\/td>\n<td>90<\/td>\n<td>34-\u03c622<\/td>\n<td>36-M20<\/td>\n<td>92<\/td>\n<\/tr>\n<tr>\n<td>EC210 2005<\/td>\n<td>EC210V13948<\/td>\n<td>1327<\/td>\n<td>1080<\/td>\n<td>110<\/td>\n<td>90<\/td>\n<td>90<\/td>\n<td>34-\u042421.5<\/td>\n<td>36-M20<\/td>\n<td>92<\/td>\n<\/tr>\n<tr>\n<td>EC210B<\/td>\n<td>14563327<\/td>\n<td>1328<\/td>\n<td>1080<\/td>\n<td>110<\/td>\n<td>90<\/td>\n<td>90<\/td>\n<td>34-\u042421.5<\/td>\n<td>36-M20<\/td>\n<td>92<\/td>\n<\/tr>\n<tr>\n<td>EC210B<\/td>\n<td>14505766<\/td>\n<td>1328<\/td>\n<td>1080<\/td>\n<td>110<\/td>\n<td>90<\/td>\n<td>90<\/td>\n<td>34-\u03c622<\/td>\n<td>36-M20<\/td>\n<td>92<\/td>\n<\/tr>\n<tr>\n<td>EC210BLC<\/td>\n<td>14577178<\/td>\n<td>1328<\/td>\n<td>1080<\/td>\n<td>110<\/td>\n<td>90<\/td>\n<td>90<\/td>\n<td>34-\u03c622<\/td>\n<td>36-M20<\/td>\n<td>92<\/td>\n<\/tr>\n<tr>\n<td>EC210BNC<\/td>\n<td>14530323<\/td>\n<td>1328<\/td>\n<td>1080<\/td>\n<td>110<\/td>\n<td>90<\/td>\n<td>90<\/td>\n<td>34-\u03c622<\/td>\n<td>36-M20<\/td>\n<td>92<\/td>\n<\/tr>\n<tr>\n<td>EC210LC<\/td>\n<td>1155-00061<\/td>\n<td>1328<\/td>\n<td>1080<\/td>\n<td>110<\/td>\n<td>90<\/td>\n<td>90<\/td>\n<td>33-\u03c622<\/td>\n<td>36-M20<\/td>\n<td>92<\/td>\n<\/tr>\n<tr>\n<td>EC210LC<\/td>\n<td>14563328<\/td>\n<td>1326<\/td>\n<td>1083<\/td>\n<td>108<\/td>\n<td>90<\/td>\n<td>90<\/td>\n<td>34<\/td>\n<td>36<\/td>\n<td>92<\/td>\n<\/tr>\n<tr>\n<td>EC240BLC<\/td>\n<td>14563334<\/td>\n<td>1462<\/td>\n<td>1162<\/td>\n<td>120<\/td>\n<td>95<\/td>\n<td>105<\/td>\n<td>33<\/td>\n<td>36<\/td>\n<td>85<\/td>\n<\/tr>\n<tr>\n<td>EC240BLC<\/td>\n<td>SA1155-00040<\/td>\n<td>1462<\/td>\n<td>1162<\/td>\n<td>120<\/td>\n<td>95<\/td>\n<td>105<\/td>\n<td>33<\/td>\n<td>36<\/td>\n<td>85<\/td>\n<\/tr>\n<tr>\n<td>EC240BNLC<\/td>\n<td>14520572<\/td>\n<td>1462<\/td>\n<td>1162<\/td>\n<td>120<\/td>\n<td>95<\/td>\n<td>105<\/td>\n<td>33<\/td>\n<td>36<\/td>\n<td>85<\/td>\n<\/tr>\n<tr>\n<td>EC290<\/td>\n<td>14570794<\/td>\n<td>1532<\/td>\n<td>1235<\/td>\n<td>123<\/td>\n<td>90<\/td>\n<td>113<\/td>\n<td>35-\u042426<\/td>\n<td>40-M24<\/td>\n<td>90<\/td>\n<\/tr>\n<tr>\n<td>EC290BLC<\/td>\n<td>14563335<\/td>\n<td>1533<\/td>\n<td>1235<\/td>\n<td>122<\/td>\n<td>90<\/td>\n<td>110<\/td>\n<td>35-\u03c626<\/td>\n<td>40-M24<\/td>\n<td>90<\/td>\n<\/tr>\n<tr>\n<td>EC290B<\/td>\n<td>14563335<\/td>\n<td>1532<\/td>\n<td>1235<\/td>\n<td>122<\/td>\n<td>90<\/td>\n<td>110<\/td>\n<td>35-\u03c626<\/td>\n<td>40-M24<\/td>\n<td>90<\/td>\n<\/tr>\n<tr>\n<td>EC290B<\/td>\n<td>14520573<\/td>\n<td>1532<\/td>\n<td>1235<\/td>\n<td>122<\/td>\n<td>90<\/td>\n<td>110<\/td>\n<td>35-\u03c626<\/td>\n<td>40-M24<\/td>\n<td>90<\/td>\n<\/tr>\n<tr>\n<td>EX300-3C<\/td>\n<td>9112188<\/td>\n<td>1531<\/td>\n<td>1248<\/td>\n<td>117<\/td>\n<td>83<\/td>\n<td>105<\/td>\n<td>32-\u03c626<\/td>\n<td>36-M24*2<\/td>\n<td>91<\/td>\n<\/tr>\n<tr>\n<td>EC360BLC<\/td>\n<td>14563350<\/td>\n<td>1550<\/td>\n<td>1239<\/td>\n<td>150<\/td>\n<td>110<\/td>\n<td>136<\/td>\n<td>35<\/td>\n<td>40<\/td>\n<td>90<\/td>\n<\/tr>\n<tr>\n<td>EC460BLC<\/td>\n<td>14507709<\/td>\n<td>1778<\/td>\n<td>1393<\/td>\n<td>120<\/td>\n<td>110<\/td>\n<td>110<\/td>\n<td>40-\u042433<\/td>\n<td>40-M30<\/td>\n<td>112<\/td>\n<\/tr>\n<tr>\n<td>EC480DL<\/td>\n<td>14559204<\/td>\n<td>1778<\/td>\n<td>1393<\/td>\n<td>120<\/td>\n<td>110<\/td>\n<td>110<\/td>\n<td>40\/33<\/td>\n<td>40\/M30<\/td>\n<td>112<\/td>\n<\/tr>\n<tr>\n<td>EC700BLC<\/td>\n<td>14559205<\/td>\n<td>1815<\/td>\n<td>1375<\/td>\n<td>205<\/td>\n<td>148<\/td>\n<td>180<\/td>\n<td>48<\/td>\n<td>60<\/td>\n<td>100<\/td>\n<\/tr>\n<\/tbody>\n<\/table>\n<\/figure>\n<p>Spole\u010dnost Volvo je v oboru stavebn\u00edch stroj\u016f dob\u0159e zn\u00e1mou zna\u010dkou, kter\u00e1 nab\u00edz\u00ed vysoce kvalitn\u00ed a spolehliv\u00e9 stroje pro r\u016fzn\u00e9 aplikace. Mezi rozs\u00e1hl\u00fdm sortimentem v\u00fdrobk\u016f Volvo jsou r\u00fdpadla Volvo obl\u00edbenou volbou mezi dodavateli a stavebn\u00edmi firmami pro sv\u016fj v\u00fdkon a odolnost. V\u00fdrobky pro oto\u010dn\u00e1 lo\u017eiska r\u00fdpadel Volvo jsou nezbytnou sou\u010d\u00e1st\u00ed t\u011bchto stroj\u016f a zaji\u0161\u0165uj\u00ed jejich hladk\u00fd a efektivn\u00ed provoz.<\/p>\n<p>Kyvn\u00e1 lo\u017eiska pro rypadla, zn\u00e1m\u00e1 tak\u00e9 jako kyvn\u00e1 lo\u017eiska, lo\u017eiska oto\u010dn\u00e9ho stolu nebo lo\u017eiska kyvn\u00fdch krou\u017ek\u016f, jsou zodpov\u011bdn\u00e1 za spojen\u00ed horn\u00ed a doln\u00ed \u010d\u00e1sti rypadla. Umo\u017e\u0148uj\u00ed ot\u00e1\u010den\u00ed horn\u00ed konstrukce rypadla na jeho spodn\u00ed konstrukci, \u010d\u00edm\u017e zaji\u0161\u0165uj\u00ed pohyb o 360 stup\u0148\u016f a flexibilitu. Tento pohyb je pro rypadla kl\u00ed\u010dov\u00fd, proto\u017ee jim umo\u017e\u0148uje pracovat ve st\u00edsn\u011bn\u00fdch prostorech, dosahovat obt\u00ed\u017en\u00fdch \u00fahl\u016f a prov\u00e1d\u011bt \u0161irokou \u0161k\u00e1lu \u00fakol\u016f.<\/p>\n<p>Kyvn\u00e1 lo\u017eiska r\u00fdpadel Volvo jsou navr\u017eena tak, aby odol\u00e1vala velk\u00e9mu zat\u00ed\u017een\u00ed a extr\u00e9mn\u00edm podm\u00ednk\u00e1m, a jsou tak vhodn\u00e1 pro r\u016fzn\u00e9 aplikace. Jsou vyrobena z vysoce kvalitn\u00edch materi\u00e1l\u016f a proch\u00e1zej\u00ed p\u0159\u00edsn\u00fdm testovac\u00edm procesem, kter\u00fd zaji\u0161\u0165uje jejich pevnost a odolnost. Kyvn\u00e1 lo\u017eiska oto\u010dn\u00fdch krou\u017ek\u016f r\u00fdpadel Volvo se vyzna\u010duj\u00ed tak\u00e9 kompaktn\u00ed konstrukc\u00ed, co\u017e sni\u017euje celkovou hmotnost stroje a zvy\u0161uje \u00fa\u010dinnost vyu\u017eit\u00ed paliva.<\/p>\n<p>Lo\u017eiska kyvn\u00fdch krou\u017ek\u016f jsou d\u016fle\u017eit\u00fdmi sou\u010d\u00e1stmi r\u00fdpadel a jejich porucha m\u016f\u017ee zp\u016fsobit zna\u010dn\u00e9 prostoje a n\u00e1kladn\u00e9 opravy. Pou\u017e\u00edv\u00e1n\u00edm kyvn\u00fdch lo\u017eisek d\u00edl\u016f r\u00fdpadel Volvo mohou dodavatel\u00e9 zajistit bezprobl\u00e9mov\u00fd chod sv\u00fdch r\u00fdpadel, sn\u00ed\u017eit riziko prostoj\u016f a minimalizovat n\u00e1klady na \u00fadr\u017ebu. Oto\u010dn\u00e1 lo\u017eiska r\u00fdpadel Volvo jsou navr\u017eena tak, aby vydr\u017eela a poskytovala dlouhodob\u00fd v\u00fdkon a spolehlivost.<\/p>\n<p>Spole\u010dnost Volvo nab\u00edz\u00ed \u0161irokou \u0161k\u00e1lu oto\u010dn\u00fdch lo\u017eisek pro r\u00fdpadla, kter\u00e1 jsou vhodn\u00e1 pro r\u016fzn\u00e9 modely a aplikace. Modely Volvo EC55, EC60, EC140BP, EW145BP, EW160BB, EC210, EC240, EC290, EC360LC, EC380, EC460, EC480, EC700, EC210B, EC360 jsou jen n\u011bkter\u00e9 z model\u016f, kter\u00e9 pou\u017e\u00edvaj\u00ed kyvn\u00e1 lo\u017eiska Volvo pro rypadla.Z\u00e1v\u011brem lze \u0159\u00edci, \u017ee kyvn\u00e1 lo\u017eiska Volvo pro rypadla jsou nezbytnou sou\u010d\u00e1st\u00ed rypadel Volvo a zaji\u0161\u0165uj\u00ed flexibilitu a man\u00e9vrovatelnost pot\u0159ebnou pro r\u016fzn\u00e9 stavebn\u00ed \u00fakoly. Jsou navr\u017eena tak, aby odol\u00e1vala velk\u00e9mu zat\u00ed\u017een\u00ed a extr\u00e9mn\u00edm podm\u00ednk\u00e1m, \u010d\u00edm\u017e zaji\u0161\u0165uj\u00ed dlouhodob\u00fd v\u00fdkon a spolehlivost stroje. Pou\u017e\u00edv\u00e1n\u00edm kyvn\u00fdch lo\u017eisek pro r\u00fdpadla Volvo mohou dodavatel\u00e9 minimalizovat prostoje, sn\u00ed\u017eit n\u00e1klady na \u00fadr\u017ebu a zv\u00fd\u0161it produktivitu.<\/p>\n<p>M\u016f\u017eeme poskytnout alternativn\u00ed Swing kruh pro va\u0161e , CAT, HITACHI, KOMATSU, KOBELCO, HYUNDAI, VOLVO, DOOSAN, DAEWOO, JCB, CASE, SUMITOMO, KATO.There jsou norm\u00e1ln\u00ed a nestandardn\u00ed p\u0159es 1000 stovky typ\u016f pro v\u00e1s vybrat.<\/p>","protected":false},"excerpt":{"rendered":"<p>Kyvn\u00e9 lo\u017eisko Volvo<br \/>\nModel:EC700BLC,EC480DL<br \/>\nEC460BLC,EC360BLC,EC290B<\/p>","protected":false},"featured_media":136,"template":"","meta":[],"product_brand":[],"product_cat":[22,68],"product_tag":[],"class_list":{"0":"post-568","1":"product","2":"type-product","3":"status-publish","4":"has-post-thumbnail","6":"product_cat-swing-bearing","7":"product_cat-volvo-excavator-swing-bearing","9":"first","10":"instock","11":"shipping-taxable","12":"product-type-simple"},"_links":{"self":[{"href":"https:\/\/swingbearing.net\/cs\/wp-json\/wp\/v2\/product\/568","targetHints":{"allow":["GET"]}}],"collection":[{"href":"https:\/\/swingbearing.net\/cs\/wp-json\/wp\/v2\/product"}],"about":[{"href":"https:\/\/swingbearing.net\/cs\/wp-json\/wp\/v2\/types\/product"}],"wp:featuredmedia":[{"embeddable":true,"href":"https:\/\/swingbearing.net\/cs\/wp-json\/wp\/v2\/media\/136"}],"wp:attachment":[{"href":"https:\/\/swingbearing.net\/cs\/wp-json\/wp\/v2\/media?parent=568"}],"wp:term":[{"taxonomy":"product_brand","embeddable":true,"href":"https:\/\/swingbearing.net\/cs\/wp-json\/wp\/v2\/product_brand?post=568"},{"taxonomy":"product_cat","embeddable":true,"href":"https:\/\/swingbearing.net\/cs\/wp-json\/wp\/v2\/product_cat?post=568"},{"taxonomy":"product_tag","embeddable":true,"href":"https:\/\/swingbearing.net\/cs\/wp-json\/wp\/v2\/product_tag?post=568"}],"curies":[{"name":"wp","href":"https:\/\/api.w.org\/{rel}","templated":true}]}}