{"id":4899,"date":"2024-08-30T06:08:06","date_gmt":"2024-08-30T06:08:06","guid":{"rendered":"https:\/\/swingbearing.net\/?post_type=product&#038;p=4899"},"modified":"2024-08-30T06:10:00","modified_gmt":"2024-08-30T06:10:00","slug":"liebherr-a924c-swing-bearing-982751901-excavator-slewing-ring","status":"publish","type":"product","link":"https:\/\/swingbearing.net\/cs\/product\/liebherr-a924c-swing-bearing-982751901-excavator-slewing-ring\/","title":{"rendered":"LIEBHERR A924C Swing Bearing 982751901 Excavator Slewing Ring"},"content":{"rendered":"<h2 style=\"text-align: center;\">Parametry kyvn\u00e9ho lo\u017eiska LIEBHERR<\/h2>\n<figure class=\"wp-block-table is-style-stripes has-small-font-size\">\n<table class=\"has-cyan-bluish-gray-background-color has-background\">\n<tbody>\n<tr>\n<td>Model<\/td>\n<td>\u010c\u00edslo d\u00edlu<\/td>\n<td>Vn\u011bj\u0161\u00ed pr\u016fm\u011br<\/td>\n<td>Vnit\u0159n\u00ed pr\u016fm\u011br<\/td>\n<td>Celkov\u00e1 v\u00fd\u0161ka<\/td>\n<td>Vn\u011bj\u0161\u00ed v\u00fd\u0161ka<\/td>\n<td>Vnit\u0159n\u00ed v\u00fd\u0161ka<\/td>\n<td>Parametry vn\u011bj\u0161\u00edho otvoru<\/td>\n<td>Parametry vnit\u0159n\u00edho otvoru<\/td>\n<td>Po\u010det zub\u016f<\/td>\n<\/tr>\n<tr>\n<td>R922<\/td>\n<td>LE982706001<\/td>\n<td>1215<\/td>\n<td>940<\/td>\n<td>115<\/td>\n<td>72<\/td>\n<td>105<\/td>\n<td>48-\u03c622<\/td>\n<td>56-M20<\/td>\n<td>94<\/td>\n<\/tr>\n<tr>\n<td>924HDSL<\/td>\n<td>LE982751901<\/td>\n<td>1215<\/td>\n<td>940<\/td>\n<td>115<\/td>\n<td>72<\/td>\n<td>105<\/td>\n<td>48-\u042422<\/td>\n<td>56-M20cloth<\/td>\n<td>94<\/td>\n<\/tr>\n<tr>\n<td>R924C<\/td>\n<td>982751901<\/td>\n<td>1215<\/td>\n<td>940<\/td>\n<td>115<\/td>\n<td>72<\/td>\n<td>105<\/td>\n<td>48-\u042422<\/td>\n<td>56-M20cloth<\/td>\n<td>94<\/td>\n<\/tr>\n<tr>\n<td>R924C<\/td>\n<td>932833001<\/td>\n<td>1215<\/td>\n<td>940<\/td>\n<td>115<\/td>\n<td>72<\/td>\n<td>105<\/td>\n<td>48-\u042422<\/td>\n<td>56-M20cloth<\/td>\n<td>94<\/td>\n<\/tr>\n<tr>\n<td>R924B<\/td>\n<td>982751901<\/td>\n<td>1215<\/td>\n<td>940<\/td>\n<td>115<\/td>\n<td>72<\/td>\n<td>105<\/td>\n<td>48-\u042422<\/td>\n<td>56-M20cloth<\/td>\n<td>94<\/td>\n<\/tr>\n<tr>\n<td>R934<\/td>\n<td>933816501<\/td>\n<td>1355<\/td>\n<td>1012<\/td>\n<td>125<\/td>\n<td><\/td>\n<td><\/td>\n<td>40<\/td>\n<td>48<\/td>\n<td>92<\/td>\n<\/tr>\n<tr>\n<td>R934HD-S<\/td>\n<td>LE939500601<\/td>\n<td>1355<\/td>\n<td>1012<\/td>\n<td>125<\/td>\n<td>92<\/td>\n<td>113<\/td>\n<td>40-26pr\u016fchoz\u00ed otvor<\/td>\n<td>48-M24<\/td>\n<td>92<\/td>\n<\/tr>\n<tr>\n<td>934<\/td>\n<td>982752401<\/td>\n<td>1355<\/td>\n<td>1012<\/td>\n<td>125<\/td>\n<td>92<\/td>\n<td>113<\/td>\n<td>40-26pr\u016fchoz\u00ed otvor<\/td>\n<td>48-M24<\/td>\n<td>92<\/td>\n<\/tr>\n<tr>\n<td>R-944C<\/td>\n<td>933628601<\/td>\n<td>1365<\/td>\n<td>1008<\/td>\n<td>150<\/td>\n<td>112<\/td>\n<td>140<\/td>\n<td>60-\u042426<\/td>\n<td>72-M24cloth<\/td>\n<td>84<\/td>\n<\/tr>\n<tr>\n<td>R944B<\/td>\n<td>933626601<\/td>\n<td>1365<\/td>\n<td>1008<\/td>\n<td>150<\/td>\n<td>112<\/td>\n<td>140<\/td>\n<td>60<\/td>\n<td>72<\/td>\n<td>84<\/td>\n<\/tr>\n<\/tbody>\n<\/table>\n<\/figure>\n<p>Rypadla Liebherr jsou zn\u00e1m\u00e1 svou spolehlivost\u00ed a odolnost\u00ed, d\u00edky \u010demu\u017e jsou obl\u00edbenou volbou pro stavebnictv\u00ed a t\u011b\u017eebn\u00ed pr\u016fmysl. Jednou z kritick\u00fdch sou\u010d\u00e1st\u00ed, kter\u00e9 p\u0159isp\u00edvaj\u00ed k v\u00fdkonu stroje, je kyvn\u00e9 lo\u017eisko rypadla. Kyvn\u00e1 lo\u017eiska r\u00fdpadel Liebherr jsou navr\u017eena tak, aby zvl\u00e1dala n\u00e1ro\u010dn\u00e9 po\u017eadavky t\u011b\u017ek\u00e9 pr\u00e1ce v n\u00e1ro\u010dn\u00e9m prost\u0159ed\u00ed.<\/p>\n<p>Slewing bearing for excavators play a crucial role in the machine&#8217;s operation as they support the upper structure&#8217;s rotation. Without a quality slewing bearing for an excavator, the upper structure cannot rotate smoothly, which affects the overall performance of the machine. Liebherr excavator slewing bearings are engineered to provide high load capacity, accuracy, and long service life, ensuring optimal machine performance.<\/p>\n<p>Kyvn\u00e1 lo\u017eiska rypadel Liebherr jsou tak\u00e9 zn\u00e1m\u00e1 jako lo\u017eiska kyvn\u00fdch krou\u017ek\u016f, lo\u017eiska oto\u010dn\u00fdch krou\u017ek\u016f rypadel nebo lo\u017eiska oto\u010dn\u00e9ho stolu. Tato lo\u017eiska jsou konstruov\u00e1na s ob\u011b\u017enou dr\u00e1hou, kter\u00e1 nese hmotnost stroje a umo\u017e\u0148uje snadn\u00e9 ot\u00e1\u010den\u00ed horn\u00ed konstrukce. Kyvn\u00e1 lo\u017eiska d\u00edl\u016f rypadel jsou vyrobena z vysoce pevn\u00fdch materi\u00e1l\u016f, co\u017e zaji\u0161\u0165uje, \u017ee vydr\u017e\u00ed velk\u00e9 zat\u00ed\u017een\u00ed, extr\u00e9mn\u00ed teploty a drsn\u00e9 podm\u00ednky.<\/p>\n<p>Spole\u010dnost Liebherr nab\u00edz\u00ed \u0159adu oto\u010dn\u00fdch lo\u017eisek pro r\u00fdpadla, kter\u00e1 jsou kompatibiln\u00ed s r\u016fzn\u00fdmi modely r\u00fdpadel. Modely, kter\u00e9 jsou v sou\u010dasn\u00e9 dob\u011b dostupn\u00e9 na trhu, jsou R914, R924, R944, R934 a R944CLC. Tyto modely jsou navr\u017eeny tak, aby poskytovaly maxim\u00e1ln\u00ed odolnost a v\u00fdkon a zajistily, \u017ee v\u00e1\u0161 stroj zvl\u00e1dne jakoukoli pr\u00e1ci.<\/p>","protected":false},"excerpt":{"rendered":"<p><strong>\u010c\u00e1st<\/strong> #: 982751901<br \/>\n<strong>Vytvo\u0159te<\/strong>: LIEBHERR<br \/>\n<strong>Model<\/strong>: A924C<br \/>\n<strong>Stav<\/strong>: Nov\u00fd<\/p>","protected":false},"featured_media":2930,"template":"","meta":[],"product_brand":[],"product_cat":[22,72],"product_tag":[52],"class_list":{"0":"post-4899","1":"product","2":"type-product","3":"status-publish","4":"has-post-thumbnail","6":"product_cat-swing-bearing","7":"product_cat-liebherr-excavator-swing-bearing","8":"product_tag-swing-bearing","10":"first","11":"instock","12":"shipping-taxable","13":"product-type-simple"},"_links":{"self":[{"href":"https:\/\/swingbearing.net\/cs\/wp-json\/wp\/v2\/product\/4899","targetHints":{"allow":["GET"]}}],"collection":[{"href":"https:\/\/swingbearing.net\/cs\/wp-json\/wp\/v2\/product"}],"about":[{"href":"https:\/\/swingbearing.net\/cs\/wp-json\/wp\/v2\/types\/product"}],"wp:featuredmedia":[{"embeddable":true,"href":"https:\/\/swingbearing.net\/cs\/wp-json\/wp\/v2\/media\/2930"}],"wp:attachment":[{"href":"https:\/\/swingbearing.net\/cs\/wp-json\/wp\/v2\/media?parent=4899"}],"wp:term":[{"taxonomy":"product_brand","embeddable":true,"href":"https:\/\/swingbearing.net\/cs\/wp-json\/wp\/v2\/product_brand?post=4899"},{"taxonomy":"product_cat","embeddable":true,"href":"https:\/\/swingbearing.net\/cs\/wp-json\/wp\/v2\/product_cat?post=4899"},{"taxonomy":"product_tag","embeddable":true,"href":"https:\/\/swingbearing.net\/cs\/wp-json\/wp\/v2\/product_tag?post=4899"}],"curies":[{"name":"wp","href":"https:\/\/api.w.org\/{rel}","templated":true}]}}