{"id":4354,"date":"2024-06-27T03:48:06","date_gmt":"2024-06-27T03:48:06","guid":{"rendered":"https:\/\/swingbearing.net\/?post_type=product&#038;p=4354"},"modified":"2024-06-27T04:09:24","modified_gmt":"2024-06-27T04:09:24","slug":"hydraulic-pump-708-25-01011-708-25-50101-708-25-04081-for-pc650-3-pc650-5-pc710-5","status":"publish","type":"product","link":"https:\/\/swingbearing.net\/cs\/product\/hydraulic-pump-708-25-01011-708-25-50101-708-25-04081-for-pc650-3-pc650-5-pc710-5\/","title":{"rendered":"Hydraulick\u00e9 \u010derpadlo 708-25-01011 708-25-50101 708-25-04081 pro PC650-3 PC650-5 PC710-5"},"content":{"rendered":"<h3 class=\"wp-block-heading\"><strong>Popis produktu<\/strong><\/h3>\r\n\r\n\r\n<hr class=\"wp-block-separator has-alpha-channel-opacity\" \/>\r\n\r\n\r\n<h2 class=\"wp-block-heading\">708-25-01011 708-25-50101 708-25-04081 Hlavn\u00ed hydraulick\u00e9 \u010derpadlo vhodn\u00e9 pro Komatsu PC650-3 PC650-5 PC710-5<\/h2>\r\n<p><img decoding=\"async\" class=\"alignnone wp-image-4306 size-full\" src=\"https:\/\/swingbearing.net\/wp-content\/uploads\/2024\/06\/pc400-3-02.jpg\" alt=\"Hlavn\u00ed hydraulick\u00e1 \u010derpadla\" width=\"806\" height=\"903\" srcset=\"https:\/\/swingbearing.net\/wp-content\/uploads\/2024\/06\/pc400-3-02.jpg 806w, https:\/\/swingbearing.net\/wp-content\/uploads\/2024\/06\/pc400-3-02-268x300.jpg 268w, https:\/\/swingbearing.net\/wp-content\/uploads\/2024\/06\/pc400-3-02-768x860.jpg 768w, https:\/\/swingbearing.net\/wp-content\/uploads\/2024\/06\/pc400-3-02-11x12.jpg 11w, https:\/\/swingbearing.net\/wp-content\/uploads\/2024\/06\/pc400-3-02-600x672.jpg 600w\" sizes=\"(max-width: 806px) 100vw, 806px\" \/><\/p>\r\n<table border=\"1\" cellspacing=\"0\" cellpadding=\"0\">\r\n<tbody>\r\n<tr>\r\n<td>N\u00e1zev produktu\u00a0 \u00a0 \u00a0 \u00a0 \u00a0 \u00a0 \u00a0 \u00a0<\/td>\r\n<td>Hydraulick\u00e9 \u010derpadlo pro rypadla<\/td>\r\n<\/tr>\r\n<tr>\r\n<td>Kvalita\u00a0 \u00a0 \u00a0<\/td>\r\n<td>Vysoce kvalitn\u00ed 100% New<\/td>\r\n<\/tr>\r\n<tr>\r\n<td>Model stroje\u00a0 \u00a0\u00a0<\/td>\r\n<td>PC650-3 PC650-5 PC710-5<\/td>\r\n<\/tr>\r\n<tr>\r\n<td>Velikost balen\u00ed<\/td>\r\n<td>84*38*49<\/td>\r\n<\/tr>\r\n<tr>\r\n<td>Bal\u00ed\u010dek<\/td>\r\n<td>Standardn\u00ed exportn\u00ed d\u0159ev\u011bn\u00e9 pouzdro\u00a0 \u00a0 \u00a0 \u00a0 \u00a0 \u00a0 \u00a0 \u00a0 \u00a0 \u00a0 \u00a0 \u00a0 \u00a0 \u00a0 \u00a0 \u00a0 \u00a0 \u00a0 \u00a0 \u00a0 \u00a0 \u00a0 \u00a0 \u00a0 \u00a0 \u00a0\u00a0<\/td>\r\n<\/tr>\r\n<tr>\r\n<td>\u010c\u00edslo d\u00edlu<\/td>\r\n<td>708-25-01011 708-25-50101 708-25-04081<\/td>\r\n<\/tr>\r\n<tr>\r\n<td>Tlak<\/td>\r\n<td>Standardn\u00ed, vysokotlak\u00fd<\/td>\r\n<\/tr>\r\n<\/tbody>\r\n<\/table>\r\n<h3>\r\n\r\n<\/h3>\r\n<p><\/p>\r\n<h2 class=\"wp-block-heading\">P\u0159edstaven\u00ed hlavn\u00edho \u010derpadla PC650-3 PC650-5 PC710-5<\/h2>\r\n<p><\/p>\r\n<p><\/p>\r\n<p>Hydraulick\u00e1 \u010derpadla pro r\u00fdpadla hraj\u00ed kl\u00ed\u010dovou roli v efektivn\u00edm provozu t\u011b\u017ek\u00fdch stroj\u016f, jako jsou r\u00fdpadla. Pronikneme do kl\u00ed\u010dov\u00fdch vlastnost\u00ed a funkc\u00ed hlavn\u00edch \u010derpadel PC650-3, PC650-5 a PC710-5, kter\u00e1 jsou z\u00e1kladn\u00edmi sou\u010d\u00e1stmi hydraulick\u00fdch syst\u00e9m\u016f r\u00fdpadel.<\/p>\r\n<p>\r\n\r\n<\/p>\r\n<h3 class=\"wp-block-heading\">Hydraulick\u00e9 \u010derpadlo PC650-3<\/h3>\r\n<p>\r\n\r\n<\/p>\r\n<p>Hlavn\u00ed \u010derpadlo PC650-3 je navr\u017eeno tak, aby poskytovalo spolehliv\u00fd a st\u00e1l\u00fd hydraulick\u00fd v\u00fdkon r\u00fdpadla. D\u00edky sv\u00e9 vysok\u00e9 \u00fa\u010dinnosti a odolnosti zaji\u0161\u0165uje toto \u010derpadlo plynul\u00fd provoz a optim\u00e1ln\u00ed v\u00fdkon stroje. Hlavn\u00ed \u010derpadlo PC650-3 je vybaveno pokro\u010dilou technologi\u00ed a dod\u00e1v\u00e1 pot\u0159ebn\u00fd hydraulick\u00fd tlak pro pohon r\u016fzn\u00fdch hydraulick\u00fdch funkc\u00ed r\u00fdpadla.<\/p>\r\n<p>\r\n\r\n<\/p>\r\n<h3 class=\"wp-block-heading\">Hydraulick\u00e9 \u010derpadlo PC650-5<\/h3>\r\n<p>\r\n\r\n<\/p>\r\n<p>Hlavn\u00ed \u010derpadlo PC650-5 je zn\u00e1m\u00e9 svou robustn\u00ed konstrukc\u00ed a vynikaj\u00edc\u00edm v\u00fdkonem. Toto \u010derpadlo je konstruov\u00e1no tak, aby vydr\u017eelo n\u00e1ro\u010dn\u00e9 pou\u017e\u00edv\u00e1n\u00ed v n\u00e1ro\u010dn\u00fdch pracovn\u00edch prost\u0159ed\u00edch. D\u00edky sv\u00e9 v\u00fdjime\u010dn\u00e9 \u00fa\u010dinnosti a p\u0159esnosti p\u0159isp\u00edv\u00e1 hlavn\u00ed \u010derpadlo PC650-5 k celkov\u00e9 produktivit\u011b a efektivit\u011b rypadla. Obsluha se m\u016f\u017ee spolehnout, \u017ee toto \u010derpadlo dod\u00e1 pot\u0159ebn\u00fd hydraulick\u00fd v\u00fdkon pro plynul\u00fd a p\u0159esn\u00fd provoz.<\/p>\r\n<p>\r\n\r\n<\/p>\r\n<h3 class=\"wp-block-heading\">Hydraulick\u00e9 \u010derpadlo PC710-5<\/h3>\r\n<p>\r\n\r\n<\/p>\r\n<p>Hlavn\u00ed \u010derpadlo PC710-5 je \u0161pi\u010dkov\u00fd komponent, kter\u00fd zaji\u0161\u0165uje optim\u00e1ln\u00ed hydraulick\u00fd v\u00fdkon r\u00fdpadel. Toto \u010derpadlo, zkonstruovan\u00e9 s vyu\u017eit\u00edm precizn\u00ed techniky a pokro\u010dil\u00fdch technologi\u00ed, dod\u00e1v\u00e1 vysokotlakou hydraulickou kapalinu pro pohon r\u016fzn\u00fdch hydraulick\u00fdch funkc\u00ed stroje. Hlavn\u00ed \u010derpadlo PC710-5 je navr\u017eeno tak, aby spl\u0148ovalo n\u00e1ro\u010dn\u00e9 po\u017eadavky t\u011b\u017ek\u00fdch stavebn\u00edch projekt\u016f a poskytovalo spolehliv\u00fd a st\u00e1l\u00fd hydraulick\u00fd v\u00fdkon, kter\u00fd zvy\u0161uje v\u00fdkonnost rypadla.<\/p>\r\n<p>\r\n\r\n<\/p>\r\n<p>Z\u00e1v\u011brem lze \u0159\u00edci, \u017ee hlavn\u00ed \u010derpadla PC650-3, PC650-5 a PC710-5 jsou z\u00e1kladn\u00edmi sou\u010d\u00e1stmi hydraulick\u00fdch syst\u00e9m\u016f r\u00fdpadel a hraj\u00ed kl\u00ed\u010dovou roli p\u0159i dod\u00e1v\u00e1n\u00ed hydraulick\u00e9ho v\u00fdkonu pot\u0159ebn\u00e9ho pro efektivn\u00ed provoz. Obsluha se m\u016f\u017ee spolehnout, \u017ee tato \u010derpadla poskytuj\u00ed st\u00e1l\u00fd v\u00fdkon, trvanlivost a p\u0159esnost, co\u017e v kone\u010dn\u00e9m d\u016fsledku p\u0159isp\u00edv\u00e1 k celkov\u00e9 produktivit\u011b a \u00fasp\u011bchu projekt\u016f r\u00fdpadel.<\/p>\r\n<p>\r\n\r\n<\/p>\r\n<p>S t\u011bmito \u0161pi\u010dkov\u00fdmi hlavn\u00edmi \u010derpadly m\u016f\u017eete bagrovat s jistotou a v\u00fdkonem!<\/p>\r\n<p><\/p>\r\n<p><\/p>","protected":false},"excerpt":{"rendered":"<p><strong><b>\u010c\u00e1st<\/b><\/strong> #: 708-25-01011 708-25-50101 708-25-04081<br \/><strong><b>Vytvo\u0159te<\/b><\/strong>:Komatsu <br \/><strong><b>Model<\/b><\/strong>: PC650-3 PC650-5 PC710-5<br \/><strong><b>Stav<\/b><\/strong>: Nov\u00fd<\/p>","protected":false},"featured_media":4308,"template":"","meta":[],"product_brand":[],"product_cat":[382],"product_tag":[],"class_list":{"0":"post-4354","1":"product","2":"type-product","3":"status-publish","4":"has-post-thumbnail","6":"product_cat-komatsu-hydraulic-pumps","8":"first","9":"instock","10":"shipping-taxable","11":"product-type-simple"},"_links":{"self":[{"href":"https:\/\/swingbearing.net\/cs\/wp-json\/wp\/v2\/product\/4354","targetHints":{"allow":["GET"]}}],"collection":[{"href":"https:\/\/swingbearing.net\/cs\/wp-json\/wp\/v2\/product"}],"about":[{"href":"https:\/\/swingbearing.net\/cs\/wp-json\/wp\/v2\/types\/product"}],"wp:featuredmedia":[{"embeddable":true,"href":"https:\/\/swingbearing.net\/cs\/wp-json\/wp\/v2\/media\/4308"}],"wp:attachment":[{"href":"https:\/\/swingbearing.net\/cs\/wp-json\/wp\/v2\/media?parent=4354"}],"wp:term":[{"taxonomy":"product_brand","embeddable":true,"href":"https:\/\/swingbearing.net\/cs\/wp-json\/wp\/v2\/product_brand?post=4354"},{"taxonomy":"product_cat","embeddable":true,"href":"https:\/\/swingbearing.net\/cs\/wp-json\/wp\/v2\/product_cat?post=4354"},{"taxonomy":"product_tag","embeddable":true,"href":"https:\/\/swingbearing.net\/cs\/wp-json\/wp\/v2\/product_tag?post=4354"}],"curies":[{"name":"wp","href":"https:\/\/api.w.org\/{rel}","templated":true}]}}