{"id":4343,"date":"2024-06-27T01:37:12","date_gmt":"2024-06-27T01:37:12","guid":{"rendered":"https:\/\/swingbearing.net\/?post_type=product&#038;p=4343"},"modified":"2024-06-27T01:46:04","modified_gmt":"2024-06-27T01:46:04","slug":"708-3s-00461-705-41-08090-for-hydraulic-pump-pc50mr-2-pc40mr-2","status":"publish","type":"product","link":"https:\/\/swingbearing.net\/cs\/product\/708-3s-00461-705-41-08090-for-hydraulic-pump-pc50mr-2-pc40mr-2\/","title":{"rendered":"Hydraulick\u00e9 \u010derpadlo 708-3S-00461 705-41-08090 pro hydraulick\u00e9 \u010derpadlo PC50MR-2 PC40MR-2"},"content":{"rendered":"<h3 class=\"wp-block-heading\"><strong>Popis produktu<\/strong><\/h3>\r\n\r\n\r\n<hr class=\"wp-block-separator has-alpha-channel-opacity\" \/>\r\n\r\n\r\n<h2 class=\"wp-block-heading\">708-3S-00461 705-41-08090 Hydraulic Main Pump Fits For Komatsu PC50MR-2 PC40MR-2<\/h2>\r\n<p><img decoding=\"async\" class=\"alignnone wp-image-4344 size-full\" src=\"https:\/\/swingbearing.net\/wp-content\/uploads\/2024\/06\/pc50mr-2.jpg\" alt=\"pc50mr-2 hydraulic pump\" width=\"783\" height=\"825\" srcset=\"https:\/\/swingbearing.net\/wp-content\/uploads\/2024\/06\/pc50mr-2.jpg 783w, https:\/\/swingbearing.net\/wp-content\/uploads\/2024\/06\/pc50mr-2-285x300.jpg 285w, https:\/\/swingbearing.net\/wp-content\/uploads\/2024\/06\/pc50mr-2-768x809.jpg 768w, https:\/\/swingbearing.net\/wp-content\/uploads\/2024\/06\/pc50mr-2-11x12.jpg 11w, https:\/\/swingbearing.net\/wp-content\/uploads\/2024\/06\/pc50mr-2-600x632.jpg 600w\" sizes=\"(max-width: 783px) 100vw, 783px\" \/><\/p>\r\n<table border=\"1\" cellspacing=\"0\" cellpadding=\"0\">\r\n<tbody>\r\n<tr>\r\n<td>N\u00e1zev produktu\u00a0 \u00a0 \u00a0 \u00a0 \u00a0 \u00a0 \u00a0 \u00a0<\/td>\r\n<td>Hydraulick\u00e9 \u010derpadlo pro rypadla<\/td>\r\n<\/tr>\r\n<tr>\r\n<td>Kvalita\u00a0 \u00a0 \u00a0<\/td>\r\n<td>Vysoce kvalitn\u00ed 100% New<\/td>\r\n<\/tr>\r\n<tr>\r\n<td>Model stroje\u00a0 \u00a0\u00a0<\/td>\r\n<td>\u00a0PC50MR-2 PC40MR-2<\/td>\r\n<\/tr>\r\n<tr>\r\n<td>Velikost balen\u00ed<\/td>\r\n<td>84*38*49<\/td>\r\n<\/tr>\r\n<tr>\r\n<td>Bal\u00ed\u010dek<\/td>\r\n<td>Standardn\u00ed exportn\u00ed d\u0159ev\u011bn\u00e9 pouzdro\u00a0 \u00a0 \u00a0 \u00a0 \u00a0 \u00a0 \u00a0 \u00a0 \u00a0 \u00a0 \u00a0 \u00a0 \u00a0 \u00a0 \u00a0 \u00a0 \u00a0 \u00a0 \u00a0 \u00a0 \u00a0 \u00a0 \u00a0 \u00a0 \u00a0 \u00a0\u00a0<\/td>\r\n<\/tr>\r\n<tr>\r\n<td>\u010c\u00edslo d\u00edlu<\/td>\r\n<td>708-3S-00461 705-41-08090 f<\/td>\r\n<\/tr>\r\n<tr>\r\n<td>Tlak<\/td>\r\n<td>Standardn\u00ed, vysokotlak\u00fd<\/td>\r\n<\/tr>\r\n<\/tbody>\r\n<\/table>\r\n<h3>\r\n\r\n<\/h3>\r\n<p><\/p>\r\n<h2 class=\"wp-block-heading\">Introduction of\u00a0 PC50MR-2\u00a0 PC40MR-2 Main Pump<\/h2>\r\n<p><\/p>\r\n<p>Pracujete ve stavebnictv\u00ed a chcete optimalizovat v\u00fdkon sv\u00fdch p\u00e1sov\u00fdch rypadel? Nehledejte nic jin\u00e9ho ne\u017e hydraulick\u00e9 \u010derpadlo pro rypadla, univerz\u00e1ln\u00ed a spolehliv\u00fd v\u00fdrobek navr\u017een\u00fd tak, aby spl\u0148oval po\u017eadavky r\u016fzn\u00fdch sc\u00e9n\u00e1\u0159\u016f, v\u010detn\u011b staveni\u0161\u0165, d\u016fln\u00edch provoz\u016f a silni\u010dn\u00edch prac\u00ed. .<\/p>\r\n<p>\r\n\r\n<\/p>\r\n<h3 class=\"wp-block-heading\">Maximalizace \u00fa\u010dinnosti \u010derpadla<\/h3>\r\n<p>\r\n\r\n<\/p>\r\n<p>P\u0159i v\u00fdkopov\u00fdch prac\u00edch je kl\u00ed\u010dov\u00e1 efektivita. Hydraulick\u00e9 \u010derpadlo pro rypadla, kter\u00e9 je k dispozici ve dvou \u010d\u00edslech \u010derpadla, 708-2L-00202 a 708-2L-41121, je speci\u00e1ln\u011b navr\u017eeno tak, aby poskytovalo maxim\u00e1ln\u00ed hydraulick\u00fd v\u00fdkon va\u0161emu rypadlu. T\u00edm je zaji\u0161t\u011bn hladk\u00fd a efektivn\u00ed provoz va\u0161eho stroje, kter\u00fd v\u00e1m umo\u017en\u00ed v\u010das dokon\u010dit projekty. D\u00edky sv\u00e9 odoln\u00e9 konstrukci a spolehliv\u00e9mu v\u00fdkonu je toto hydraulick\u00e9 \u010derpadlo konstruov\u00e1no tak, aby vydr\u017eelo, co\u017e z n\u011bj \u010din\u00ed cennou investici pro va\u0161i firmu.<\/p>\r\n<p>\r\n\r\n<\/p>\r\n<h3 class=\"wp-block-heading\">Kompatibilita a v\u0161estrannost<\/h3>\r\n<p>\r\n\r\n<\/p>\r\n<p>Jednou z hlavn\u00edch v\u00fdhod hydraulick\u00e9ho \u010derpadla pro rypadla je jeho kompatibilita s r\u016fzn\u00fdmi modely rypadel. A\u0165 u\u017e pou\u017e\u00edv\u00e1te model E317, E315, PC210-8K nebo PC210-8K, toto hydraulick\u00e9 \u010derpadlo je navr\u017eeno tak, aby se bez probl\u00e9m\u016f integrovalo s va\u0161\u00edm strojem a zv\u00fd\u0161ilo jeho schopnosti a v\u00fdkon. D\u00edky t\u00e9to v\u0161estrannosti je praktickou volbou pro dodavatele a provozovatele pracuj\u00edc\u00ed v r\u016fzn\u00fdch odv\u011btv\u00edch a prost\u0159ed\u00edch.<\/p>\r\n<p>\r\n\r\n<\/p>\r\n<h3 class=\"wp-block-heading\">V\u00fdjime\u010dn\u00e1 poprodejn\u00ed podpora<\/h3>\r\n<p>\r\n\r\n<\/p>\r\n<p>U hydraulick\u00e9ho \u010derpadla pro rypadla je spokojenost z\u00e1kazn\u00edk\u016f na\u0161\u00ed nejvy\u0161\u0161\u00ed prioritou. Proto nab\u00edz\u00edme vynikaj\u00edc\u00ed poprodejn\u00ed podporu, v\u010detn\u011b online asistence, abychom zajistili, \u017ee se na\u0161im z\u00e1kazn\u00edk\u016fm dostane rychl\u00e9 pomoci v p\u0159\u00edpad\u011b jak\u00fdchkoli probl\u00e9m\u016f nebo obav. N\u00e1\u0161 t\u00fdm odborn\u00edk\u016f je odhodl\u00e1n poskytnout v\u00e1m podporu, kterou pot\u0159ebujete, aby va\u0161e hydraulick\u00e9 \u010derpadlo fungovalo hladce a efektivn\u011b, a vy jste se tak mohli neru\u0161en\u011b soust\u0159edit na svou pr\u00e1ci.<br \/><br \/><b>M\u016f\u017eeme podpo\u0159it ostatn\u00ed:<\/b><\/p>\r\n<table>\r\n<tbody>\r\n<tr>\r\n<td colspan=\"1\" rowspan=\"1\">\r\n<div>Pro spole\u010dnost Kobelco<\/div>\r\n<\/td>\r\n<td colspan=\"1\" rowspan=\"1\">\r\n<div>SK200-6,SK210-6,SK45SR,SK330-6E,SK200-4,SK460-8,SK135,SK235SRLC-1ES,SK250-8,SK210-8,SK350-8,SK350,SK350-9,SK200-8,SK210-8<\/div>\r\n<\/td>\r\n<\/tr>\r\n<tr>\r\n<td colspan=\"1\" rowspan=\"1\">\r\n<div>Pro spole\u010dnost Komatsu<\/div>\r\n<\/td>\r\n<td colspan=\"1\" rowspan=\"1\">\r\n<div>PC300-8,PC200-6K,PC130-8,PC200-8,PC220-8,PC270-8,PC400-8,PC60-7,PC300-7,PC400-7,PC200-7,PC200-6,<\/div>\r\n<\/td>\r\n<\/tr>\r\n<tr>\r\n<td colspan=\"1\" rowspan=\"1\">\r\n<div>Pro CAT<\/div>\r\n<\/td>\r\n<td colspan=\"1\" rowspan=\"1\">\r\n<div>E325C,E330D,E330C,E336D,E336C,E345B,E385C,E320C,E320D,E330,E330L,E345C<\/div>\r\n<\/td>\r\n<\/tr>\r\n<tr>\r\n<td colspan=\"1\" rowspan=\"1\">\r\n<div>Pro Daewoo<\/div>\r\n<\/td>\r\n<td colspan=\"1\" rowspan=\"1\">\r\n<div>DH80,DH300-5,DH300-7,DH225-7,DH210,DH220,DH150,DH300-5,DH370,DH470-5,DH500-5<\/div>\r\n<\/td>\r\n<\/tr>\r\n<tr>\r\n<td colspan=\"1\" rowspan=\"1\">\r\n<div>Pro spole\u010dnost Hitachi<\/div>\r\n<\/td>\r\n<td colspan=\"1\" rowspan=\"1\">\r\n<div>EX120-5, EX120-5 JPN, EX120-5HG, EX120-5LV JPN, EX120-5X, EX120-5Z, EX120SS-5, EX130H-5, EX130H-5 JPN, EX130K-5,<br \/>EX135UR,EX135UR-5, EX135US-5, EX135USR, EX135USRK, EX140US-5, HR240G,EX300-2, EX300-3, EX300-3C, EX310H-3C,EX200-3, EX200-5,<br \/>EX200-5 JPN, EX200-5HG, EX200-5HHE, EX200-5LV JAP, EX200-5X JPN, EX200-5Z JPN, EX200LC-5HHE, EX200SS-5,EX210H-5, EX210H-5 JPN,<br \/>EX210K-5 JPN, EX210LC-5HHE, EX225USR(LC), EX225USRK,EX60-2, EX60-3, EX60LCK-3, EX60LCT-3, EX60WD-2, EX75UR, EX75UR-3,<br \/>EX75URLC-3,EX350-6,EX120-3,EX1200,EX300,EX200 ,EX210,EX75UR-5<\/div>\r\n<\/td>\r\n<\/tr>\r\n<tr>\r\n<td colspan=\"1\" rowspan=\"1\">\r\n<div>Pro spole\u010dnost Sumitomo<\/div>\r\n<\/td>\r\n<td colspan=\"1\" rowspan=\"1\">\r\n<div>SH200-2,SH-200A3,SH200,SH120-5-0.5<\/div>\r\n<\/td>\r\n<\/tr>\r\n<tr>\r\n<td colspan=\"1\" rowspan=\"1\">\r\n<div>Pro Kato<\/div>\r\n<\/td>\r\n<td colspan=\"1\" rowspan=\"1\">\r\n<div>HD1430,HD130<\/div>\r\n<\/td>\r\n<\/tr>\r\n<tr>\r\n<td colspan=\"1\" rowspan=\"1\">\r\n<div>Pro spole\u010dnost JCB<\/div>\r\n<\/td>\r\n<td colspan=\"1\" rowspan=\"1\">\r\n<div>JCB220,JCB240,JCB 85Z<\/div>\r\n<\/td>\r\n<\/tr>\r\n<tr>\r\n<td colspan=\"1\" rowspan=\"1\">\r\n<div>Dal\u0161\u00ed<\/div>\r\n<\/td>\r\n<td colspan=\"1\" rowspan=\"1\">\r\n<div>&#8230;&#8230;<\/div>\r\n<\/td>\r\n<\/tr>\r\n<\/tbody>\r\n<\/table>\r\n<p><\/p>","protected":false},"excerpt":{"rendered":"<p><strong><b>\u010c\u00e1st<\/b><\/strong> #: 708-3S-00461 705-41-08090<br \/><strong><b>Vytvo\u0159te<\/b><\/strong>:Komatsu <br \/><strong><b>Model<\/b><\/strong>: PC50MR-2 PC40MR-2<br \/><strong><b>Stav<\/b><\/strong>: Nov\u00fd<\/p>","protected":false},"featured_media":4345,"template":"","meta":[],"product_brand":[],"product_cat":[382],"product_tag":[],"class_list":{"0":"post-4343","1":"product","2":"type-product","3":"status-publish","4":"has-post-thumbnail","6":"product_cat-komatsu-hydraulic-pumps","8":"first","9":"instock","10":"shipping-taxable","11":"product-type-simple"},"_links":{"self":[{"href":"https:\/\/swingbearing.net\/cs\/wp-json\/wp\/v2\/product\/4343","targetHints":{"allow":["GET"]}}],"collection":[{"href":"https:\/\/swingbearing.net\/cs\/wp-json\/wp\/v2\/product"}],"about":[{"href":"https:\/\/swingbearing.net\/cs\/wp-json\/wp\/v2\/types\/product"}],"wp:featuredmedia":[{"embeddable":true,"href":"https:\/\/swingbearing.net\/cs\/wp-json\/wp\/v2\/media\/4345"}],"wp:attachment":[{"href":"https:\/\/swingbearing.net\/cs\/wp-json\/wp\/v2\/media?parent=4343"}],"wp:term":[{"taxonomy":"product_brand","embeddable":true,"href":"https:\/\/swingbearing.net\/cs\/wp-json\/wp\/v2\/product_brand?post=4343"},{"taxonomy":"product_cat","embeddable":true,"href":"https:\/\/swingbearing.net\/cs\/wp-json\/wp\/v2\/product_cat?post=4343"},{"taxonomy":"product_tag","embeddable":true,"href":"https:\/\/swingbearing.net\/cs\/wp-json\/wp\/v2\/product_tag?post=4343"}],"curies":[{"name":"wp","href":"https:\/\/api.w.org\/{rel}","templated":true}]}}