{"id":361,"date":"2023-09-18T08:14:34","date_gmt":"2023-09-18T08:14:34","guid":{"rendered":"https:\/\/swingbearing.net\/?post_type=product&#038;p=361"},"modified":"2024-01-10T08:12:32","modified_gmt":"2024-01-10T08:12:32","slug":"swing-bearing-hyundai","status":"publish","type":"product","link":"https:\/\/swingbearing.net\/cs\/product\/swing-bearing-hyundai\/","title":{"rendered":"Kyvn\u00e9 lo\u017eisko HYUNDAI"},"content":{"rendered":"<figure class=\"wp-block-table is-style-stripes has-small-font-size\">\n<table class=\"has-cyan-bluish-white-background-color has-background\">\n<tbody>\n<tr>\n<td width=\"113\"><span style=\"color: #ff9900;\"><strong><a style=\"color: #ff9900;\" href=\"https:\/\/swingbearing.net\/cs\/product\/swing-bearing-cat\/\" target=\"_parent\" rel=\"noopener\">CAT<\/a><\/strong><\/span><\/td>\n<td width=\"113\"><span style=\"color: #ff9900;\"><strong><a style=\"color: #ff9900;\" href=\"https:\/\/swingbearing.net\/cs\/product\/swing-bearing-komatsu\/\" rel=\"noopener\">KOMATSU<\/a><\/strong><\/span><\/td>\n<td width=\"113\"><span style=\"color: #ff9900;\"><strong><a style=\"color: #ff9900;\" href=\"https:\/\/swingbearing.net\/cs\/product\/swing-bearings-hitachi\/\" rel=\"noopener\">HITACHI<\/a><\/strong><\/span><\/td>\n<td width=\"113\"><span style=\"color: #ff9900;\"><strong><a style=\"color: #ff9900;\" href=\"https:\/\/swingbearing.net\/cs\/product\/swing-bearing-kobelco\/\" target=\"_parent\" rel=\"noopener\">KOBELCO<\/a><\/strong><\/span><\/td>\n<td width=\"113\"><span style=\"color: #ff9900;\"><strong><a style=\"color: #ff9900;\" href=\"https:\/\/swingbearing.net\/cs\/product\/swing-bearing-hyundai\/\" target=\"_parent\" rel=\"noopener\">HYUNDAI<\/a><\/strong><\/span><\/td>\n<\/tr>\n<tr>\n<td width=\"113\"><span style=\"color: #ff9900;\"><strong><a style=\"color: #ff9900;\" href=\"https:\/\/swingbearing.net\/cs\/product\/swing-bearing-doosan\/\" target=\"_parent\" rel=\"noopener\">DOOSAN<\/a><\/strong><\/span><\/td>\n<td width=\"113\"><span style=\"color: #ff9900;\"><strong><a style=\"color: #ff9900;\" href=\"https:\/\/swingbearing.net\/cs\/product\/swing-bearing-volvo\/\" target=\"_parent\" rel=\"noopener\">VOLVO<\/a><\/strong><\/span><\/td>\n<td width=\"113\"><span style=\"color: #ff9900;\"><strong><a style=\"color: #ff9900;\" href=\"https:\/\/swingbearing.net\/cs\/product\/swing-bearing-jcb\/\" target=\"_parent\" rel=\"noopener\">JCB<\/a><\/strong><\/span><\/td>\n<td width=\"113\"><span style=\"color: #ff9900;\"><strong><a style=\"color: #ff9900;\" href=\"https:\/\/swingbearing.net\/cs\/product\/swing-bearing-case\/\" target=\"_parent\" rel=\"noopener\">P\u0158\u00cdPAD<\/a><\/strong><\/span><\/td>\n<td width=\"113\"><span style=\"color: #ff9900;\"><strong><a style=\"color: #ff9900;\" href=\"https:\/\/swingbearing.net\/cs\/product\/swing-bearing-liebherr\/\" target=\"_parent\" rel=\"noopener\">LIEBHERR<\/a><\/strong><\/span><\/td>\n<\/tr>\n<tr>\n<td width=\"113\"><span style=\"color: #ff9900;\"><strong><a style=\"color: #ff9900;\" href=\"https:\/\/swingbearing.net\/cs\/product\/swing-bearing-liugong\/\" target=\"_parent\" rel=\"noopener\">LIUGONG<\/a><\/strong><\/span><\/td>\n<td width=\"113\"><span style=\"color: #ff9900;\"><strong><a style=\"color: #ff9900;\" href=\"https:\/\/swingbearing.net\/cs\/product\/swing-bearings-sany\/\" target=\"_parent\" rel=\"noopener\">SANY<\/a><\/strong><\/span><\/td>\n<td width=\"113\"><span style=\"color: #ff9900;\"><strong><a style=\"color: #ff9900;\" href=\"https:\/\/swingbearing.net\/cs\/product\/swing-bearing-yuchai\/\" target=\"_parent\" rel=\"noopener\">YUCHAI<\/a><\/strong><\/span><\/td>\n<td width=\"113\"><span style=\"color: #ff9900;\"><strong><a style=\"color: #ff9900;\" href=\"https:\/\/swingbearing.net\/cs\/product\/swing-bearing-xcmg\/\" target=\"_parent\" rel=\"noopener\">XCMG<\/a><\/strong><\/span><\/td>\n<td width=\"113\"><span style=\"color: #ff9900;\"><strong><a style=\"color: #ff9900;\" href=\"https:\/\/swingbearing.net\/cs\/product\/swing-bearing-sumitomo\/\" target=\"_parent\" rel=\"noopener\">SUMITOMO<\/a><\/strong><\/span><\/td>\n<\/tr>\n<\/tbody>\n<\/table>\n<\/figure>\n<h4 style=\"text-align: center;\">Parametry kyvn\u00e9ho lo\u017eiska HYUNDAI<\/h4>\n<figure class=\"wp-block-table is-style-stripes has-small-font-size\">\n<table class=\"has-cyan-bluish-gray-background-color has-background\">\n<tbody>\n<tr>\n<td>Model<\/td>\n<td>\u010c\u00edslo d\u00edlu<\/td>\n<td>Vn\u011bj\u0161\u00ed pr\u016fm\u011br<\/td>\n<td>Vnit\u0159n\u00ed pr\u016fm\u011br<\/td>\n<td>Celkov\u00e1 v\u00fd\u0161ka<\/td>\n<td>Vn\u011bj\u0161\u00ed v\u00fd\u0161ka<\/td>\n<td>Vnit\u0159n\u00ed v\u00fd\u0161ka<\/td>\n<td>Parametry vn\u011bj\u0161\u00edho otvoru<\/td>\n<td>Parametry vnit\u0159n\u00edho otvoru<\/td>\n<td>Po\u010det zub\u016f<\/td>\n<\/tr>\n<tr>\n<td>R140LC-7<\/td>\n<td>81N4-01020<\/td>\n<td>1196<\/td>\n<td>963<\/td>\n<td>90<\/td>\n<td>79<\/td>\n<td>80<\/td>\n<td>36-\u03c619<\/td>\n<td>36-M16*1.5<\/td>\n<td>98<\/td>\n<\/tr>\n<tr>\n<td>R210LC-3<\/td>\n<td>81EM-00020<\/td>\n<td>1202<\/td>\n<td>945<\/td>\n<td>84<\/td>\n<td>75<\/td>\n<td>70<\/td>\n<td>36<\/td>\n<td>36<\/td>\n<td>80<\/td>\n<\/tr>\n<tr>\n<td>R170W-7<\/td>\n<td>81EM-00021<\/td>\n<td>1202<\/td>\n<td>947<\/td>\n<td>83<\/td>\n<td>75<\/td>\n<td>70<\/td>\n<td>36-\u03c622<\/td>\n<td>36-M20*1.5<\/td>\n<td>80<\/td>\n<\/tr>\n<tr>\n<td>R180W-9S<\/td>\n<td>81EM-00021GG<\/td>\n<td>1202<\/td>\n<td>947<\/td>\n<td>83<\/td>\n<td>75<\/td>\n<td>70<\/td>\n<td>36-\u03c622<\/td>\n<td>36-M20*1.5<\/td>\n<td>80<\/td>\n<\/tr>\n<tr>\n<td>R200W-7<\/td>\n<td>81EM-00021GG<\/td>\n<td>1327<\/td>\n<td>1083<\/td>\n<td>110<\/td>\n<td>89<\/td>\n<td>94<\/td>\n<td>30-\u03c622<\/td>\n<td>36-M20<\/td>\n<td>92<\/td>\n<\/tr>\n<tr>\n<td>R210-7<\/td>\n<td>81N6-00023BG<\/td>\n<td>1327<\/td>\n<td>1084<\/td>\n<td>110<\/td>\n<td>89<\/td>\n<td>94<\/td>\n<td>30-\u03c622<\/td>\n<td>36-M20<\/td>\n<td>92<\/td>\n<\/tr>\n<tr>\n<td>R210LC-7<\/td>\n<td>81N6-01020<\/td>\n<td>1326<\/td>\n<td>1084<\/td>\n<td>110<\/td>\n<td>89<\/td>\n<td>94<\/td>\n<td>30-\u03c622<\/td>\n<td>36-M20<\/td>\n<td>92<\/td>\n<\/tr>\n<tr>\n<td>R210-7<\/td>\n<td>81N6-00022<\/td>\n<td>1326<\/td>\n<td>1084<\/td>\n<td>110<\/td>\n<td>89<\/td>\n<td>94<\/td>\n<td>30-\u03c622<\/td>\n<td>36-M20<\/td>\n<td>92<\/td>\n<\/tr>\n<tr>\n<td>R210-7<\/td>\n<td>81N6-00021<\/td>\n<td>1326<\/td>\n<td>1084<\/td>\n<td>110<\/td>\n<td>89<\/td>\n<td>94<\/td>\n<td>30-\u03c622<\/td>\n<td>36-M20<\/td>\n<td>92<\/td>\n<\/tr>\n<tr>\n<td>R210LC7<\/td>\n<td>31N 812020<\/td>\n<td>1326<\/td>\n<td>1084<\/td>\n<td>110<\/td>\n<td>89<\/td>\n<td>94<\/td>\n<td>30-\u03a622<\/td>\n<td>36-M20<\/td>\n<td>92<\/td>\n<\/tr>\n<tr>\n<td>R210W-9S<\/td>\n<td>81Q5-01020<\/td>\n<td>1327<\/td>\n<td>1083<\/td>\n<td>110<\/td>\n<td>89<\/td>\n<td>94<\/td>\n<td>30-\u03c622<\/td>\n<td>36-M20<\/td>\n<td>92<\/td>\n<\/tr>\n<tr>\n<td>R210W-9S<\/td>\n<td>81Q5-01021<\/td>\n<td>1327<\/td>\n<td>1083<\/td>\n<td>110<\/td>\n<td>89<\/td>\n<td>94<\/td>\n<td>30-\u03c622<\/td>\n<td>36-M20<\/td>\n<td>92<\/td>\n<\/tr>\n<tr>\n<td>R220LC-9S<\/td>\n<td>81Q6-00020<\/td>\n<td>1326<\/td>\n<td>1084<\/td>\n<td>110<\/td>\n<td>89<\/td>\n<td>94<\/td>\n<td>30-\u03c622<\/td>\n<td>36-M20<\/td>\n<td>92<\/td>\n<\/tr>\n<tr>\n<td>R220LC-9S<\/td>\n<td>81Q6-01020<\/td>\n<td>1326<\/td>\n<td>1084<\/td>\n<td>110<\/td>\n<td>89<\/td>\n<td>94<\/td>\n<td>30-\u03c622<\/td>\n<td>36-M20<\/td>\n<td>92<\/td>\n<\/tr>\n<tr>\n<td>R220LC-9S<\/td>\n<td>81Q6-01021<\/td>\n<td>1326<\/td>\n<td>1084<\/td>\n<td>110<\/td>\n<td>89<\/td>\n<td>94<\/td>\n<td>30-\u03c622<\/td>\n<td>36-M20<\/td>\n<td>92<\/td>\n<\/tr>\n<tr>\n<td>R220LC-9S<\/td>\n<td>81Q6-00021<\/td>\n<td>1326<\/td>\n<td>1084<\/td>\n<td>110<\/td>\n<td>89<\/td>\n<td>94<\/td>\n<td>30-\u03c622<\/td>\n<td>36-M20<\/td>\n<td>92<\/td>\n<\/tr>\n<tr>\n<td>R250LC-7<\/td>\n<td>81EN-00052<\/td>\n<td>1410<\/td>\n<td>1131<\/td>\n<td>120<\/td>\n<td>88<\/td>\n<td>110<\/td>\n<td>34-\u03c623<\/td>\n<td>36-M20<\/td>\n<td>82<\/td>\n<\/tr>\n<tr>\n<td>290LC-7<\/td>\n<td>81N8-0003<\/td>\n<td>1526<\/td>\n<td>1235<\/td>\n<td>123<\/td>\n<td>97<\/td>\n<td>110<\/td>\n<td>38-\u03c626<\/td>\n<td>40-M24<\/td>\n<td>90<\/td>\n<\/tr>\n<tr>\n<td>R290<\/td>\n<td>81N8-00021<\/td>\n<td>1526<\/td>\n<td>1235<\/td>\n<td>122<\/td>\n<td>87<\/td>\n<td>110<\/td>\n<td>37-\u042426<\/td>\n<td>40-M24<\/td>\n<td>90<\/td>\n<\/tr>\n<tr>\n<td>R290<\/td>\n<td>81N8-00022<\/td>\n<td>1526<\/td>\n<td>1235<\/td>\n<td>122<\/td>\n<td>87<\/td>\n<td>110<\/td>\n<td>37-\u042426<\/td>\n<td>40-M24<\/td>\n<td>90<\/td>\n<\/tr>\n<tr>\n<td>R290LC 7A<\/td>\n<td>4921797<\/td>\n<td>1526<\/td>\n<td>1235<\/td>\n<td>123<\/td>\n<td>97<\/td>\n<td>110<\/td>\n<td>38-\u03c626<\/td>\n<td>40-M24<\/td>\n<td>90<\/td>\n<\/tr>\n<tr>\n<td>R290LC-7<\/td>\n<td>81N8-00023<\/td>\n<td>1526<\/td>\n<td>1235<\/td>\n<td>123<\/td>\n<td>97<\/td>\n<td>110<\/td>\n<td>38-\u03c626<\/td>\n<td>40-M24<\/td>\n<td>90<\/td>\n<\/tr>\n<tr>\n<td>R290LC-7A<\/td>\n<td>81N8-00024GG<\/td>\n<td>1526<\/td>\n<td>1235<\/td>\n<td>122<\/td>\n<td>97<\/td>\n<td>110<\/td>\n<td>38-\u03c626<\/td>\n<td>40-M24<\/td>\n<td>90<\/td>\n<\/tr>\n<tr>\n<td>R320-7<\/td>\n<td>81N9-01020<\/td>\n<td>1526<\/td>\n<td>1235<\/td>\n<td>122<\/td>\n<td>97<\/td>\n<td>110<\/td>\n<td>38-\u042426<\/td>\n<td>40-M24<\/td>\n<td>90<\/td>\n<\/tr>\n<tr>\n<td>R320LC-7<\/td>\n<td>81N9-01021<\/td>\n<td>1526<\/td>\n<td>1235<\/td>\n<td>122<\/td>\n<td>97<\/td>\n<td>110<\/td>\n<td>38-\u042426<\/td>\n<td>40-M24<\/td>\n<td>90<\/td>\n<\/tr>\n<tr>\n<td>R320LC-7<\/td>\n<td>81N9-01022<\/td>\n<td>1526<\/td>\n<td>1235<\/td>\n<td>122<\/td>\n<td>97<\/td>\n<td>110<\/td>\n<td>38-\u042426<\/td>\n<td>40-M24<\/td>\n<td>90<\/td>\n<\/tr>\n<tr>\n<td>R320LC-7<\/td>\n<td>81n9-01022 BG<\/td>\n<td>1526<\/td>\n<td>1235<\/td>\n<td>122<\/td>\n<td>97<\/td>\n<td>110<\/td>\n<td>38-\u042426<\/td>\n<td>40-M24<\/td>\n<td>90<\/td>\n<\/tr>\n<tr>\n<td>R320LC-7<\/td>\n<td>81N9-00021<\/td>\n<td>1526<\/td>\n<td>1235<\/td>\n<td>122<\/td>\n<td>97<\/td>\n<td>110<\/td>\n<td>38<\/td>\n<td>40<\/td>\n<td>90<\/td>\n<\/tr>\n<tr>\n<td>R360LC-7<\/td>\n<td>81NA-01020<\/td>\n<td>1550<\/td>\n<td>1250<\/td>\n<td><\/td>\n<td>108<\/td>\n<td>140<\/td>\n<td>35<\/td>\n<td>40<\/td>\n<td>106<\/td>\n<\/tr>\n<tr>\n<td>R360LC-7<\/td>\n<td>81NA-01022GG<\/td>\n<td>1550<\/td>\n<td>1250<\/td>\n<td>152<\/td>\n<td>108<\/td>\n<td>140<\/td>\n<td>35<\/td>\n<td>40<\/td>\n<td>106<\/td>\n<\/tr>\n<tr>\n<td><strong>R360LC-7A<\/strong><\/td>\n<td>81NA-01021BG<\/td>\n<td>1550<\/td>\n<td>1250<\/td>\n<td>152<\/td>\n<td>108<\/td>\n<td>140<\/td>\n<td>35<\/td>\n<td>40<\/td>\n<td>106<\/td>\n<\/tr>\n<\/tbody>\n<\/table>\n<\/figure>\n<h5>\u00davod do modern\u00edch kyvn\u00fdch lo\u017eisek r\u00fdpadel<\/h5>\n<p>Hyundai je zn\u00e1m\u00e1 zna\u010dka v oboru stavebn\u00edch stroj\u016f, kter\u00e1 poskytuje kvalitn\u00ed stroje a n\u00e1hradn\u00ed d\u00edly pro rypadla. V\u00fdrobky oto\u010dn\u00fdch lo\u017eisek pro r\u00fdpadla Hyundai jsou navr\u017eeny tak, aby poskytovaly odolnost, p\u0159esnost a v\u00fdkon, a jsou tak ide\u00e1ln\u00ed volbou pro majitele a provozovatele r\u00fdpadel.<br \/>\nKyvn\u00e9 lo\u017eisko pro r\u00fdpadla Hyundai je k dispozici pro \u0161irokou \u0159adu model\u016f r\u00fdpadel, v\u010detn\u011b R55, R60, R80, R130LC-3-5, R150, R190, R200, R200-5, R210, R215-7\/9, R220, R225LC-7\/9, R245, R260, R265, R290, R290LC-7, R300LC, R305LC, R330LC, R340, R375, R360LC-7, R390, R450LC, R470, R485, R500, R55-5, R60-5, R55-7, R60-7, R70-7, R80, R110LC-7, R130-5, R130-7, R140LC-7, R150LC-7, R150LC-9, R200W-7, R200, R200-3, R200-5, R210-3, R210-5, R210-5D, R220-3, R220-5, R210-7, R210-9, R215-7, R225-7, R220-9, R225-9, R260-7, R265-7, R290-3, R300-5, R290-7, R305-7, R305-9, R320-7, R300, R350, R400, R450, R480 a R550.<\/p>\n<h5><a href=\"https:\/\/national-bearing.com\/excavator-swing-bearings-hyundai\/\" target=\"_blank\" rel=\"noopener\">Kyvn\u00e9 lo\u017eisko r\u00fdpadla Hyundai<\/a><\/h5>\n<p>je vyroben z vysoce kvalitn\u00edch materi\u00e1l\u016f a pokro\u010dil\u00fdch v\u00fdrobn\u00edch postup\u016f, co\u017e zaru\u010duje dlouhou \u017eivotnost a spolehlivost v\u00fdrobku. V\u00fdrobek pro\u0161el p\u0159\u00edsn\u00fdm testov\u00e1n\u00edm a opat\u0159en\u00edmi pro kontrolu kvality, aby bylo zaji\u0161t\u011bno, \u017ee spl\u0148uje nejvy\u0161\u0161\u00ed standardy v oboru. V\u00fdrobek m\u00e1 tak\u00e9 n\u00edzk\u00e9 n\u00e1roky na \u00fadr\u017ebu, co\u017e z n\u011bj \u010din\u00ed ide\u00e1ln\u00ed volbu pro majitele a provozovatele r\u00fdpadel, kte\u0159\u00ed cht\u011bj\u00ed minimalizovat prostoje a n\u00e1klady na \u00fadr\u017ebu.<br \/>\nLo\u017eisko oto\u010dn\u00e9ho stolu r\u00fdpadla je d\u016fle\u017eitou sou\u010d\u00e1st\u00ed, kter\u00e1 vy\u017eaduje odbornou mont\u00e1\u017e, aby byl zaji\u0161t\u011bn spr\u00e1vn\u00fd provoz r\u00fdpadla. Spole\u010dnost Hyundai na\u0161t\u011bst\u00ed poskytuje sv\u00fdm z\u00e1kazn\u00edk\u016fm odbornou technickou podporu a poradenstv\u00ed a zaji\u0161\u0165uje tak hladk\u00fd a efektivn\u00ed proces instalace. Na kyvn\u00e9 lo\u017eisko pro r\u00fdpadla Hyundai se nav\u00edc vztahuje rozs\u00e1hl\u00e1 z\u00e1ruka, kter\u00e1 majitel\u016fm a provozovatel\u016fm r\u00fdpadel poskytuje klid a d\u016fv\u011bru v jejich investici.<br \/>\nZ\u00e1v\u011brem lze \u0159\u00edci, \u017ee kyvn\u00e9 lo\u017eisko pro r\u00fdpadla Hyundai je vynikaj\u00edc\u00ed volbou pro majitele a provozovatele r\u00fdpadel, kte\u0159\u00ed hledaj\u00ed spolehlivou a odolnou sou\u010d\u00e1st pro sv\u00e9 stroje. Dostupnost v\u00fdrobku pro \u0161irokou \u0161k\u00e1lu model\u016f r\u00fdpadel, vysoce kvalitn\u00ed materi\u00e1ly, odborn\u00e1 technick\u00e1 podpora a rozs\u00e1hl\u00e1 z\u00e1ruka z n\u011bj \u010din\u00ed chytrou investici pro ka\u017ed\u00e9ho, kdo pracuje ve stavebnictv\u00ed nebo t\u011b\u017eebn\u00edm pr\u016fmyslu. Pokud hled\u00e1te kyvn\u00e9 lo\u017eisko d\u00edlu rypadla nebo oto\u010dn\u00e9 lo\u017eisko rypadla, zva\u017ete je\u0161t\u011b dnes produkt oto\u010dn\u00e9ho lo\u017eiska Hyundai pro va\u0161e rypadlo.<br \/>\nM\u016f\u017eeme poskytnout alternativn\u00ed kyvn\u00fd kruh pro va\u0161e , CAT,HITACHI, KOMATSU,KOBELCO, HYUNDAI, VOLVO, DOOSAN, DAEWOO, JCB,CASE, SUMITOMO, KATO, , Existuje norm\u00e1ln\u00ed a nestandardn\u00ed p\u0159es 1000 stovky typ\u016f pro v\u00e1s vybrat formul\u00e1\u0159.<\/p>\n<figure class=\"wp-block-image size-full is-resized\"><img decoding=\"async\" class=\"wp-image-177 ls-is-cached lazyloaded\" src=\"https:\/\/national-bearing.com\/wp-content\/uploads\/2023\/04\/0001.jpg\" sizes=\"(max-width: 843px) 100vw, 843px\" srcset=\"https:\/\/national-bearing.com\/wp-content\/uploads\/2023\/04\/0001.jpg 600w, https:\/\/national-bearing.com\/wp-content\/uploads\/2023\/04\/0001-300x200.jpg 300w\" alt=\"\" width=\"843\" height=\"562\" data-srcset=\"https:\/\/national-bearing.com\/wp-content\/uploads\/2023\/04\/0001.jpg 600w, https:\/\/national-bearing.com\/wp-content\/uploads\/2023\/04\/0001-300x200.jpg 300w\" data-src=\"https:\/\/national-bearing.com\/wp-content\/uploads\/2023\/04\/0001.jpg\" data-sizes=\"(max-width: 843px) 100vw, 843px\" \/><\/figure>","protected":false},"excerpt":{"rendered":"<p>Kyvn\u00e9 lo\u017eisko HYUNDAI<br \/>\nModel:R550,R350,R400,R450<br \/>\nR360LC-7A,R320-7,R320LC-7<\/p>","protected":false},"featured_media":61,"template":"","meta":[],"product_brand":[],"product_cat":[22],"product_tag":[],"class_list":{"0":"post-361","1":"product","2":"type-product","3":"status-publish","4":"has-post-thumbnail","6":"product_cat-swing-bearing","8":"first","9":"instock","10":"shipping-taxable","11":"product-type-simple"},"_links":{"self":[{"href":"https:\/\/swingbearing.net\/cs\/wp-json\/wp\/v2\/product\/361","targetHints":{"allow":["GET"]}}],"collection":[{"href":"https:\/\/swingbearing.net\/cs\/wp-json\/wp\/v2\/product"}],"about":[{"href":"https:\/\/swingbearing.net\/cs\/wp-json\/wp\/v2\/types\/product"}],"wp:featuredmedia":[{"embeddable":true,"href":"https:\/\/swingbearing.net\/cs\/wp-json\/wp\/v2\/media\/61"}],"wp:attachment":[{"href":"https:\/\/swingbearing.net\/cs\/wp-json\/wp\/v2\/media?parent=361"}],"wp:term":[{"taxonomy":"product_brand","embeddable":true,"href":"https:\/\/swingbearing.net\/cs\/wp-json\/wp\/v2\/product_brand?post=361"},{"taxonomy":"product_cat","embeddable":true,"href":"https:\/\/swingbearing.net\/cs\/wp-json\/wp\/v2\/product_cat?post=361"},{"taxonomy":"product_tag","embeddable":true,"href":"https:\/\/swingbearing.net\/cs\/wp-json\/wp\/v2\/product_tag?post=361"}],"curies":[{"name":"wp","href":"https:\/\/api.w.org\/{rel}","templated":true}]}}