{"id":3387,"date":"2024-05-27T09:08:39","date_gmt":"2024-05-27T09:08:39","guid":{"rendered":"https:\/\/swingbearing.net\/product\/hyundai-r320lc-7-excavator-swing-bearing-81n9-00021-slewing-ring\/"},"modified":"2024-05-28T03:27:55","modified_gmt":"2024-05-28T03:27:55","slug":"hyundai-r320lc-7-excavator-swing-bearing-81n9-00021-slewing-ring","status":"publish","type":"product","link":"https:\/\/swingbearing.net\/cs\/product\/hyundai-r320lc-7-excavator-swing-bearing-81n9-00021-slewing-ring\/","title":{"rendered":"Kyvn\u00e9 lo\u017eisko 81N9-00021 pro HYUNDAI R320LC-7"},"content":{"rendered":"<h2 style=\"text-align: center;\">Parametry kyvn\u00e9ho lo\u017eiska HYUNDAI<\/h2>\n<div class=\"bde-rich-text-243-405 bde-rich-text breakdance-rich-text-styles\">\n<figure class=\"wp-block-table\">\n<table>\n<tbody>\n<tr>\n<td>Model<\/td>\n<td>\u010c\u00edslo d\u00edlu<\/td>\n<td>Vn\u011bj\u0161\u00ed pr\u016fm\u011br<\/td>\n<td>Vnit\u0159n\u00ed pr\u016fm\u011br<\/td>\n<td>Celkov\u00e1 v\u00fd\u0161ka<\/td>\n<td>Vn\u011bj\u0161\u00ed v\u00fd\u0161ka<\/td>\n<td>Vnit\u0159n\u00ed v\u00fd\u0161ka<\/td>\n<td>Parametry vn\u011bj\u0161\u00edho otvoru<\/td>\n<td>Parametry vnit\u0159n\u00edho otvoru<\/td>\n<td>Po\u010det zub\u016f<\/td>\n<\/tr>\n<tr>\n<td>R140LC-7<\/td>\n<td>81N4-01020<\/td>\n<td>1196<\/td>\n<td>963<\/td>\n<td>90<\/td>\n<td>79<\/td>\n<td>80<\/td>\n<td>36-\u03c619<\/td>\n<td>36-M16*1.5<\/td>\n<td>98<\/td>\n<\/tr>\n<tr>\n<td>R210LC-3<\/td>\n<td>81EM-00020<\/td>\n<td>1202<\/td>\n<td>945<\/td>\n<td>84<\/td>\n<td>75<\/td>\n<td>70<\/td>\n<td>36<\/td>\n<td>36<\/td>\n<td>80<\/td>\n<\/tr>\n<tr>\n<td>R170W-7<\/td>\n<td>81EM-00021<\/td>\n<td>1202<\/td>\n<td>947<\/td>\n<td>83<\/td>\n<td>75<\/td>\n<td>70<\/td>\n<td>36-\u03c622<\/td>\n<td>36-M20*1.5<\/td>\n<td>80<\/td>\n<\/tr>\n<tr>\n<td>R180W-9S<\/td>\n<td>81EM-00021GG<\/td>\n<td>1202<\/td>\n<td>947<\/td>\n<td>83<\/td>\n<td>75<\/td>\n<td>70<\/td>\n<td>36-\u03c622<\/td>\n<td>36-M20*1.5<\/td>\n<td>80<\/td>\n<\/tr>\n<tr>\n<td>R200W-7<\/td>\n<td>81EM-00021GG<\/td>\n<td>1327<\/td>\n<td>1083<\/td>\n<td>110<\/td>\n<td>89<\/td>\n<td>94<\/td>\n<td>30-\u03c622<\/td>\n<td>36-M20<\/td>\n<td>92<\/td>\n<\/tr>\n<tr>\n<td>R210-7<\/td>\n<td>81N6-00023BG<\/td>\n<td>1327<\/td>\n<td>1084<\/td>\n<td>110<\/td>\n<td>89<\/td>\n<td>94<\/td>\n<td>30-\u03c622<\/td>\n<td>36-M20<\/td>\n<td>92<\/td>\n<\/tr>\n<tr>\n<td>R210LC-7<\/td>\n<td>81N6-01020<\/td>\n<td>1326<\/td>\n<td>1084<\/td>\n<td>110<\/td>\n<td>89<\/td>\n<td>94<\/td>\n<td>30-\u03c622<\/td>\n<td>36-M20<\/td>\n<td>92<\/td>\n<\/tr>\n<tr>\n<td>R210-7<\/td>\n<td>81N6-00022<\/td>\n<td>1326<\/td>\n<td>1084<\/td>\n<td>110<\/td>\n<td>89<\/td>\n<td>94<\/td>\n<td>30-\u03c622<\/td>\n<td>36-M20<\/td>\n<td>92<\/td>\n<\/tr>\n<tr>\n<td>R210-7<\/td>\n<td>81N6-00021<\/td>\n<td>1326<\/td>\n<td>1084<\/td>\n<td>110<\/td>\n<td>89<\/td>\n<td>94<\/td>\n<td>30-\u03c622<\/td>\n<td>36-M20<\/td>\n<td>92<\/td>\n<\/tr>\n<tr>\n<td>R210LC7<\/td>\n<td>31N 812020<\/td>\n<td>1326<\/td>\n<td>1084<\/td>\n<td>110<\/td>\n<td>89<\/td>\n<td>94<\/td>\n<td>30-\u03a622<\/td>\n<td>36-M20<\/td>\n<td>92<\/td>\n<\/tr>\n<tr>\n<td>R210W-9S<\/td>\n<td>81Q5-01020<\/td>\n<td>1327<\/td>\n<td>1083<\/td>\n<td>110<\/td>\n<td>89<\/td>\n<td>94<\/td>\n<td>30-\u03c622<\/td>\n<td>36-M20<\/td>\n<td>92<\/td>\n<\/tr>\n<tr>\n<td>R210W-9S<\/td>\n<td>81Q5-01021<\/td>\n<td>1327<\/td>\n<td>1083<\/td>\n<td>110<\/td>\n<td>89<\/td>\n<td>94<\/td>\n<td>30-\u03c622<\/td>\n<td>36-M20<\/td>\n<td>92<\/td>\n<\/tr>\n<tr>\n<td>R220LC-9S<\/td>\n<td>81Q6-00020<\/td>\n<td>1326<\/td>\n<td>1084<\/td>\n<td>110<\/td>\n<td>89<\/td>\n<td>94<\/td>\n<td>30-\u03c622<\/td>\n<td>36-M20<\/td>\n<td>92<\/td>\n<\/tr>\n<tr>\n<td>R220LC-9S<\/td>\n<td>81Q6-01020<\/td>\n<td>1326<\/td>\n<td>1084<\/td>\n<td>110<\/td>\n<td>89<\/td>\n<td>94<\/td>\n<td>30-\u03c622<\/td>\n<td>36-M20<\/td>\n<td>92<\/td>\n<\/tr>\n<tr>\n<td>R220LC-9S<\/td>\n<td>81Q6-01021<\/td>\n<td>1326<\/td>\n<td>1084<\/td>\n<td>110<\/td>\n<td>89<\/td>\n<td>94<\/td>\n<td>30-\u03c622<\/td>\n<td>36-M20<\/td>\n<td>92<\/td>\n<\/tr>\n<tr>\n<td>R220LC-9S<\/td>\n<td>81Q6-00021<\/td>\n<td>1326<\/td>\n<td>1084<\/td>\n<td>110<\/td>\n<td>89<\/td>\n<td>94<\/td>\n<td>30-\u03c622<\/td>\n<td>36-M20<\/td>\n<td>92<\/td>\n<\/tr>\n<tr>\n<td>R250LC-7<\/td>\n<td>81EN-00052<\/td>\n<td>1410<\/td>\n<td>1131<\/td>\n<td>120<\/td>\n<td>88<\/td>\n<td>110<\/td>\n<td>34-\u03c623<\/td>\n<td>36-M20<\/td>\n<td>82<\/td>\n<\/tr>\n<tr>\n<td>290LC-7<\/td>\n<td>81N8-0003<\/td>\n<td>1526<\/td>\n<td>1235<\/td>\n<td>123<\/td>\n<td>97<\/td>\n<td>110<\/td>\n<td>38-\u03c626<\/td>\n<td>40-M24<\/td>\n<td>90<\/td>\n<\/tr>\n<tr>\n<td>R290<\/td>\n<td>81N8-00021<\/td>\n<td>1526<\/td>\n<td>1235<\/td>\n<td>122<\/td>\n<td>87<\/td>\n<td>110<\/td>\n<td>37-\u042426<\/td>\n<td>40-M24<\/td>\n<td>90<\/td>\n<\/tr>\n<tr>\n<td>R290<\/td>\n<td>81N8-00022<\/td>\n<td>1526<\/td>\n<td>1235<\/td>\n<td>122<\/td>\n<td>87<\/td>\n<td>110<\/td>\n<td>37-\u042426<\/td>\n<td>40-M24<\/td>\n<td>90<\/td>\n<\/tr>\n<tr>\n<td>R290LC 7A<\/td>\n<td>4921797<\/td>\n<td>1526<\/td>\n<td>1235<\/td>\n<td>123<\/td>\n<td>97<\/td>\n<td>110<\/td>\n<td>38-\u03c626<\/td>\n<td>40-M24<\/td>\n<td>90<\/td>\n<\/tr>\n<tr>\n<td>R290LC-7<\/td>\n<td>81N8-00023<\/td>\n<td>1526<\/td>\n<td>1235<\/td>\n<td>123<\/td>\n<td>97<\/td>\n<td>110<\/td>\n<td>38-\u03c626<\/td>\n<td>40-M24<\/td>\n<td>90<\/td>\n<\/tr>\n<tr>\n<td>R290LC-7A<\/td>\n<td>81N8-00024GG<\/td>\n<td>1526<\/td>\n<td>1235<\/td>\n<td>122<\/td>\n<td>97<\/td>\n<td>110<\/td>\n<td>38-\u03c626<\/td>\n<td>40-M24<\/td>\n<td>90<\/td>\n<\/tr>\n<tr>\n<td>R320-7<\/td>\n<td>81N9-01020<\/td>\n<td>1526<\/td>\n<td>1235<\/td>\n<td>122<\/td>\n<td>97<\/td>\n<td>110<\/td>\n<td>38-\u042426<\/td>\n<td>40-M24<\/td>\n<td>90<\/td>\n<\/tr>\n<tr>\n<td>R320LC-7<\/td>\n<td>81N9-01021<\/td>\n<td>1526<\/td>\n<td>1235<\/td>\n<td>122<\/td>\n<td>97<\/td>\n<td>110<\/td>\n<td>38-\u042426<\/td>\n<td>40-M24<\/td>\n<td>90<\/td>\n<\/tr>\n<tr>\n<td>R320LC-7<\/td>\n<td>81N9-01022<\/td>\n<td>1526<\/td>\n<td>1235<\/td>\n<td>122<\/td>\n<td>97<\/td>\n<td>110<\/td>\n<td>38-\u042426<\/td>\n<td>40-M24<\/td>\n<td>90<\/td>\n<\/tr>\n<tr>\n<td>R320LC-7<\/td>\n<td>81n9-01022 BG<\/td>\n<td>1526<\/td>\n<td>1235<\/td>\n<td>122<\/td>\n<td>97<\/td>\n<td>110<\/td>\n<td>38-\u042426<\/td>\n<td>40-M24<\/td>\n<td>90<\/td>\n<\/tr>\n<tr>\n<td>R320LC-7<\/td>\n<td>81N9-00021<\/td>\n<td>1526<\/td>\n<td>1235<\/td>\n<td>122<\/td>\n<td>97<\/td>\n<td>110<\/td>\n<td>38<\/td>\n<td>40<\/td>\n<td>90<\/td>\n<\/tr>\n<tr>\n<td>R360LC-7<\/td>\n<td>81NA-01020<\/td>\n<td>1550<\/td>\n<td>1250<\/td>\n<td><\/td>\n<td>108<\/td>\n<td>140<\/td>\n<td>35<\/td>\n<td>40<\/td>\n<td>106<\/td>\n<\/tr>\n<tr>\n<td>R360LC-7<\/td>\n<td>81NA-01022GG<\/td>\n<td>1550<\/td>\n<td>1250<\/td>\n<td>152<\/td>\n<td>108<\/td>\n<td>140<\/td>\n<td>35<\/td>\n<td>40<\/td>\n<td>106<\/td>\n<\/tr>\n<tr>\n<td>R360LC-7A<\/td>\n<td>81NA-01021BG<\/td>\n<td>1550<\/td>\n<td>1250<\/td>\n<td>152<\/td>\n<td>108<\/td>\n<td>140<\/td>\n<td>35<\/td>\n<td>40<\/td>\n<td>106<\/td>\n<\/tr>\n<\/tbody>\n<\/table>\n<\/figure>\n<\/div>\n<h3>\u00davod do kyvn\u00fdch lo\u017eisek rypadel<\/h3>\n<p>V oblasti t\u011b\u017ek\u00fdch stroj\u016f jsou bagry nepostradateln\u00fdm n\u00e1strojem pro celou \u0159adu stavebn\u00edch a v\u00fdkopov\u00fdch prac\u00ed. Mezi kritick\u00e9 sou\u010d\u00e1sti, kter\u00e9 p\u0159isp\u00edvaj\u00ed k jejich v\u00fdjime\u010dn\u00e9mu v\u00fdkonu, pat\u0159\u00ed kyvn\u00e9 lo\u017eisko. Tato \u017eivotn\u011b d\u016fle\u017eit\u00e1 sou\u010d\u00e1st hraje kl\u00ed\u010dovou roli v tom, aby se horn\u00ed konstrukce rypadla plynule a efektivn\u011b ot\u00e1\u010dela.<\/p>\n<p>Kyvn\u00e9 lo\u017eisko je velk\u00e9 kruhov\u00e9 lo\u017eisko, kter\u00e9 je um\u00edst\u011bno v z\u00e1kladn\u011b horn\u00ed konstrukce r\u00fdpadla. Poskytuje povrch s n\u00edzk\u00fdm t\u0159en\u00edm, kter\u00fd umo\u017e\u0148uje voln\u00e9 ot\u00e1\u010den\u00ed horn\u00ed konstrukce na spodn\u00ed konstrukci. Toto ot\u00e1\u010den\u00ed je nezbytn\u00e9 k tomu, aby r\u00fdpadlo mohlo vykon\u00e1vat sv\u00e9 z\u00e1kladn\u00ed funkce, jako je kop\u00e1n\u00ed, v\u00fdkopov\u00e9 pr\u00e1ce a manipulace s materi\u00e1lem.<\/p>\n<p>Konstrukce kyvn\u00e9ho lo\u017eiska m\u00e1 z\u00e1sadn\u00ed v\u00fdznam pro celkov\u00fd v\u00fdkon r\u00fdpadla. Mus\u00ed b\u00fdt schopno odolat obrovsk\u00e9mu zat\u00ed\u017een\u00ed a sil\u00e1m, kter\u00e9 vznikaj\u00ed b\u011bhem provozu. Tato zat\u00ed\u017een\u00ed zahrnuj\u00ed hmotnost horn\u00ed konstrukce, kopac\u00ed s\u00edly a setrva\u010dn\u00e9 s\u00edly, kter\u00e9 vznikaj\u00ed p\u0159i zrychlov\u00e1n\u00ed a zpomalov\u00e1n\u00ed.<\/p>\n<p>Pro spln\u011bn\u00ed t\u011bchto po\u017eadavk\u016f jsou kyvn\u00e1 lo\u017eiska obvykle vyrobena z vysoce pevn\u00fdch materi\u00e1l\u016f, jako je kovan\u00e1 ocel nebo litina. Jsou tak\u00e9 vybavena v\u00edce \u0159adami valiv\u00fdch t\u011bles, kter\u00e1 rozkl\u00e1daj\u00ed zat\u00ed\u017een\u00ed a sni\u017euj\u00ed t\u0159en\u00ed. Valiv\u00e1 t\u011blesa jsou obvykle vyrobena z kalen\u00e9 oceli nebo keramick\u00fdch materi\u00e1l\u016f, aby byla zaji\u0161t\u011bna jejich odolnost a dlouh\u00e1 \u017eivotnost.<\/p>\n<p>Spr\u00e1vn\u00e1 \u00fadr\u017eba kyvn\u00fdch lo\u017eisek je nezbytn\u00e1 pro zaji\u0161t\u011bn\u00ed optim\u00e1ln\u00edho v\u00fdkonu a dlouh\u00e9 \u017eivotnosti r\u00fdpadla. Pravideln\u00e9 maz\u00e1n\u00ed m\u00e1 z\u00e1sadn\u00ed v\u00fdznam pro zabr\u00e1n\u011bn\u00ed opot\u0159eben\u00ed a prodlou\u017een\u00ed \u017eivotnosti lo\u017eiska. Krom\u011b toho by m\u011bly b\u00fdt prov\u00e1d\u011bny pravideln\u00e9 kontroly, aby se zjistily jak\u00e9koli zn\u00e1mky po\u0161kozen\u00ed nebo nadm\u011brn\u00e9ho opot\u0159eben\u00ed.<\/p>\n<p>P\u0159i v\u00fdb\u011bru kyvn\u00e9ho lo\u017eiska pro r\u00fdpadlo je d\u016fle\u017eit\u00e9 zohlednit specifick\u00e9 po\u017eadavky dan\u00e9 aplikace. Je t\u0159eba vz\u00edt v \u00favahu faktory, jako je velikost, hmotnost a zam\u00fd\u0161len\u00e9 pou\u017eit\u00ed rypadla. Pro spr\u00e1vn\u00fd v\u00fdb\u011br a instalaci lo\u017eiska je rovn\u011b\u017e vhodn\u00e9 poradit se s v\u00fdrobcem rypadla nebo kvalifikovan\u00fdm dodavatelem lo\u017eisek.<\/p>\n<p>Z\u00e1v\u011brem lze \u0159\u00edci, \u017ee kyvn\u00e9 lo\u017eisko je d\u016fle\u017eitou sou\u010d\u00e1st\u00ed, kter\u00e1 hraje z\u00e1sadn\u00ed roli p\u0159i v\u00fdkonu a \u00fa\u010dinnosti r\u00fdpadel. Pochopen\u00edm konstrukce, funkce a po\u017eadavk\u016f na \u00fadr\u017ebu kyvn\u00fdch lo\u017eisek mohou provozovatel\u00e9 a pracovn\u00edci \u00fadr\u017eby zajistit, aby jejich r\u00fdpadla pracovala na \u0161pi\u010dkov\u00e9 \u00farovni po mnoho let.<\/p>\n<h4><a href=\"https:\/\/swingbearing.net\/cs\/swing-bearing\/\">Kyvn\u00e9 lo\u017eisko Hyundai<\/a><\/h4>\n<p>Hyundai je zn\u00e1m\u00e1 zna\u010dka v oboru stavebn\u00edch stroj\u016f, kter\u00e1 poskytuje kvalitn\u00ed stroje a n\u00e1hradn\u00ed d\u00edly pro rypadla. V\u00fdrobky Hyundai pro kyvn\u00e1 lo\u017eiska rypadel jsou navr\u017eeny tak, aby poskytovaly trvanlivost, p\u0159esnost a v\u00fdkon, a jsou tak ide\u00e1ln\u00ed volbou pro majitele a provozovatele rypadel.<\/p>\n<p>Kyvn\u00e9 lo\u017eisko pro r\u00fdpadla Hyundai je k dispozici pro \u0161irokou \u0159adu model\u016f r\u00fdpadel, v\u010detn\u011b R55, R60, R80, R130LC-3-5, R150, R190, R200, R200-5, R210, R215-7\/9, R220, R225LC-7\/9, R245, R260, R265, R290, R290LC-7, R300LC, R305LC, R330LC, R340, R375, R360LC-7, R390, R450LC, R470, R485, R500, R55-5, R60-5, R55-7, R60-7, R70-7, R80, R110LC-7, R130-5, R130-7, R140LC-7, R150LC-7, R150LC-9, R200W-7, R200, R200-3, R200-5, R210-3, R210-5, R210-5D, R220-3, R220-5, R210-7, R210-9, R215-7, R225-7, R220-9, R225-9, R260-7, R265-7, R290-3, R300-5, R290-7, R305-7, R305-9, R320-7, R300, R350, R400, R450, R480 a R550.<\/p>","protected":false},"excerpt":{"rendered":"<p><strong><b>\u010c\u00e1st<\/b><\/strong> #: 81N9-00021<br \/>\n<strong><b>Vytvo\u0159te<\/b><\/strong>: HYUNDAI<br \/>\n<strong><b>Model<\/b><\/strong>:R320LC-7<br \/>\n<strong><b>Stav<\/b><\/strong>: Nov\u00fd<\/p>","protected":false},"featured_media":3038,"template":"","meta":[],"product_brand":[],"product_cat":[66,22],"product_tag":[],"class_list":{"0":"post-3387","1":"product","2":"type-product","3":"status-publish","4":"has-post-thumbnail","6":"product_cat-hyundai-excavator-swing-bearing","7":"product_cat-swing-bearing","9":"first","10":"instock","11":"shipping-taxable","12":"product-type-simple"},"_links":{"self":[{"href":"https:\/\/swingbearing.net\/cs\/wp-json\/wp\/v2\/product\/3387","targetHints":{"allow":["GET"]}}],"collection":[{"href":"https:\/\/swingbearing.net\/cs\/wp-json\/wp\/v2\/product"}],"about":[{"href":"https:\/\/swingbearing.net\/cs\/wp-json\/wp\/v2\/types\/product"}],"wp:featuredmedia":[{"embeddable":true,"href":"https:\/\/swingbearing.net\/cs\/wp-json\/wp\/v2\/media\/3038"}],"wp:attachment":[{"href":"https:\/\/swingbearing.net\/cs\/wp-json\/wp\/v2\/media?parent=3387"}],"wp:term":[{"taxonomy":"product_brand","embeddable":true,"href":"https:\/\/swingbearing.net\/cs\/wp-json\/wp\/v2\/product_brand?post=3387"},{"taxonomy":"product_cat","embeddable":true,"href":"https:\/\/swingbearing.net\/cs\/wp-json\/wp\/v2\/product_cat?post=3387"},{"taxonomy":"product_tag","embeddable":true,"href":"https:\/\/swingbearing.net\/cs\/wp-json\/wp\/v2\/product_tag?post=3387"}],"curies":[{"name":"wp","href":"https:\/\/api.w.org\/{rel}","templated":true}]}}