{"id":2326,"date":"2024-04-12T06:50:18","date_gmt":"2024-04-12T06:50:18","guid":{"rendered":"https:\/\/swingbearing.net\/?post_type=product&#038;p=2326"},"modified":"2024-05-15T05:57:49","modified_gmt":"2024-05-15T05:57:49","slug":"swing-bearing-liugong-936d","status":"publish","type":"product","link":"https:\/\/swingbearing.net\/cs\/product\/swing-bearing-liugong-936d\/","title":{"rendered":"LIUGONG Swing Bearing"},"content":{"rendered":"<h2 style=\"text-align: center;\">Parametry kyvn\u00e9ho lo\u017eiska LIUGONG<\/h2>\n<figure class=\"wp-block-table is-style-stripes has-small-font-size\">\n<table class=\"has-cyan-bluish-gray-background-color has-background\">\n<tbody>\n<tr>\n<td width=\"52\">Model<\/td>\n<td width=\"62\">\u010c\u00edslo d\u00edlu<\/td>\n<td width=\"81\">Vn\u011bj\u0161\u00ed pr\u016fm\u011br<\/td>\n<td width=\"111\">Vnit\u0159n\u00ed pr\u016fm\u011br<\/td>\n<td width=\"77\">Celkov\u00e1 v\u00fd\u0161ka<\/td>\n<td width=\"77\">Vn\u011bj\u0161\u00ed v\u00fd\u0161ka<\/td>\n<td width=\"104\">Vnit\u0159n\u00ed v\u00fd\u0161ka<\/td>\n<td width=\"141\">Parametry vn\u011bj\u0161\u00edho otvoru<\/td>\n<td width=\"103\">Parametry vnit\u0159n\u00edho otvoru<\/td>\n<td width=\"85\">Po\u010det zub\u016f<\/td>\n<\/tr>\n<tr>\n<td width=\"52\">922<\/td>\n<td width=\"62\">26b0272<\/td>\n<td width=\"81\">1405<\/td>\n<td width=\"111\">1129<\/td>\n<td width=\"77\">100<\/td>\n<td width=\"77\">70<\/td>\n<td width=\"104\">90<\/td>\n<td width=\"141\">36-\u03c624 nerovnom\u011brn\u00e9<\/td>\n<td width=\"103\">36-M22<\/td>\n<td width=\"85\">95<\/td>\n<\/tr>\n<tr>\n<td width=\"52\">922<\/td>\n<td width=\"62\">26b0122<\/td>\n<td width=\"81\">1405<\/td>\n<td width=\"111\">1129<\/td>\n<td width=\"77\">100<\/td>\n<td width=\"77\">70<\/td>\n<td width=\"104\">90<\/td>\n<td width=\"141\">36-\u03c624 nerovnom\u011brn\u00e9<\/td>\n<td width=\"103\">36-M22<\/td>\n<td width=\"85\">95<\/td>\n<\/tr>\n<tr>\n<td width=\"52\">922<\/td>\n<td width=\"62\">26b0010<\/td>\n<td width=\"81\">1405<\/td>\n<td width=\"111\">1129<\/td>\n<td width=\"77\">100<\/td>\n<td width=\"77\">70<\/td>\n<td width=\"104\">90<\/td>\n<td width=\"141\">36 Rovnom\u011brn\u011b rozd\u011bleno<\/td>\n<td width=\"103\">36-M22<\/td>\n<td width=\"85\">91<\/td>\n<\/tr>\n<tr>\n<td width=\"52\">LG922D<\/td>\n<td width=\"62\">26B0122<\/td>\n<td width=\"81\">1405<\/td>\n<td width=\"111\">1129<\/td>\n<td width=\"77\">100<\/td>\n<td width=\"77\">70<\/td>\n<td width=\"104\">90<\/td>\n<td width=\"141\">36-\u03c624 nerovnom\u011brn\u00e9<\/td>\n<td width=\"103\">36-M22<\/td>\n<td width=\"85\">95<\/td>\n<\/tr>\n<tr>\n<td width=\"52\">936D<\/td>\n<td width=\"62\">26B0120<\/td>\n<td width=\"81\">1658<\/td>\n<td width=\"111\">1334.3<\/td>\n<td width=\"77\">125<\/td>\n<td width=\"77\">82<\/td>\n<td width=\"104\">115<\/td>\n<td width=\"141\">40-\u03c626 nerovnom\u011brn\u00e9<\/td>\n<td width=\"103\">40-M24 Rovnom\u011brn\u011b rozd\u011bleno<\/td>\n<td width=\"85\">97<\/td>\n<\/tr>\n<\/tbody>\n<\/table>\n<\/figure>\n<h2 class=\"wp-block-heading has-medium-font-size\">Kyvn\u00e1 lo\u017eiska bagr\u016f Liugong<\/h2>\n<p>Lo\u017eisko houpa\u010dky bagru Liugong: Odoln\u00e1 a spolehliv\u00e1 volba pro va\u0161e rypadlo<br \/>\nKyvn\u00e1 lo\u017eiska, zn\u00e1m\u00e1 tak\u00e9 jako lo\u017eiska oto\u010dn\u00e9ho stolu, jsou nezbytnou sou\u010d\u00e1st\u00ed r\u00fdpadel. Tato lo\u017eiska umo\u017e\u0148uj\u00ed plynul\u00e9 a bezpe\u010dn\u00e9 ot\u00e1\u010den\u00ed horn\u00ed konstrukce rypadla. Kyvn\u00e1 lo\u017eiska rypadel hraj\u00ed kl\u00ed\u010dovou roli p\u0159i v\u00fdkonu a spolehlivosti stroje. Z tohoto d\u016fvodu je v\u00fdb\u011br kvalitn\u00edch oto\u010dn\u00fdch lo\u017eisek z\u00e1sadn\u00ed pro dlouhou \u017eivotnost a efektivitu va\u0161eho rypadla.<\/p>\n<p>Spole\u010dnost Liugong je renomovanou zna\u010dkou v oboru stavebn\u00edch stroj\u016f a nab\u00edz\u00ed \u0159adu oto\u010dn\u00fdch lo\u017eisek pro rypadla, kter\u00e1 jsou zn\u00e1m\u00e1 svou odolnost\u00ed a spolehlivost\u00ed. Kyvn\u00e1 lo\u017eiska pro rypadla Liugong jsou navr\u017eena tak, aby odol\u00e1vala n\u00e1ro\u010dn\u00fdm podm\u00ednk\u00e1m a velk\u00e9mu zat\u00ed\u017een\u00ed, co\u017e zaru\u010duje, \u017ee va\u0161e rypadlo zvl\u00e1dne jakoukoli pr\u00e1ci, a\u0165 u\u017e velkou nebo malou.<\/p>\n<h2 class=\"wp-block-heading has-medium-font-size\">Pou\u017eiteln\u00fd model kyvn\u00e9ho lo\u017eiska bagru<\/h2>\n<p class=\"has-text-align-left\">K dispozici jsou n\u00e1sleduj\u00edc\u00ed modely kyvn\u00fdch lo\u017eisek r\u00fdpadel Liugong: CLG904, CLG9055, CLG906, CLG907, CLG9075, CLG908, CLG915, CLG150, CLG920, CLG921, CLG922, CLG225, CLG924, CLG925, CLG933, CLG936, CLG939, CLG942, CLG948, CLG950, CLG952, CLG200, CLG205, CLG220 a CLG225.<\/p>\n<p>Tato oto\u010dn\u00e1 lo\u017eiska pro r\u00fdpadla Liugong jsou navr\u017eena s p\u0159esnost\u00ed a preciznost\u00ed, aby byl zaji\u0161t\u011bn optim\u00e1ln\u00ed v\u00fdkon a \u017eivotnost. Jsou vyrobena z vysoce kvalitn\u00edch materi\u00e1l\u016f a odol\u00e1vaj\u00ed extr\u00e9mn\u00edm pov\u011btrnostn\u00edm podm\u00ednk\u00e1m a n\u00e1ro\u010dn\u00fdm aplikac\u00edm.<br \/>\nZ\u00e1vazek spole\u010dnosti Liugong ke kvalit\u011b a spolehlivosti se odr\u00e1\u017e\u00ed ve v\u0161ech aspektech jej\u00edch v\u00fdrobk\u016f a kyvn\u00e1 lo\u017eiska pro r\u00fdpadla nejsou v\u00fdjimkou. Jsou zkonstruov\u00e1na tak, aby poskytovala vynikaj\u00edc\u00ed nosnost a vysokou p\u0159esnost a zajistila hladk\u00fd a efektivn\u00ed chod va\u0161eho rypadla.<br \/>\nKrom\u011b v\u00fdkonnostn\u00edch v\u00fdhod se oto\u010dn\u00e1 lo\u017eiska Liugong pro r\u00fdpadla tak\u00e9 snadno instaluj\u00ed a vy\u017eaduj\u00ed minim\u00e1ln\u00ed \u00fadr\u017ebu, co\u017e sni\u017euje prostoje a n\u00e1klady na opravy.<\/p>\n<p>Pokud jde o v\u00fdb\u011br kyvn\u00fdch lo\u017eisek d\u00edl\u016f rypadel, je pro dlouhou \u017eivotnost a spolehlivost va\u0161eho stroje z\u00e1sadn\u00ed zvolit vysoce kvalitn\u00ed zna\u010dku, jako je Liugong. Kyvn\u00e1 lo\u017eiska r\u00fdpadel Liugong jsou navr\u017eena tak, aby poskytovala nejlep\u0161\u00ed v\u00fdkon, trvanlivost a spolehlivost, co\u017e z nich \u010din\u00ed vynikaj\u00edc\u00ed volbu pro jak\u00fdkoli projekt v\u00fdkopov\u00fdch prac\u00ed.<\/p>\n<p>Z\u00e1v\u011brem lze \u0159\u00edci, \u017ee pokud hled\u00e1te vysoce kvalitn\u00ed oto\u010dn\u00e1 lo\u017eiska pro rypadla, hledejte pouze u spole\u010dnosti Liugong. D\u00edky jejich sortimentu odoln\u00fdch a spolehliv\u00fdch lo\u017eisek kyvn\u00fdch krou\u017ek\u016f si m\u016f\u017eete b\u00fdt jisti, \u017ee va\u0161e rypadlo bude pracovat efektivn\u011b a hladce a poskytne v\u00e1m v\u00fdkon a spolehlivost, kter\u00e9 pot\u0159ebujete k pr\u00e1ci.<br \/>\nJsme v\u00e1m k dispozici pro jak\u00fdkoli typ, model nebo zna\u010dku oto\u010dn\u00e9ho krou\u017eku.Kontaktujte n\u00e1s je\u0161t\u011b dnes s jak\u00fdmikoli dotazy ohledn\u011b va\u0161ich pot\u0159eb.<\/p>\n<figure class=\"wp-block-image size-full\"><\/figure>\n<figure class=\"wp-block-table\">\n<table>\n<tbody>\n<tr>\n<td><img decoding=\"async\" class=\"wp-image-177\" src=\"https:\/\/national-bearing.com\/wp-content\/uploads\/2023\/04\/0001.jpg\" sizes=\"(max-width: 600px) 100vw, 600px\" srcset=\"https:\/\/national-bearing.com\/wp-content\/uploads\/2023\/04\/0001.jpg 600w, https:\/\/national-bearing.com\/wp-content\/uploads\/2023\/04\/0001-300x200.jpg 300w\" alt=\"kyvn\u00e9 lo\u017eisko bagru \" width=\"600\" height=\"400\" \/><\/td>\n<td><img decoding=\"async\" class=\"wp-image-643\" src=\"https:\/\/national-bearing.com\/wp-content\/uploads\/2023\/04\/66.jpg\" sizes=\"(max-width: 600px) 100vw, 600px\" srcset=\"https:\/\/national-bearing.com\/wp-content\/uploads\/2023\/04\/66.jpg 600w, https:\/\/national-bearing.com\/wp-content\/uploads\/2023\/04\/66-300x200.jpg 300w\" alt=\"m\u011b\u0159en\u00ed kyvn\u00fdch lo\u017eisek bagr\u016f\" width=\"600\" height=\"400\" \/><\/td>\n<\/tr>\n<\/tbody>\n<\/table>\n<\/figure>","protected":false},"excerpt":{"rendered":"<div class=\"woocommerce-product-details__short-description\">\n<p><strong>\u010c\u00e1st<\/strong> #:26b0272<br \/>\n<strong>Vytvo\u0159te<\/strong>: LIUGONG<br \/>\n<strong>Model<\/strong>: 922<br \/>\n<strong>Stav<\/strong>: Nov\u00e9 kyvn\u00e9 lo\u017eisko<br \/>\n<strong>V\u00edce na<\/strong>:CLG950,CLG948,LG922D<br \/>\nCLG907,CLG9075,CLG952,936D<\/p>\n<\/div>","protected":false},"featured_media":2349,"template":"","meta":[],"product_brand":[],"product_cat":[22,73],"product_tag":[52],"class_list":{"0":"post-2326","1":"product","2":"type-product","3":"status-publish","4":"has-post-thumbnail","6":"product_cat-swing-bearing","7":"product_cat-liugong-excavator-swing-bearing","8":"product_tag-swing-bearing","10":"first","11":"instock","12":"shipping-taxable","13":"product-type-simple"},"_links":{"self":[{"href":"https:\/\/swingbearing.net\/cs\/wp-json\/wp\/v2\/product\/2326","targetHints":{"allow":["GET"]}}],"collection":[{"href":"https:\/\/swingbearing.net\/cs\/wp-json\/wp\/v2\/product"}],"about":[{"href":"https:\/\/swingbearing.net\/cs\/wp-json\/wp\/v2\/types\/product"}],"wp:featuredmedia":[{"embeddable":true,"href":"https:\/\/swingbearing.net\/cs\/wp-json\/wp\/v2\/media\/2349"}],"wp:attachment":[{"href":"https:\/\/swingbearing.net\/cs\/wp-json\/wp\/v2\/media?parent=2326"}],"wp:term":[{"taxonomy":"product_brand","embeddable":true,"href":"https:\/\/swingbearing.net\/cs\/wp-json\/wp\/v2\/product_brand?post=2326"},{"taxonomy":"product_cat","embeddable":true,"href":"https:\/\/swingbearing.net\/cs\/wp-json\/wp\/v2\/product_cat?post=2326"},{"taxonomy":"product_tag","embeddable":true,"href":"https:\/\/swingbearing.net\/cs\/wp-json\/wp\/v2\/product_tag?post=2326"}],"curies":[{"name":"wp","href":"https:\/\/api.w.org\/{rel}","templated":true}]}}