{"id":2322,"date":"2024-04-12T06:49:19","date_gmt":"2024-04-12T06:49:19","guid":{"rendered":"https:\/\/swingbearing.net\/?post_type=product&#038;p=2322"},"modified":"2024-05-15T06:03:20","modified_gmt":"2024-05-15T06:03:20","slug":"swing-bearing-case-2","status":"publish","type":"product","link":"https:\/\/swingbearing.net\/cs\/product\/swing-bearing-case-2\/","title":{"rendered":"Kyvn\u00e9 lo\u017eisko CASE"},"content":{"rendered":"<h2 style=\"text-align: center;\">Parametry kyvn\u00e9ho lo\u017eiska CASE<\/h2>\n<figure class=\"wp-block-table is-style-stripes has-small-font-size\">\n<table class=\"has-cyan-bluish-gray-background-color has-background\">\n<tbody>\n<tr>\n<td style=\"text-align: right;\">Model<\/td>\n<td style=\"text-align: right;\">\u010c\u00edslo d\u00edlu<\/td>\n<td style=\"text-align: right;\">Vn\u011bj\u0161\u00ed pr\u016fm\u011br<\/td>\n<td style=\"text-align: right;\">Vnit\u0159n\u00ed pr\u016fm\u011br<\/td>\n<td style=\"text-align: right;\">Celkov\u00e1 v\u00fd\u0161ka<\/td>\n<td style=\"text-align: right;\">Vn\u011bj\u0161\u00ed v\u00fd\u0161ka<\/td>\n<td style=\"text-align: right;\">Vnit\u0159n\u00ed v\u00fd\u0161ka<\/td>\n<td style=\"text-align: right;\">Parametry vn\u011bj\u0161\u00edho otvoru<\/td>\n<td style=\"text-align: right;\">Parametry vnit\u0159n\u00edho otvoru<\/td>\n<td style=\"text-align: right;\">Po\u010det zub\u016f<\/td>\n<\/tr>\n<tr>\n<td>CX130<\/td>\n<td>KNB10130<\/td>\n<td>1172<\/td>\n<td>972<\/td>\n<td>88<\/td>\n<td>65<\/td>\n<td>78<\/td>\n<td>28<\/td>\n<td>36<\/td>\n<td>98<\/td>\n<\/tr>\n<tr>\n<td>CX130<\/td>\n<td>KNB 11840<\/td>\n<td>1172<\/td>\n<td>973<\/td>\n<td>88<\/td>\n<td>65<\/td>\n<td>78<\/td>\n<td>28<\/td>\n<td>36<\/td>\n<td>98<\/td>\n<\/tr>\n<tr>\n<td>CX210<\/td>\n<td>KRB1347<\/td>\n<td>1330<\/td>\n<td>1094<\/td>\n<td>103<\/td>\n<td>74<\/td>\n<td>92<\/td>\n<td>31<\/td>\n<td>36<\/td>\n<td>92<\/td>\n<\/tr>\n<tr>\n<td>CX210<\/td>\n<td>KRB1603<\/td>\n<td>1330<\/td>\n<td>1094<\/td>\n<td>103<\/td>\n<td>74<\/td>\n<td>92<\/td>\n<td>31<\/td>\n<td>36<\/td>\n<td>92<\/td>\n<\/tr>\n<tr>\n<td>CX210<\/td>\n<td>KRB10160<\/td>\n<td>1330<\/td>\n<td>1093<\/td>\n<td>102<\/td>\n<td>74<\/td>\n<td>92<\/td>\n<td>31-\u03c622<\/td>\n<td>36-M20<\/td>\n<td>92<\/td>\n<\/tr>\n<tr>\n<td>CX210B<\/td>\n<td>KRB10160<\/td>\n<td>1330<\/td>\n<td>1093<\/td>\n<td>102<\/td>\n<td>74<\/td>\n<td>92<\/td>\n<td>31-\u03c622<\/td>\n<td>36-M20<\/td>\n<td>92<\/td>\n<\/tr>\n<tr>\n<td>CX210<\/td>\n<td>KRB10180<\/td>\n<td>1330<\/td>\n<td>1093<\/td>\n<td>102<\/td>\n<td>74<\/td>\n<td>92<\/td>\n<td>31-\u03c622.5<\/td>\n<td>36-M20<\/td>\n<td>92<\/td>\n<\/tr>\n<tr>\n<td>CX210B<\/td>\n<td>KRB11710<\/td>\n<td>1330<\/td>\n<td>1093<\/td>\n<td>102<\/td>\n<td>74<\/td>\n<td>92<\/td>\n<td>31-\u03c622<\/td>\n<td>36-M20<\/td>\n<td>92<\/td>\n<\/tr>\n<tr>\n<td>CX210C<\/td>\n<td>KRB11710<\/td>\n<td>1330<\/td>\n<td>1093<\/td>\n<td>102<\/td>\n<td>74<\/td>\n<td>92<\/td>\n<td>31-\u03c622<\/td>\n<td>36-M20<\/td>\n<td>92<\/td>\n<\/tr>\n<tr>\n<td>CNH E215<\/td>\n<td>72203516<\/td>\n<td>1312<\/td>\n<td>1082<\/td>\n<td>110<\/td>\n<td>79<\/td>\n<td>98<\/td>\n<td>33<\/td>\n<td>36<\/td>\n<td>110<\/td>\n<\/tr>\n<tr>\n<td>CNH E215<\/td>\n<td>87472588<\/td>\n<td>1312<\/td>\n<td>1082<\/td>\n<td>110<\/td>\n<td>79<\/td>\n<td>98<\/td>\n<td>33<\/td>\n<td>36<\/td>\n<td>110<\/td>\n<\/tr>\n<tr>\n<td>CX240<\/td>\n<td>KBB0878<\/td>\n<td>1375<\/td>\n<td>1094<\/td>\n<td>124<\/td>\n<td>88<\/td>\n<td>114<\/td>\n<td>27-\u03a626<\/td>\n<td>36-M24<\/td>\n<td>92<\/td>\n<\/tr>\n<tr>\n<td>CX240<\/td>\n<td>KBB0282<\/td>\n<td>1375<\/td>\n<td>1094<\/td>\n<td>124<\/td>\n<td>80<\/td>\n<td>114<\/td>\n<td>26-\u03c626<\/td>\n<td>36-M24<\/td>\n<td>92<\/td>\n<\/tr>\n<tr>\n<td>CX240<\/td>\n<td>KBB 10080<\/td>\n<td>1376<\/td>\n<td>1093<\/td>\n<td>125<\/td>\n<td>88<\/td>\n<td>114<\/td>\n<td>27<\/td>\n<td>36<\/td>\n<td>92<\/td>\n<\/tr>\n<tr>\n<td>CX240B<\/td>\n<td>KBB11350<\/td>\n<td>1377<\/td>\n<td>1094<\/td>\n<td>124<\/td>\n<td>88<\/td>\n<td>114<\/td>\n<td>28-26<\/td>\n<td>36-M24<\/td>\n<td>92<\/td>\n<\/tr>\n<tr>\n<td>CX460<\/td>\n<td>KTB10010<\/td>\n<td>1615<\/td>\n<td>1275<\/td>\n<td>145<\/td>\n<td>125<\/td>\n<td>135<\/td>\n<td>41-\u03a626<\/td>\n<td>46-M24<\/td>\n<td>92<\/td>\n<\/tr>\n<tr>\n<td>CX290<\/td>\n<td>KBB10100<\/td>\n<td>1615<\/td>\n<td>1274<\/td>\n<td>122<\/td>\n<td>100<\/td>\n<td>110<\/td>\n<td>41<\/td>\n<td>46<\/td>\n<td>92<\/td>\n<\/tr>\n<\/tbody>\n<\/table>\n<\/figure>\n<p>Rypadla jsou t\u011b\u017ek\u00e9 stroje, kter\u00e9 se pou\u017e\u00edvaj\u00ed ke kop\u00e1n\u00ed, p\u0159emis\u0165ov\u00e1n\u00ed a zved\u00e1n\u00ed t\u011b\u017ek\u00fdch n\u00e1klad\u016f ve stavebnictv\u00ed, t\u011b\u017eebn\u00edm pr\u016fmyslu a dal\u0161\u00edch odv\u011btv\u00edch. Kl\u00ed\u010dovou sou\u010d\u00e1st\u00ed rypadla je oto\u010dn\u00e9 lo\u017eisko, zn\u00e1m\u00e9 tak\u00e9 jako kyvn\u00e9 lo\u017eisko, kter\u00e9 umo\u017e\u0148uje ot\u00e1\u010den\u00ed stroje o 360 stup\u0148\u016f. Pokud hled\u00e1te kvalitn\u00ed oto\u010dn\u00e1 lo\u017eiska pro sv\u00e9 rypadlo CASE, nehledejte nic jin\u00e9ho ne\u017e na\u0161i nab\u00eddku produkt\u016f.<\/p>\n<p>N\u00e1\u0161 sortiment kyvn\u00fdch lo\u017eisek pro r\u00fdpadla CASE zahrnuje n\u00e1sleduj\u00edc\u00ed modely: CX50B, CX55, CX210, CX210B, CX240A a CX240B. Tato lo\u017eiska jsou speci\u00e1ln\u011b navr\u017eena pro va\u0161e r\u00fdpadlo CASE a zaji\u0161\u0165uj\u00ed hladk\u00e9 a spolehliv\u00e9 ot\u00e1\u010den\u00ed i p\u0159i velk\u00e9m zat\u00ed\u017een\u00ed.<br \/>\nNa\u0161e kyvn\u00e1 lo\u017eiska bagr\u016f jsou vyrobena z vysoce kvalitn\u00edch materi\u00e1l\u016f, kter\u00e9 zaji\u0161\u0165uj\u00ed maxim\u00e1ln\u00ed odolnost a v\u00fdkon. Sou\u010d\u00e1sti lo\u017eiska oto\u010dn\u00e9ho stolu a lo\u017eiska kyvn\u00e9ho krou\u017eku jsou opracov\u00e1ny s p\u0159\u00edsn\u00fdmi tolerancemi, aby bylo zaji\u0161t\u011bno dokonal\u00e9 ulo\u017een\u00ed a hladk\u00fd chod. Lo\u017eiska jsou nav\u00edc navr\u017eena tak, aby odol\u00e1vala opot\u0159eben\u00ed, tak\u017ee jsou ide\u00e1ln\u00ed pro n\u00e1ro\u010dn\u00e9 aplikace.<\/p>\n<p>Krom\u011b vysoce kvalitn\u00ed konstrukce se na\u0161e kyvn\u00e1 lo\u017eiska r\u00fdpadel CASE snadno instaluj\u00ed a udr\u017euj\u00ed. Jsou navr\u017eena tak, aby nahradila d\u00edly v\u00fdrobce origin\u00e1ln\u00edho vybaven\u00ed (OEM) bez nutnosti \u00faprav, tak\u017ee jejich instalace je hra\u010dka. K na\u0161im lo\u017eisk\u016fm nab\u00edz\u00edme tak\u00e9 \u0159adu n\u00e1hradn\u00edch d\u00edl\u016f, kter\u00e9 v\u00e1m zajist\u00ed bezprobl\u00e9mov\u00fd provoz va\u0161eho rypadla po mnoho dal\u0161\u00edch let.<\/p>\n<p>Na\u0161e oto\u010dn\u00e1 lo\u017eiska pro r\u00fdpadla jsou nezbytnou sou\u010d\u00e1st\u00ed syst\u00e9mu oto\u010dn\u00e9ho p\u0159evodu va\u0161eho r\u00fdpadla. Oto\u010dn\u00e9 kolo, kter\u00e9 je spojeno s kyvn\u00fdm lo\u017eiskem, umo\u017e\u0148uje ot\u00e1\u010den\u00ed rypadla. Kyvn\u00e9 \u00fastroj\u00ed rypadla rovn\u011b\u017e spolupracuje s oto\u010dn\u00fdm lo\u017eiskem, aby byl zaji\u0161t\u011bn plynul\u00fd a efektivn\u00ed provoz.<br \/>\nZ\u00e1v\u011brem lze \u0159\u00edci, \u017ee na\u0161e nab\u00eddka kyvn\u00fdch lo\u017eisek pro rypadla CASE je vynikaj\u00edc\u00ed volbou pro ka\u017ed\u00e9ho, kdo hled\u00e1 vysoce kvalitn\u00ed, spolehliv\u00e9 a odoln\u00e9 d\u00edly pro sv\u00e9 rypadlo. N\u00e1\u0161 v\u00fdb\u011br oto\u010dn\u00fdch lo\u017eisek je speci\u00e1ln\u011b navr\u017een tak, aby vyhovoval va\u0161emu r\u00fdpadlu CASE a zaji\u0161\u0165oval hladk\u00fd a efektivn\u00ed provoz i p\u0159i velk\u00e9m zat\u00ed\u017een\u00ed. Kontaktujte n\u00e1s je\u0161t\u011b dnes a dozv\u00edte se v\u00edce o na\u0161ich produktech a o tom, jak v\u00e1m m\u016f\u017eeme pomoci udr\u017eet hladk\u00fd chod va\u0161eho rypadla.<br \/>\nM\u016f\u017eeme poskytnout alternativn\u00ed Swing lo\u017eiska pro va\u0161e , CAT,HITACHI, KOMATSU,KOBELCO, HYUNDAI, VOLVO, DOOSAN, DAEWOO, JCB,CASE, SUMITOMO, XCMG .There jsou norm\u00e1ln\u00ed a nestandardn\u00ed v\u00edce ne\u017e 1000 stovky typ\u016f pro v\u00e1s vybrat.<\/p>","protected":false},"excerpt":{"rendered":"<p><strong>\u010c\u00e1st<\/strong> #: Kbb0878<br \/>\n<strong>Vytvo\u0159te<\/strong>: P\u0159\u00edpad<br \/>\n<strong>Model<\/strong>: Case CX240<br \/>\nStav: Nov\u00e9 kyvn\u00e9 lo\u017eisko<br \/>\n<strong>V\u00edce na<\/strong>:CX290,CX460,CX240B<br \/>\n9050B,CX210C,CX210B<\/p>","protected":false},"featured_media":2353,"template":"","meta":[],"product_brand":[],"product_cat":[22,71],"product_tag":[52],"class_list":{"0":"post-2322","1":"product","2":"type-product","3":"status-publish","4":"has-post-thumbnail","6":"product_cat-swing-bearing","7":"product_cat-case-excavator-swing-bearing","8":"product_tag-swing-bearing","10":"first","11":"instock","12":"shipping-taxable","13":"product-type-simple"},"_links":{"self":[{"href":"https:\/\/swingbearing.net\/cs\/wp-json\/wp\/v2\/product\/2322","targetHints":{"allow":["GET"]}}],"collection":[{"href":"https:\/\/swingbearing.net\/cs\/wp-json\/wp\/v2\/product"}],"about":[{"href":"https:\/\/swingbearing.net\/cs\/wp-json\/wp\/v2\/types\/product"}],"wp:featuredmedia":[{"embeddable":true,"href":"https:\/\/swingbearing.net\/cs\/wp-json\/wp\/v2\/media\/2353"}],"wp:attachment":[{"href":"https:\/\/swingbearing.net\/cs\/wp-json\/wp\/v2\/media?parent=2322"}],"wp:term":[{"taxonomy":"product_brand","embeddable":true,"href":"https:\/\/swingbearing.net\/cs\/wp-json\/wp\/v2\/product_brand?post=2322"},{"taxonomy":"product_cat","embeddable":true,"href":"https:\/\/swingbearing.net\/cs\/wp-json\/wp\/v2\/product_cat?post=2322"},{"taxonomy":"product_tag","embeddable":true,"href":"https:\/\/swingbearing.net\/cs\/wp-json\/wp\/v2\/product_tag?post=2322"}],"curies":[{"name":"wp","href":"https:\/\/api.w.org\/{rel}","templated":true}]}}