{"id":2319,"date":"2024-04-12T06:48:22","date_gmt":"2024-04-12T06:48:22","guid":{"rendered":"https:\/\/swingbearing.net\/?post_type=product&#038;p=2319"},"modified":"2024-08-27T05:48:19","modified_gmt":"2024-08-27T05:48:19","slug":"jcb-swing-bearing","status":"publish","type":"product","link":"https:\/\/swingbearing.net\/cs\/product\/jcb-swing-bearing\/","title":{"rendered":"Kyvn\u00e9 lo\u017eisko JCB"},"content":{"rendered":"<h2 style=\"text-align: center;\">Parametry kyvn\u00e9ho lo\u017eiska JCB<\/h2>\n<figure class=\"wp-block-table is-style-stripes has-small-font-size\">\n<table class=\"has-cyan-bluish-gray-background-color has-background\">\n<tbody>\n<tr>\n<td>Model<\/td>\n<td>\u010c\u00edslo d\u00edlu<\/td>\n<td>Vn\u011bj\u0161\u00ed pr\u016fm\u011br<\/td>\n<td>Vnit\u0159n\u00ed pr\u016fm\u011br<\/td>\n<td>Celkov\u00e1 v\u00fd\u0161ka<\/td>\n<td>Vn\u011bj\u0161\u00ed v\u00fd\u0161ka<\/td>\n<td>Vnit\u0159n\u00ed v\u00fd\u0161ka<\/td>\n<td>Parametry vn\u011bj\u0161\u00edho otvoru<\/td>\n<td>Parametry vnit\u0159n\u00edho otvoru<\/td>\n<td>Po\u010det zub\u016f<\/td>\n<\/tr>\n<tr>\n<td>JCB 8060<\/td>\n<td>234\/11000<\/td>\n<td>852<\/td>\n<td>648.5<\/td>\n<td>70<\/td>\n<td>55<\/td>\n<td>60<\/td>\n<td>24<\/td>\n<td>24<\/td>\n<td>109<\/td>\n<\/tr>\n<tr>\n<td>JCB JS130<\/td>\n<td>332\/K8067\uff08New)<\/td>\n<td>1174<\/td>\n<td>972<\/td>\n<td>88<\/td>\n<td>56<\/td>\n<td>78<\/td>\n<td>32-\u042418<\/td>\n<td>36-M16<\/td>\n<td>98<\/td>\n<\/tr>\n<tr>\n<td>JCB JS130<\/td>\n<td>JNB0146\uff08Star\u00fd\uff09<\/td>\n<td>1174<\/td>\n<td>972<\/td>\n<td>80<\/td>\n<td>56<\/td>\n<td>70<\/td>\n<td>28-\u042418<\/td>\n<td>36-M16<\/td>\n<td>98<\/td>\n<\/tr>\n<tr>\n<td>JCB JS130<\/td>\n<td>JNB0160<\/td>\n<td>1174<\/td>\n<td>972<\/td>\n<td>80<\/td>\n<td>56<\/td>\n<td>70<\/td>\n<td>28-\u042418<\/td>\n<td>36-M16<\/td>\n<td>98<\/td>\n<\/tr>\n<tr>\n<td>JCB160<\/td>\n<td>331\/12091<\/td>\n<td>1330<\/td>\n<td>1093<\/td>\n<td>102<\/td>\n<td>74<\/td>\n<td>92<\/td>\n<td>31-\u042422.5<\/td>\n<td>36-M20<\/td>\n<td>92<\/td>\n<\/tr>\n<tr>\n<td>JCB 205<\/td>\n<td>333\/P7280<\/td>\n<td>1328<\/td>\n<td>1092<\/td>\n<td>102<\/td>\n<td>74<\/td>\n<td>92<\/td>\n<td>31-\u03c622<\/td>\n<td>36-M20<\/td>\n<td>92<\/td>\n<\/tr>\n<tr>\n<td>JS200LC<\/td>\n<td>JRB0017<\/td>\n<td>1328<\/td>\n<td>1092<\/td>\n<td>102<\/td>\n<td>74<\/td>\n<td>92<\/td>\n<td>31-\u042422.5<\/td>\n<td>36-M20<\/td>\n<td>92<\/td>\n<\/tr>\n<tr>\n<td>JCB JS220<\/td>\n<td>JRB0017<\/td>\n<td>1328<\/td>\n<td>1092<\/td>\n<td>102<\/td>\n<td>74<\/td>\n<td>92<\/td>\n<td>31-\u042422.5<\/td>\n<td>36-M20<\/td>\n<td>92<\/td>\n<\/tr>\n<tr>\n<td>JCB JS220<\/td>\n<td>JRB0017<\/td>\n<td>1328<\/td>\n<td>1092<\/td>\n<td>102<\/td>\n<td>74<\/td>\n<td>92<\/td>\n<td>31-\u042422.5<\/td>\n<td>36-M20<\/td>\n<td>92<\/td>\n<\/tr>\n<tr>\n<td>JCB 240<\/td>\n<td>JBB0001<\/td>\n<td>1375<\/td>\n<td>1094<\/td>\n<td>125<\/td>\n<td>80<\/td>\n<td>115<\/td>\n<td>26<\/td>\n<td>36<\/td>\n<td>92<\/td>\n<\/tr>\n<tr>\n<td>JCB JS240<\/td>\n<td>916\/10029<\/td>\n<td>1375<\/td>\n<td>1094<\/td>\n<td>124<\/td>\n<td>80<\/td>\n<td>114<\/td>\n<td>26-\u042426<\/td>\n<td>36-M24<\/td>\n<td>92<\/td>\n<\/tr>\n<tr>\n<td>JCB JS330<\/td>\n<td>JSB0022<\/td>\n<td>1509<\/td>\n<td>1192<\/td>\n<td>135<\/td>\n<td>100<\/td>\n<td>125<\/td>\n<td>38-\u03c626<\/td>\n<td>43-M24<\/td>\n<td>86<\/td>\n<\/tr>\n<tr>\n<td>JCB 360<\/td>\n<td>JSB0022<\/td>\n<td>1510<\/td>\n<td>1193<\/td>\n<td>135<\/td>\n<td>101<\/td>\n<td>125<\/td>\n<td>38-\u03c626<\/td>\n<td>30-M22<\/td>\n<td>86<\/td>\n<\/tr>\n<\/tbody>\n<\/table>\n<\/figure>\n<p>Kyvn\u00e1 lo\u017eiska jsou z\u00e1kladn\u00edmi sou\u010d\u00e1stmi konstrukce r\u00fdpadla, kter\u00e1 umo\u017e\u0148uj\u00ed ot\u00e1\u010den\u00ed kolem sv\u00e9 osy. Tato lo\u017eiska mus\u00ed b\u00fdt robustn\u00ed a kvalitn\u00ed, aby odolala n\u00e1ro\u010dn\u00fdm podm\u00ednk\u00e1m a pracovn\u00edmu zat\u00ed\u017een\u00ed na staveni\u0161t\u00edch. Kyvn\u00e1 lo\u017eiska pro rypadla JCB jsou vynikaj\u00edc\u00ed volbou pro ty, kte\u0159\u00ed hledaj\u00ed spolehliv\u00e9, odoln\u00e9 a vysoce v\u00fdkonn\u00e9 v\u00fdrobky.<\/p>\n<p>Kyvn\u00e1 lo\u017eiska se n\u011bkdy ozna\u010duj\u00ed mimo jin\u00e9 jako oto\u010dn\u00e1 lo\u017eiska bagr\u016f nebo lo\u017eiska oto\u010dn\u00fdch krou\u017ek\u016f, lo\u017eiska to\u010dny a oto\u010dn\u00e9 krou\u017eky bagr\u016f. V\u0161echna v\u0161ak maj\u00ed stejnou funkci: zaji\u0161\u0165uj\u00ed plynul\u00e9 a stabiln\u00ed ot\u00e1\u010den\u00ed horn\u00ed konstrukce r\u00fdpadla.<\/p>\n<p>Kyvn\u00e9 lo\u017eisko rypadla je jednou z nejd\u016fle\u017eit\u011bj\u0161\u00edch sou\u010d\u00e1st\u00ed stroje a mus\u00ed b\u00fdt robustn\u00ed a spolehliv\u00e9, aby byl zaji\u0161t\u011bn jeho optim\u00e1ln\u00ed v\u00fdkon. Kyvn\u00e1 lo\u017eiska r\u00fdpadel JCB jsou vyrobena z vysoce kvalitn\u00edch materi\u00e1l\u016f a v\u00fdrobn\u00ed proces dodr\u017euje p\u0159\u00edsn\u00e1 opat\u0159en\u00ed pro kontrolu kvality, aby byl zaji\u0161t\u011bn vynikaj\u00edc\u00ed v\u00fdkon, spolehlivost a \u017eivotnost. Tato lo\u017eiska snesou velk\u00e9 zat\u00ed\u017een\u00ed a pracuj\u00ed v n\u00e1ro\u010dn\u00fdch podm\u00ednk\u00e1ch prost\u0159ed\u00ed, \u010d\u00edm\u017e zaji\u0161\u0165uj\u00ed dlouhou \u017eivotnost rota\u010dn\u00edho syst\u00e9mu rypadla.<\/p>\n<p>Kyvn\u00e1 lo\u017eiska r\u00fdpadel JCB se snadno instaluj\u00ed a vy\u017eaduj\u00ed minim\u00e1ln\u00ed \u00fadr\u017ebu. Tato lo\u017eiska jsou navr\u017eena tak, aby zkr\u00e1tila prostoje a zv\u00fd\u0161ila produktivitu a zajistila vynikaj\u00edc\u00ed n\u00e1vratnost investice. T\u00edm, \u017ee zaji\u0161\u0165uj\u00ed plynul\u00e9 a spolehliv\u00e9 ot\u00e1\u010den\u00ed horn\u00ed konstrukce rypadla, pom\u00e1haj\u00ed oto\u010dn\u00e1 lo\u017eiska JCB provozovatel\u016fm dokon\u010dit projekty v\u010das a v r\u00e1mci rozpo\u010dtu.<\/p>\n<p>Z\u00e1v\u011brem lze \u0159\u00edci, \u017ee kyvn\u00e1 lo\u017eiska pro rypadla JCB jsou vynikaj\u00edc\u00ed volbou pro ty, kte\u0159\u00ed hledaj\u00ed vysoce v\u00fdkonn\u00e9, odoln\u00e9 a spolehliv\u00e9 v\u00fdrobky. Jsou k dispozici pro r\u016fzn\u00e9 modely, v\u010detn\u011b JCB8045, JCB8055, JCB8056, JCB8060, JCB8061, JCB8065, JS130, JS140, JS200, JS210, JS220, JCB70, JCB360 a JS205. Tato lo\u017eiska se snadno instaluj\u00ed, vy\u017eaduj\u00ed minim\u00e1ln\u00ed \u00fadr\u017ebu a jsou konstruov\u00e1na tak, aby odol\u00e1vala velk\u00e9mu zat\u00ed\u017een\u00ed a drsn\u00fdm podm\u00ednk\u00e1m prost\u0159ed\u00ed, co\u017e zaji\u0161\u0165uje dlouhou \u017eivotnost rota\u010dn\u00edho syst\u00e9mu rypadla. S oto\u010dn\u00fdmi lo\u017eisky pro r\u00fdpadla JCB si m\u016f\u017eete b\u00fdt jisti, \u017ee va\u0161e r\u00fdpadlo bude fungovat optim\u00e1ln\u011b, co\u017e zv\u00fd\u0161\u00ed produktivitu a zajist\u00ed solidn\u00ed n\u00e1vratnost investice.<\/p>","protected":false},"excerpt":{"rendered":"<p><strong>\u010c\u00e1st<\/strong> #: JSB0022<br \/>\n<strong>Vytvo\u0159te<\/strong>: JCB<br \/>\n<strong>Model<\/strong>: JCB 36<br \/>\n<strong>Stav<\/strong>: Nov\u00e9 kyvn\u00e9 lo\u017eisko<br \/>\n<strong>V\u00edce na<\/strong>:JCB8045,JCB8055,8056<br \/>\nJCB8061,JCB360,JS330,JS240<\/p>","protected":false},"featured_media":2336,"template":"","meta":[],"product_brand":[],"product_cat":[22,70],"product_tag":[52],"class_list":{"0":"post-2319","1":"product","2":"type-product","3":"status-publish","4":"has-post-thumbnail","6":"product_cat-swing-bearing","7":"product_cat-jcb-excavator-swing-bearing","8":"product_tag-swing-bearing","10":"first","11":"instock","12":"shipping-taxable","13":"product-type-simple"},"_links":{"self":[{"href":"https:\/\/swingbearing.net\/cs\/wp-json\/wp\/v2\/product\/2319","targetHints":{"allow":["GET"]}}],"collection":[{"href":"https:\/\/swingbearing.net\/cs\/wp-json\/wp\/v2\/product"}],"about":[{"href":"https:\/\/swingbearing.net\/cs\/wp-json\/wp\/v2\/types\/product"}],"wp:featuredmedia":[{"embeddable":true,"href":"https:\/\/swingbearing.net\/cs\/wp-json\/wp\/v2\/media\/2336"}],"wp:attachment":[{"href":"https:\/\/swingbearing.net\/cs\/wp-json\/wp\/v2\/media?parent=2319"}],"wp:term":[{"taxonomy":"product_brand","embeddable":true,"href":"https:\/\/swingbearing.net\/cs\/wp-json\/wp\/v2\/product_brand?post=2319"},{"taxonomy":"product_cat","embeddable":true,"href":"https:\/\/swingbearing.net\/cs\/wp-json\/wp\/v2\/product_cat?post=2319"},{"taxonomy":"product_tag","embeddable":true,"href":"https:\/\/swingbearing.net\/cs\/wp-json\/wp\/v2\/product_tag?post=2319"}],"curies":[{"name":"wp","href":"https:\/\/api.w.org\/{rel}","templated":true}]}}