{"id":2202,"date":"2024-03-27T07:01:51","date_gmt":"2024-03-27T07:01:51","guid":{"rendered":"https:\/\/swingbearing.net\/?post_type=product&#038;p=2202"},"modified":"2024-05-06T03:34:24","modified_gmt":"2024-05-06T03:34:24","slug":"excavator-hydraulic-pump-k5v80dtp-oe02-e195","status":"publish","type":"product","link":"https:\/\/swingbearing.net\/cs\/product\/excavator-hydraulic-pump-k5v80dtp-oe02-e195\/","title":{"rendered":"K5V80DTP-OE02 pro hydraulick\u00e9 \u010derpadlo rypadla Kobelco E195"},"content":{"rendered":"<h4>Princip \u010dinnosti hydraulick\u00e9ho \u010derpadla rypadla<\/h4>\n<p>Rypadla jsou b\u011b\u017en\u00fdm typem stavebn\u00edch stroj\u016f a za\u0159\u00edzen\u00ed, kter\u00e9 se hojn\u011b pou\u017e\u00edvaj\u00ed p\u0159i zemn\u00edch prac\u00edch, doprav\u011b, nakl\u00e1d\u00e1n\u00ed a dal\u0161\u00edch in\u017een\u00fdrsk\u00fdch \u010dinnostech. Hydraulick\u00e9 \u010derpadlo je jednou ze z\u00e1kladn\u00edch sou\u010d\u00e1st\u00ed rypadla, kter\u00e1 je zodpov\u011bdn\u00e1 za zaji\u0161t\u011bn\u00ed stabiln\u00edho hydraulick\u00e9ho v\u00fdkonu. Jak tedy hydraulick\u00e9 \u010derpadlo bagru funguje? Nyn\u00ed si podrobn\u011b p\u0159edstav\u00edme princip fungov\u00e1n\u00ed hydraulick\u00e9ho \u010derpadla rypadla.<\/p>\n<p>Hydraulick\u00e9 \u010derpadlo rypadla se skl\u00e1d\u00e1 p\u0159edev\u0161\u00edm z t\u011blesa hydraulick\u00e9ho \u010derpadla, p\u0159evodov\u00e9ho h\u0159\u00eddele, spojky a \u0159\u00eddic\u00edho syst\u00e9mu \u010derpadla. Jeho principem \u010dinnosti je p\u0159em\u011bna mechanick\u00e9 energie na hydraulickou a jej\u00ed p\u0159enos na dal\u0161\u00ed hydraulick\u00e9 pohony prost\u0159ednictv\u00edm hydraulick\u00e9ho syst\u00e9mu, aby bylo dosa\u017eeno \u010dinnosti r\u00fdpadla.<\/p>\n<p><b>Souvisej\u00edc\u00ed hydraulick\u00e9 \u010derpadlo pro rypadla Dod\u00e1v\u00e1me:<\/b><\/p>\n<div class=\"rich-text-table\">\n<figure class=\"wp-block-table is-style-stripes has-small-font-size\">\n<table class=\"has-cyan-bluish-gray-background-color has-background\">\n<tbody>\n<tr>\n<td>Hydraulick\u00e9 \u010derpadlo K3V63DT 9C\/14T<\/td>\n<td>Hydraulick\u00e9 \u010derpadlo K7V63DTP 9N0E\/14T(LG915)<\/td>\n<td>Hydraulick\u00e9 \u010derpadlo K3V112DT 9N\/14T<\/td>\n<td>K3V112DTP OE11\/14T(SY215-8S\/9)<\/td>\n<td>K5V140DTP 9N\/17T(DH300-7\/19)<\/td>\n<\/tr>\n<tr>\n<td>Hydraulick\u00e9 \u010derpadlo K3V63DT 9N\/14T<\/td>\n<td>Hydraulick\u00e9 \u010derpadlo K5V80DTP 9N\/12T(R150-9)<\/td>\n<td>K3V112DTP 9Y14\/14T(SH210A5)<\/td>\n<td>K3V112DT 1E42\/14T(EC220D)<\/td>\n<td>K5V140DTP 9C\/17T(R305-7\/25)<\/td>\n<\/tr>\n<tr>\n<td>Hydraulick\u00e9 \u010derpadlo K3V63DT HN\/14T<\/td>\n<td>K5V80DTP HN\/12T(DH150W-7)<\/td>\n<td>K3V112DT 9T1L\/14T(SK200-6)<\/td>\n<td>K3V112DTP 9C\/14T(JCB220\/25)<\/td>\n<td>K5V140DTP 9N\/17T(DX300-7\/25)<\/td>\n<\/tr>\n<tr>\n<td>Hydraulick\u00e9 \u010derpadlo K3V63DT 9P\/14T<\/td>\n<td>Hydraulick\u00e9 \u010derpadlo K3V112DT 9C\/12T<\/td>\n<td>Hydraulick\u00e9 \u010derpadlo K3V112DTP 9TCM\/14T(SK200-6)<\/td>\n<td>K3V112DTP 9P12\/12T(R225-9)<\/td>\n<td>K5V140DT 9N\/17T(Liu Gong933E)<\/td>\n<\/tr>\n<tr>\n<td>K3V63DTP 9N\/14T(Takeuchi135)<\/td>\n<td>Hydraulick\u00e9 \u010derpadlo K3V112DT 9N\/12T<\/td>\n<td>K3V112DTP 9TEL\/14T(SK200-6E)<\/td>\n<td>Hydraulick\u00e9 \u010derpadlo K3V112DTP 9N\/14T(LG920E)<\/td>\n<td>K5V140DTPYT6K\/17T(SK350-8)<\/td>\n<\/tr>\n<tr>\n<td>K3V63DTP OE02\/14T(SK135)<\/td>\n<td>Hydraulick\u00e9 \u010derpadlo K3V112DT HN\/12T<\/td>\n<td>Hydraulick\u00e9 \u010derpadlo K3V112DTP YT6K\/17T(SK200-8)<\/td>\n<td>K3V112DTP 9N\/14T(SH200A3)<\/td>\n<td>K5V140DT 1E05\/17T(EC250D)<\/td>\n<\/tr>\n<tr>\n<td>K3V63DTP 9C\/14T(JCB130)<\/td>\n<td>K3V112DT 9C\/14T<\/td>\n<td>Hydraulick\u00e9 \u010derpadlo K3V112DTP 9T8L\/14T(SY215-8)<\/td>\n<td>K3V112DTP 9P12\/16T(PC200-7)<\/td>\n<td>K5V140DTP 9T1L\/17T(SY235-8)<\/td>\n<\/tr>\n<\/tbody>\n<\/table>\n<p><strong>V na\u0161em obs\u00e1hl\u00e9m katalogu najdete rozs\u00e1hl\u00fd v\u00fdb\u011br d\u00edl\u016f pro rypadla, mimo jin\u00e9:<\/strong><\/p>\n<table class=\"has-cyan-bluish-gray-background-color has-background\">\n<tbody>\n<tr>\n<td rowspan=\"2\">omatsu<\/td>\n<td>PC40, PC60-5-6-7, PC100, PC120, PC130, PC240, PC270, PC300,PC360,PC400,PC450,PC650,PC1250<\/td>\n<\/tr>\n<tr>\n<td>PC200-1-3-5-6, PC220-1-3-5, PC300-3-5, PC400-1-3-5, D20, D30, D31, D50, D60, D75, D80 (D85), D155<\/td>\n<\/tr>\n<tr>\n<td rowspan=\"2\">Hitachi<\/td>\n<td>EX40, EX60, EX150, EX100M, EX100, EX120, EX150,<\/td>\n<\/tr>\n<tr>\n<td>EX200-1-2-3, EX300-1-3-5, EX400, ZX450,ZX470,ZX870,ZX1200<\/td>\n<\/tr>\n<tr>\n<td>Volvo<\/td>\n<td>EC55\/60, EC140,EC210, EC240, EC290, EC360, EC460, EC700<\/td>\n<\/tr>\n<tr>\n<td>Doosan<\/td>\n<td>DH215, DH220, DH260, DH280, DH300, DH370, DH420, DH450, DH500<\/td>\n<\/tr>\n<tr>\n<td>Hyundai<\/td>\n<td>R200, R210, R225, R265, R335, R455, R505<\/td>\n<\/tr>\n<tr>\n<td>Kobelco<\/td>\n<td>SK200,SK210, SK220,SK260, SK300, SK330, SK350, SK450,SK460,SK480,SK800<\/td>\n<\/tr>\n<tr>\n<td>Sumitomo<\/td>\n<td>SH120, SH200, SH280, SH300, SH350, SH400, SH450, SH460, SH70<\/td>\n<\/tr>\n<\/tbody>\n<\/table>\n<p>Caterpilla r Series:<br \/>\nVRD63, E200B, AP12, AP14, CAT320C, SPK10\/10, SPV10\/10, CAT12G, CAT14G, CAT16G, CAT215, CAT245, CAT330B, PSV450, CAT992.<br \/>\nS\u00e9rie Liebher:<br \/>\nLPVD45, LPVD64, LPVD90, LPVD100, LPVD125, LPVD140, LPVD250<br \/>\n\u0158ada Kawasaki:<br \/>\nK3SP30, K3SP36C, K3V63DT\/BDT, K3V112DT, K3V140DT, K3V180DT, K5V140, K5V200, NV64, NV84, NV111DT, NV137, NV172, NV270, NX15, NVK45, KVC925, KVC930, KVC932, M2X63, M2X96, M2X120, M2X146, M2X120, M2X1150\/170, M2X210, M5X130, M5X180, MX150, MX173, MX500, MAG150, MAG170, GM05VL, GM06VL, GM05VA, GM07VA, GM08, GM09, GM10, GM23, GM24, GM30, GM35, GM38.<br \/>\n\u0158ada Kobelco:<br \/>\nSK200-1\/3,SK220-3(MA340),SK220-2,SK200-6,SK320,SK430.<br \/>\n\u0158ada VOLVO:<br \/>\nF11-28, F11-39, F11-010, F11-150, F11-250, F12-060, F12-080, F12-110.<\/figure>\n<\/div>\n<p><img decoding=\"async\" class=\"wp-image-2162 size-full\" src=\"https:\/\/swingbearing.net\/wp-content\/uploads\/2024\/03\/00001.jpg\" alt=\"hydraulick\u00e9 \u010derpadlo bagru\" width=\"837\" height=\"777\" srcset=\"https:\/\/swingbearing.net\/wp-content\/uploads\/2024\/03\/00001.jpg 837w, https:\/\/swingbearing.net\/wp-content\/uploads\/2024\/03\/00001-300x278.jpg 300w, https:\/\/swingbearing.net\/wp-content\/uploads\/2024\/03\/00001-768x713.jpg 768w, https:\/\/swingbearing.net\/wp-content\/uploads\/2024\/03\/00001-13x12.jpg 13w, https:\/\/swingbearing.net\/wp-content\/uploads\/2024\/03\/00001-600x557.jpg 600w\" sizes=\"(max-width: 837px) 100vw, 837px\" \/><\/p>\n<div id=\"attachment_2163\" style=\"width: 847px\" class=\"wp-caption alignnone\"><img decoding=\"async\" aria-describedby=\"caption-attachment-2163\" class=\"wp-image-2163 size-full\" src=\"https:\/\/swingbearing.net\/wp-content\/uploads\/2024\/03\/00002.jpg\" alt=\"hydraulick\u00e9 \u010derpadlo bagru\" width=\"837\" height=\"677\" srcset=\"https:\/\/swingbearing.net\/wp-content\/uploads\/2024\/03\/00002.jpg 837w, https:\/\/swingbearing.net\/wp-content\/uploads\/2024\/03\/00002-300x243.jpg 300w, https:\/\/swingbearing.net\/wp-content\/uploads\/2024\/03\/00002-768x621.jpg 768w, https:\/\/swingbearing.net\/wp-content\/uploads\/2024\/03\/00002-15x12.jpg 15w, https:\/\/swingbearing.net\/wp-content\/uploads\/2024\/03\/00002-600x485.jpg 600w\" sizes=\"(max-width: 837px) 100vw, 837px\" \/><p id=\"caption-attachment-2163\" class=\"wp-caption-text\"><a href=\"https:\/\/swingbearing.net\/cs\/hydraulic-motor\/\">hydraulick\u00e9 \u010derpadlo bagru<\/a><\/p><\/div>\n<p>T\u011bleso hydraulick\u00e9ho \u010derpadla je z\u00e1kladn\u00ed sou\u010d\u00e1st\u00ed hydraulick\u00e9ho \u010derpadla rypadla, kter\u00e9 obvykle pou\u017e\u00edv\u00e1 zubov\u00e9 nebo plun\u017erov\u00e9 \u010derpadlo.Uvnit\u0159 t\u011blesa hydraulick\u00e9ho \u010derpadla je dvojice ozuben\u00fdch kol nebo p\u00edst\u016f, kter\u00e9 se vz\u00e1jemn\u011b propojuj\u00ed a vytv\u00e1\u0159ej\u00ed ur\u010dit\u00fd objem uvnit\u0159 t\u011blesa \u010derpadla. Kdy\u017e se ot\u00e1\u010d\u00ed p\u0159evodov\u00fd h\u0159\u00eddel hydraulick\u00e9ho \u010derpadla, ot\u00e1\u010d\u00ed se odpov\u00eddaj\u00edc\u00edm zp\u016fsobem ozuben\u00e9 kolo nebo p\u00edst, \u010d\u00edm\u017e se m\u011bn\u00ed objem komory \u010derpadla.<\/p>\n<p>Kdy\u017e se objem komory \u010derpadla zv\u011bt\u0161\u00ed, tlak uvnit\u0159 \u010derpadla se sn\u00ed\u017e\u00ed a hydraulick\u00fd olej vstupuje do komory \u010derpadla sac\u00edm otvorem; kdy\u017e se objem komory \u010derpadla zmen\u0161\u00ed, tlak uvnit\u0159 \u010derpadla se zv\u00fd\u0161\u00ed a hydraulick\u00fd olej vyt\u00e9k\u00e1 z komory \u010derpadla tlakov\u00fdm otvorem. D\u00edky tomuto principu fungov\u00e1n\u00ed m\u016f\u017ee hydraulick\u00e9 \u010derpadlo nep\u0159etr\u017eit\u011b nas\u00e1vat a vypou\u0161t\u011bt hydraulick\u00fd olej a vytv\u00e1\u0159et stabiln\u00ed hydraulickou energii.<\/p>\n<p>Hydraulick\u00e9 \u010derpadlo mus\u00ed b\u00fdt b\u011bhem provozu propojeno s ostatn\u00edmi syst\u00e9my, co\u017e vy\u017eaduje p\u016fsoben\u00ed p\u0159evodov\u00e9ho h\u0159\u00eddele a spojky. P\u0159evodov\u00fd h\u0159\u00eddel p\u0159en\u00e1\u0161\u00ed v\u00fdkon motoru na hydraulick\u00e9 \u010derpadlo a zp\u016fsobuje jeho ot\u00e1\u010den\u00ed; spojka spojuje hydraulick\u00e9 \u010derpadlo s p\u0159evodov\u00fdm h\u0159\u00eddelem a zaji\u0161\u0165uje jejich synchronn\u00ed \u010dinnost. \u0158\u00eddic\u00ed syst\u00e9m hydraulick\u00e9ho \u010derpadla odpov\u00edd\u00e1 za \u0159\u00edzen\u00ed parametr\u016f spou\u0161t\u011bn\u00ed, zastavov\u00e1n\u00ed a pracovn\u00edho tlaku hydraulick\u00e9ho \u010derpadla. Kdy\u017e je t\u0159eba, aby rypadlo pracovalo, \u0159\u00eddic\u00ed syst\u00e9m vy\u0161le hydraulick\u00e9mu \u010derpadlu sign\u00e1l ke spu\u0161t\u011bn\u00ed a zajist\u00ed odpov\u00eddaj\u00edc\u00ed pracovn\u00ed tlak.<\/p>\n<p>Kdy\u017e rypadlo nepot\u0159ebuje pracovat, \u0159\u00eddic\u00ed syst\u00e9m zastav\u00ed provoz hydraulick\u00e9ho \u010derpadla, aby se \u0161et\u0159ila energie. Obecn\u011b je principem \u010dinnosti hydraulick\u00e9ho \u010derpadla rypadla p\u0159em\u011bna mechanick\u00e9 energie na hydraulickou energii prost\u0159ednictv\u00edm t\u011blesa hydraulick\u00e9ho \u010derpadla a jej\u00ed p\u0159enos na dal\u0161\u00ed hydraulick\u00e9 pohony prost\u0159ednictv\u00edm hydraulick\u00e9ho syst\u00e9mu, aby bylo dosa\u017eeno \u010dinnosti rypadla.<\/p>\n<p>Provoz hydraulick\u00fdch \u010derpadel vy\u017eaduje koordinaci p\u0159evodov\u00e9ho h\u0159\u00eddele a spojky a \u0159\u00eddic\u00ed syst\u00e9m \u0159\u00edd\u00ed jejich parametry spou\u0161t\u011bn\u00ed, zastavov\u00e1n\u00ed a pracovn\u00edho tlaku. Princip \u010dinnosti hydraulick\u00e9ho \u010derpadla r\u00fdpadla je jednoduch\u00fd, ale je kl\u00ed\u010dem k norm\u00e1ln\u00edmu provozu r\u00fdpadla. Pouze zaji\u0161t\u011bn\u00edm norm\u00e1ln\u00edho provozu hydraulick\u00e9ho \u010derpadla lze zlep\u0161it \u00fa\u010dinnost a v\u00fdkonnost rypadla. Proto je v procesu provozu a \u00fadr\u017eby r\u00fdpadel nutn\u00e9 m\u00edt jasnou p\u0159edstavu o principu fungov\u00e1n\u00ed hydraulick\u00fdch \u010derpadel a prov\u00e1d\u011bt v\u010dasnou \u00fadr\u017ebu a \u00fadr\u017ebu, aby byl zaji\u0161t\u011bn norm\u00e1ln\u00ed provoz r\u00fdpadel.<\/p>\n<div id=\"attachment_2159\" style=\"width: 978px\" class=\"wp-caption aligncenter\"><a href=\"https:\/\/national-bearing.com\/excavator-swing-bearings-slewing-rings-cat\/\" target=\"_blank\" rel=\"noopener\"><img decoding=\"async\" aria-describedby=\"caption-attachment-2159\" class=\"wp-image-2158\" src=\"https:\/\/swingbearing.net\/wp-content\/uploads\/2024\/03\/\u5fae\u4fe1\u622a\u56fe_20240320145420.jpg\" alt=\" hydraulick\u00e9 \u010derpadlo bagru\" width=\"968\" height=\"575\" srcset=\"https:\/\/swingbearing.net\/wp-content\/uploads\/2024\/03\/\u5fae\u4fe1\u622a\u56fe_20240320145420.jpg 842w, https:\/\/swingbearing.net\/wp-content\/uploads\/2024\/03\/\u5fae\u4fe1\u622a\u56fe_20240320145420-300x178.jpg 300w, https:\/\/swingbearing.net\/wp-content\/uploads\/2024\/03\/\u5fae\u4fe1\u622a\u56fe_20240320145420-768x456.jpg 768w, https:\/\/swingbearing.net\/wp-content\/uploads\/2024\/03\/\u5fae\u4fe1\u622a\u56fe_20240320145420-18x12.jpg 18w, https:\/\/swingbearing.net\/wp-content\/uploads\/2024\/03\/\u5fae\u4fe1\u622a\u56fe_20240320145420-600x356.jpg 600w\" sizes=\"(max-width: 968px) 100vw, 968px\" \/><\/a><p id=\"caption-attachment-2159\" class=\"wp-caption-text\"><img decoding=\"async\" class=\"wp-image-2160 aligncenter\" style=\"font-size: 16px;\" src=\"https:\/\/swingbearing.net\/wp-content\/uploads\/2024\/03\/\u5fae\u4fe1\u56fe\u7247_20240320143749.png\" alt=\" hydraulick\u00e9 \u010derpadlo bagru\" width=\"972\" height=\"311\" srcset=\"https:\/\/swingbearing.net\/wp-content\/uploads\/2024\/03\/\u5fae\u4fe1\u56fe\u7247_20240320143749.png 1043w, https:\/\/swingbearing.net\/wp-content\/uploads\/2024\/03\/\u5fae\u4fe1\u56fe\u7247_20240320143749-300x96.png 300w, https:\/\/swingbearing.net\/wp-content\/uploads\/2024\/03\/\u5fae\u4fe1\u56fe\u7247_20240320143749-1024x328.png 1024w, https:\/\/swingbearing.net\/wp-content\/uploads\/2024\/03\/\u5fae\u4fe1\u56fe\u7247_20240320143749-768x246.png 768w, https:\/\/swingbearing.net\/wp-content\/uploads\/2024\/03\/\u5fae\u4fe1\u56fe\u7247_20240320143749-18x6.png 18w, https:\/\/swingbearing.net\/wp-content\/uploads\/2024\/03\/\u5fae\u4fe1\u56fe\u7247_20240320143749-600x192.png 600w\" sizes=\"(max-width: 972px) 100vw, 972px\" \/><\/p><\/div>\n<p>hydraulick\u00e9 \u010derpadlo bagru<\/p>","protected":false},"excerpt":{"rendered":"<p>hydraulick\u00e9 \u010derpadlo bagru<\/p>\n<pre title=\"K7V63DTP-9N03 pro Doosan Dx140lcr-3 V\u00fdrobce Dodavatel Hydraulick\u00e9 \u010derpadlo Assy pro d\u00edly rypadla se solenoidov\u00fdm ventilem\" data-spm-anchor-id=\"a2700.details.0.i49.7222be96aP5ElP\"><\/pre>","protected":false},"featured_media":2134,"template":"","meta":[],"product_brand":[],"product_cat":[34],"product_tag":[],"class_list":{"0":"post-2202","1":"product","2":"type-product","3":"status-publish","4":"has-post-thumbnail","6":"product_cat-hydraulic-pumps","8":"first","9":"instock","10":"shipping-taxable","11":"product-type-simple"},"_links":{"self":[{"href":"https:\/\/swingbearing.net\/cs\/wp-json\/wp\/v2\/product\/2202","targetHints":{"allow":["GET"]}}],"collection":[{"href":"https:\/\/swingbearing.net\/cs\/wp-json\/wp\/v2\/product"}],"about":[{"href":"https:\/\/swingbearing.net\/cs\/wp-json\/wp\/v2\/types\/product"}],"wp:featuredmedia":[{"embeddable":true,"href":"https:\/\/swingbearing.net\/cs\/wp-json\/wp\/v2\/media\/2134"}],"wp:attachment":[{"href":"https:\/\/swingbearing.net\/cs\/wp-json\/wp\/v2\/media?parent=2202"}],"wp:term":[{"taxonomy":"product_brand","embeddable":true,"href":"https:\/\/swingbearing.net\/cs\/wp-json\/wp\/v2\/product_brand?post=2202"},{"taxonomy":"product_cat","embeddable":true,"href":"https:\/\/swingbearing.net\/cs\/wp-json\/wp\/v2\/product_cat?post=2202"},{"taxonomy":"product_tag","embeddable":true,"href":"https:\/\/swingbearing.net\/cs\/wp-json\/wp\/v2\/product_tag?post=2202"}],"curies":[{"name":"wp","href":"https:\/\/api.w.org\/{rel}","templated":true}]}}