{"id":2090,"date":"2024-03-11T04:07:34","date_gmt":"2024-03-11T04:07:34","guid":{"rendered":"https:\/\/swingbearing.net\/?post_type=product&#038;p=2090"},"modified":"2024-03-11T04:09:23","modified_gmt":"2024-03-11T04:09:23","slug":"travel-motor-ec700","status":"publish","type":"product","link":"https:\/\/swingbearing.net\/cs\/product\/travel-motor-ec700\/","title":{"rendered":"Cestovn\u00ed motor Volvo EC700 EC700B EC700BLC VOE 14522564"},"content":{"rendered":"<h4>Nab\u00edz\u00edme \u0161irok\u00fd sortiment pojezdov\u00fdch motor\u016f\/koncov\u00fdch pohonn\u00fdch jednotek\/reduk\u010dn\u00edch p\u0159evodovek pro r\u00fdpadla.<\/h4>\n<p>Pojezdov\u00fd motor (koncov\u00fd pohon) je mechanick\u00e9 za\u0159\u00edzen\u00ed, kter\u00e9 se pou\u017e\u00edv\u00e1 hlavn\u011b k pohonu elektrick\u00fdch za\u0159\u00edzen\u00ed, jako jsou roboty, sk\u00fatry a elektrick\u00e1 kola, vp\u0159ed nebo k pr\u00e1ci. Jeho z\u00e1kladn\u00edm principem \u010dinnosti je vyu\u017eit\u00ed principu elektromagnetick\u00e9 indukce k vytvo\u0159en\u00ed to\u010div\u00e9ho momentu a n\u00e1sledn\u00e9 sn\u00ed\u017een\u00ed ot\u00e1\u010dek prost\u0159ednictv\u00edm vnit\u0159n\u00edho reduk\u010dn\u00edho za\u0159\u00edzen\u00ed k pohonu vn\u011bj\u0161\u00edch kol nebo \u0159et\u011bz\u016f k pohybu. Konstruk\u010dn\u011b se pojezdov\u00fd motor obvykle skl\u00e1d\u00e1 z vysokorychlostn\u00edho hydraulick\u00e9ho motoru, brzdy, planetov\u00e9ho reduktoru, ventilov\u00e9 skupiny atd. a vyu\u017e\u00edv\u00e1 konstrukci s ku\u017eel\u00edkov\u00fdmi lo\u017eisky s vysokou \u00fanosnost\u00ed, kter\u00e1 sn\u00e1\u0161ej\u00ed axi\u00e1ln\u00ed a radi\u00e1ln\u00ed s\u00edly vznikaj\u00edc\u00ed p\u0159i provozu a ot\u00e1\u010den\u00ed rypadla.<br \/>\nN\u00e1\u0161 zku\u0161en\u00fd prodejn\u00ed t\u00fdm m\u00e1 k dispozici bohat\u00e9 znalosti a zku\u0161enosti v oblasti cestovn\u00edch koncov\u00fdch pohon\u016f, d\u00edky nim\u017e m\u016f\u017eeme rychle a hospod\u00e1rn\u011b splnit va\u0161e po\u017eadavky na cestovn\u00ed motory.<\/p>\n<p><strong>\u00a0Podporovan\u00e9 zna\u010dky<\/strong><br \/>\nV sou\u010dasn\u00e9 dob\u011b m\u016f\u017eeme dodat pojezdov\u00e9 motory pro \u0161irok\u00fd v\u00fdb\u011br rypadel vyr\u00e1b\u011bn\u00fdch spole\u010dnostmi jako Komatsu, Caterpillar, Volvo, Case, Doosan, Sumitomo, Hyundai, Kobelco, JCB, Liugong, Sany, XCMG a Hitachi.<\/p>\n<h4>Souvisej\u00edc\u00ed Volvo Excavator Travel Motor Assy<\/h4>\n<figure class=\"wp-block-table is-style-stripes has-small-font-size\">\n<table class=\"has-cyan-bluish-gray-background-color has-background\">\n<tbody>\n<tr>\n<td width=\"598\">\u00a0Pohonn\u00e1 jednotka Volvo EC150, Volvo EC150LC: SA7117-30011,Volvo 150: 14216035,150C, p\u0159evodovka Volvo 150: 14214704 motor: 14268106<\/td>\n<td width=\"614\">Pohonn\u00e1 jednotka Volvo 160 travel: 14370176,<br \/>\nPohonn\u00e1 jednotka Volvo 160BLC\/BNLC: 14515045, 14528730,<br \/>\nPohonn\u00e1 jednotka Volvo 160CL\/CNL: 14538585<\/td>\n<\/tr>\n<tr>\n<td width=\"598\">Pohonn\u00e1 jednotka Volvo 180BLC: 145212111, 14528731,<br \/>\n180CL 14538586<\/td>\n<td width=\"614\">EC210\/F\/LC\/NLC\/BF\/BFX\/BLC\/BLR\/BNLC\/BNC\/CL\/LD\/LR\/N\/NL SA7117-30030, 14525366, 14528732, 14528930<\/td>\n<\/tr>\n<tr>\n<td width=\"598\">Pohonn\u00e1 jednotka Volvo EC 200\/200B: 14528732<\/td>\n<td width=\"614\">Pohonn\u00e1 jednotka Volvo EC 235\/235-C: 14550250<\/td>\n<\/tr>\n<tr>\n<td width=\"598\">Volvo EC210, EC210F, EC210LC, EC210NLC, Volvo EC210BF, EC210BFX, EC210BLC, Volvo EC210BLR, EC210BNLC, Volvo EC210BNC, EC210CL, EC210LD, EC210LR, EC210N, EC210NL : SA7117-30030, 14525366, 14528732, 14528930.<\/td>\n<td width=\"614\">EC290,290LC, 290LR, 290NLC: koncov\u00fd pohon: SA7117-38001, Pohon p\u00e1s\u016f: SA7117-38001, SA7117-38001, SA7117-38001, SA7117-38001, SA7117-38001, SA7117-38001, SA7117-38001: SA7240-10402, p\u0159evodovka: SA7117-38050,<br \/>\nEC290BFX ,EC 290BLC: SA7117-38020, VOE14521691, VOE14522894, VOE14551154EC290 BLR , EC290 BNLC: koncov\u00fd pohon: VOE14509996, VOE14521389, VOE14528280.<\/td>\n<\/tr>\n<tr>\n<td width=\"598\">Volvo EC 240\/LC\/LR\/NLC\/B\/B-LC\/B-LR\/B-NLC\/C\/CL\/C-LD\/C-LR\/C-NL SA7117-34001, SA8230-21631, 14528734, 14533652, 14528258<\/td>\n<td width=\"614\">\u010c\u00edsla d\u00edl\u016f pro pohonnou jednotku Volvo EC R88: 14516538, motor pojezdu:14520757<\/td>\n<\/tr>\n<tr>\n<td width=\"598\">\u00a0EC360, EC360LC, EC360NLC, EC360B, EC360B-LC, EC360B-LR, EC360B-NLC, EC360C EC360CL<\/td>\n<td width=\"614\">EC360C-LD, Volvo EC360C-LR, Volvo EC360C-NL EC 360 SA7117-45010, 14551150, 14566400, 14513049, 14521695, 14522994.<\/td>\n<\/tr>\n<tr>\n<td width=\"598\">Volvo ECR 145 14573820, 14614941<\/td>\n<td width=\"614\">Pohonn\u00e1 jednotka Volvo G726: 12725795<\/td>\n<\/tr>\n<tr>\n<td width=\"598\">EC460 EC460B VOE 14508165 EC460 EC480<\/td>\n<td width=\"614\">EC700 EC700B EC700BLC VOE 14522564<\/td>\n<\/tr>\n<tr>\n<td width=\"598\">EC460 EC480 14733880 14727995 EC460 EC460B<\/td>\n<td width=\"614\">7117-38020 EC290 Final Drive Assembly Vol Vo<\/td>\n<\/tr>\n<tr>\n<td width=\"598\">\u00a0EC460 EC460B VOE 14508165 14522563<\/td>\n<td width=\"614\">Vol Vo EC700BHR EC700C EC700B<\/td>\n<\/tr>\n<tr>\n<td width=\"598\">Koncov\u00fd pohon bagru EC290 Vol Vo<\/td>\n<td width=\"614\">\u00a07117-38020 14551154 14524707 14522894 14528257 14521691<\/td>\n<\/tr>\n<tr>\n<td width=\"598\">Motor EC360C EC360B EC290B<\/td>\n<td width=\"614\">\u00a014528259 14513049 14521695<\/td>\n<\/tr>\n<tr>\n<td width=\"598\">\u00a0Vol Vo Rypadlo EC290B EC330B EC360B EC360C<\/td>\n<td width=\"614\">\u00a0VOE14551150 14528260 14528281<\/td>\n<\/tr>\n<tr>\n<td width=\"598\">Vol Vo EC290B 7117-38020 14551154 14592030<\/td>\n<td width=\"614\">\u00a07117-38020 14551154 14592030<\/td>\n<\/tr>\n<tr>\n<td width=\"598\">EC460 EC460B<\/td>\n<td width=\"614\">VOE 14508165<\/td>\n<\/tr>\n<tr>\n<td width=\"598\">EC210BLC VOE14533651<\/td>\n<td width=\"614\">EC210BLC VOE14533651<\/td>\n<\/tr>\n<tr>\n<td width=\"598\">R140LC-9 R140-9 31Q4-4003 Sestava pojezdov\u00e9ho motoru<\/td>\n<td width=\"614\">R140LC-9 R140-9 31Q4-4003<\/td>\n<\/tr>\n<tr>\n<td width=\"598\">E349D2 209-5992 215-9982<\/td>\n<td width=\"614\">E349D2 209-5992 215-9982<\/td>\n<\/tr>\n<tr>\n<td width=\"598\">VIO50-3 TM06F MAG33VP-550F-10 Redukce<\/td>\n<td width=\"614\">VIO50-3 TM06F MAG33VP-550F-10 Redukce<\/td>\n<\/tr>\n<tr>\n<td width=\"598\">E349D2 MCA250 MOBA250 390-1088<\/td>\n<td width=\"614\">E349D2 MCA250 MOBA250 390-1088<\/td>\n<\/tr>\n<tr>\n<td width=\"598\">EC210BLC SA1143-01270 Hydraulick\u00fd pojezdov\u00fd motor<\/td>\n<td width=\"614\">EC210BLC SA1143-01270<\/td>\n<\/tr>\n<\/tbody>\n<\/table>\n<\/figure>\n<h4><strong>\u00a0Motor a p\u0159evodovka Dostupn\u00fd model:<\/strong><\/h4>\n<figure class=\"wp-block-table is-style-stripes has-small-font-size\">EC13 XR EC13 XTV EC14 EC140 EC140B LC EC140B LCM EC140C L EC140C LM EC140D EC140D LM EC15 XR EC15 XT EC15 XTV EC150 EC15B XR EC15B XT EC15B XTV EC160B EC160B LC EC160B NLC EC160C L EC17C EC180 EC180B LC EC180C L EC180D EC18C EC20 XT EC20 XTV EC200D LR EC20B XT EC20B XTV EC20C EC210 EC210B EC210B LC EC210C L EC220D EC220D N EC220D NL EC235C LD\/NL EC240 EC240 LC EC240 LR EC240 NLC EC240B EC240B LC EC240B LR EC240B NLC EC240C L EC240C LD EC240C LR EC240C NL EC25 EC280 EC290 EC290 LC EC290B EC290C L EC30 EC330B LC EC330C L EC330C LD EC35 EC35C EC360 EC360B LC EC360B NLC EC360C HR EC360C L EC360C LD EC360C NL EC380D HR EC460 EC460 LC EC460B LC EC460C L EC480D HR EC480D L EC50 EC50 VV EC55 EC55-2 EC55B EC55C EC55-EU EC60C EC70 EC70 VV ECR145C L ECR235C L ECR28 ECR305C L ECR38 ECR88 ECR88 PLUS FC2121C FC2421C FC2924C FF3329C PL4608 PL4611 ECR145D L EC140D L EC240LC EC240BLC EC240CL EC240CLD EC240CLR FC3329C EC210C N<\/figure>\n<div id=\"attachment_2045\" style=\"width: 425px\" class=\"wp-caption alignnone\"><img decoding=\"async\" aria-describedby=\"caption-attachment-2045\" class=\"wp-image-2045\" src=\"https:\/\/swingbearing.net\/wp-content\/uploads\/2024\/03\/\u884c\u8d70_01-300x99.jpg\" alt=\"cestovn\u00ed motor\" width=\"415\" height=\"137\" srcset=\"https:\/\/swingbearing.net\/wp-content\/uploads\/2024\/03\/\u884c\u8d70_01-300x99.jpg 300w, https:\/\/swingbearing.net\/wp-content\/uploads\/2024\/03\/\u884c\u8d70_01-18x6.jpg 18w, https:\/\/swingbearing.net\/wp-content\/uploads\/2024\/03\/\u884c\u8d70_01-600x199.jpg 600w, https:\/\/swingbearing.net\/wp-content\/uploads\/2024\/03\/\u884c\u8d70_01.jpg 749w\" sizes=\"(max-width: 415px) 100vw, 415px\" \/><p id=\"caption-attachment-2045\" class=\"wp-caption-text\"><a href=\"https:\/\/swingbearing.net\/cs\/travel-reducer\/\">chod\u00edc\u00ed motor<\/a><\/p><\/div>\n<div id=\"attachment_2046\" style=\"width: 445px\" class=\"wp-caption alignnone\"><img decoding=\"async\" aria-describedby=\"caption-attachment-2046\" class=\"wp-image-2046\" src=\"https:\/\/swingbearing.net\/wp-content\/uploads\/2024\/03\/\u884c\u8d70_03-300x100.jpg\" alt=\"cestovn\u00ed motor\" width=\"435\" height=\"145\" srcset=\"https:\/\/swingbearing.net\/wp-content\/uploads\/2024\/03\/\u884c\u8d70_03-300x100.jpg 300w, https:\/\/swingbearing.net\/wp-content\/uploads\/2024\/03\/\u884c\u8d70_03-18x6.jpg 18w, https:\/\/swingbearing.net\/wp-content\/uploads\/2024\/03\/\u884c\u8d70_03-600x201.jpg 600w, https:\/\/swingbearing.net\/wp-content\/uploads\/2024\/03\/\u884c\u8d70_03.jpg 750w\" sizes=\"(max-width: 435px) 100vw, 435px\" \/><p id=\"caption-attachment-2046\" class=\"wp-caption-text\"><a href=\"https:\/\/swingbearing.net\/cs\/hydraulic-motor\/\">pojezdov\u00fd koncov\u00fd pohon<\/a><\/p><\/div>\n<div id=\"attachment_2047\" style=\"width: 450px\" class=\"wp-caption alignnone\"><img decoding=\"async\" aria-describedby=\"caption-attachment-2047\" class=\"wp-image-2047\" src=\"https:\/\/swingbearing.net\/wp-content\/uploads\/2024\/03\/\u884c\u8d70_04-300x101.jpg\" alt=\"Sn\u00ed\u017een\u00ed po\u010dtu cest\" width=\"440\" height=\"148\" srcset=\"https:\/\/swingbearing.net\/wp-content\/uploads\/2024\/03\/\u884c\u8d70_04-300x101.jpg 300w, https:\/\/swingbearing.net\/wp-content\/uploads\/2024\/03\/\u884c\u8d70_04-18x6.jpg 18w, https:\/\/swingbearing.net\/wp-content\/uploads\/2024\/03\/\u884c\u8d70_04-600x202.jpg 600w, https:\/\/swingbearing.net\/wp-content\/uploads\/2024\/03\/\u884c\u8d70_04.jpg 750w\" sizes=\"(max-width: 440px) 100vw, 440px\" \/><p id=\"caption-attachment-2047\" class=\"wp-caption-text\"><a href=\"https:\/\/swingbearing.net\/cs\/swing-bearing\/\">Sn\u00ed\u017een\u00ed po\u010dtu cest<\/a><\/p><\/div>","protected":false},"excerpt":{"rendered":"<h5 class=\"ct-headline\">Kategorie:Volvo cestovn\u00ed motor hydraulick\u00fd motor koncov\u00fd pohon<br \/>\nModel:EC700 EC700B EC700BLC<br \/>\n\u010c\u00edslo d\u00edlu: VOE 14522564<\/h5>","protected":false},"featured_media":2081,"template":"","meta":[],"product_brand":[],"product_cat":[26],"product_tag":[],"class_list":{"0":"post-2090","1":"product","2":"type-product","3":"status-publish","4":"has-post-thumbnail","6":"product_cat-hydraulic-motors","8":"first","9":"instock","10":"shipping-taxable","11":"product-type-simple"},"_links":{"self":[{"href":"https:\/\/swingbearing.net\/cs\/wp-json\/wp\/v2\/product\/2090","targetHints":{"allow":["GET"]}}],"collection":[{"href":"https:\/\/swingbearing.net\/cs\/wp-json\/wp\/v2\/product"}],"about":[{"href":"https:\/\/swingbearing.net\/cs\/wp-json\/wp\/v2\/types\/product"}],"wp:featuredmedia":[{"embeddable":true,"href":"https:\/\/swingbearing.net\/cs\/wp-json\/wp\/v2\/media\/2081"}],"wp:attachment":[{"href":"https:\/\/swingbearing.net\/cs\/wp-json\/wp\/v2\/media?parent=2090"}],"wp:term":[{"taxonomy":"product_brand","embeddable":true,"href":"https:\/\/swingbearing.net\/cs\/wp-json\/wp\/v2\/product_brand?post=2090"},{"taxonomy":"product_cat","embeddable":true,"href":"https:\/\/swingbearing.net\/cs\/wp-json\/wp\/v2\/product_cat?post=2090"},{"taxonomy":"product_tag","embeddable":true,"href":"https:\/\/swingbearing.net\/cs\/wp-json\/wp\/v2\/product_tag?post=2090"}],"curies":[{"name":"wp","href":"https:\/\/api.w.org\/{rel}","templated":true}]}}