{"id":2037,"date":"2024-03-07T06:19:13","date_gmt":"2024-03-07T06:19:13","guid":{"rendered":"https:\/\/swingbearing.net\/?post_type=product&#038;p=2037"},"modified":"2024-03-07T06:40:47","modified_gmt":"2024-03-07T06:40:47","slug":"swing-motors-706-7k-01011","status":"publish","type":"product","link":"https:\/\/swingbearing.net\/cs\/product\/swing-motors-706-7k-01011\/","title":{"rendered":"706-7K-01011 Hydraulick\u00fd kyvn\u00fd motor pro SANY SY135-8 SY65 SY75 SY200 SY300"},"content":{"rendered":"<h4>Nab\u00edz\u00edme \u0161irok\u00fd sortiment kyvn\u00fdch motor\u016f \/ kyvn\u00fdch reduktor\u016f \/ kyvn\u00fdch reduk\u010dn\u00edch p\u0159evodovek pro r\u00fdpadla.<\/h4>\n<p>1\u3001 Funkce kyvn\u00e9ho motoru<br \/>\nKyvn\u00fd motor je jednou z kl\u00ed\u010dov\u00fdch sou\u010d\u00e1st\u00ed rypadla a jeho hlavn\u00ed funkc\u00ed je poh\u00e1n\u011bt cel\u00fd syst\u00e9m k\u00fdv\u00e1n\u00ed, aby se horn\u00ed \u010d\u00e1st rypadla mohla k\u00fdvat o 360 stup\u0148\u016f. Konkr\u00e9tn\u011b horn\u00ed \u010d\u00e1st rypadla zahrnuje sou\u010d\u00e1sti, jako je v\u00fdkyvn\u00e1 plo\u0161ina, v\u00fdkyvn\u00fd motor a v\u00fdkyvn\u00fd mechanismus. Kyvn\u00fd motor poh\u00e1n\u00ed kyvn\u00fd mechanismus, kter\u00fd umo\u017e\u0148uje k\u00fdv\u00e1n\u00ed horn\u00ed \u010d\u00e1sti rypadla doleva a doprava.<br \/>\n2\u3001 Princip \u010dinnosti kyvn\u00e9ho motoru<br \/>\nKyvn\u00fd motor vyu\u017e\u00edv\u00e1 metodu hydraulick\u00e9ho pohonu, kter\u00e1 p\u0159em\u011b\u0148uje hydraulickou energii na mechanickou a prost\u0159ednictv\u00edm hydraulick\u00e9ho p\u0159evodov\u00e9ho za\u0159\u00edzen\u00ed p\u0159en\u00e1\u0161\u00ed s\u00edlu na kyvn\u00fd mechanismus, kter\u00fd se ot\u00e1\u010d\u00ed. Konkr\u00e9tn\u011b kyvn\u00fd motor obsahuje n\u011bkolik p\u00edst\u016f, t\u011bles v\u00e1lc\u016f a p\u0159evod\u016f. Kdy\u017e do kyvn\u00e9ho motoru proud\u00ed hydraulick\u00fd olej z olejov\u00e9ho \u010derpadla, jsou p\u00edsty vystaveny hydraulick\u00e9mu tlaku a pohybuj\u00ed se sm\u011brem k t\u011blesu v\u00e1lce, \u010d\u00edm\u017e poh\u00e1n\u011bj\u00ed ozuben\u00e1 kola k ot\u00e1\u010den\u00ed, a t\u00edm poh\u00e1n\u011bj\u00ed oto\u010dn\u00fd mechanismus ke k\u00fdv\u00e1n\u00ed.<\/p>\n<p><strong>Podporovan\u00e9 zna\u010dky<\/strong><br \/>\nV sou\u010dasn\u00e9 dob\u011b m\u016f\u017eeme dodat kyvn\u00e9 motory pro \u0161irok\u00fd v\u00fdb\u011br rypadel vyr\u00e1b\u011bn\u00fdch spole\u010dnostmi jako Komatsu, Caterpillar, Volvo, Case, Doosan, Sumitomo, Hyundai, Kobelco, JCB, Liugong, Sany, XCMG a Hitachi.<\/p>\n<h4>Souvisej\u00edc\u00ed Sany Excavator Swing Motor Assy<\/h4>\n<figure class=\"wp-block-table is-style-stripes has-small-font-size\">\n<table style=\"height: 410px;\" width=\"607\">\n<tbody>\n<tr>\n<td width=\"236\">GM85<\/td>\n<td width=\"273\">MAG-1700VP-5000<\/td>\n<\/tr>\n<tr>\n<td width=\"236\">\u00a0Sany 335<\/td>\n<td width=\"273\">MAG-18000VP-6000<\/td>\n<\/tr>\n<tr>\n<td width=\"236\">Sany JS200 332\/K1192<\/td>\n<td width=\"273\">MAG-170V9-G-GT40D43B B0240-93111<\/td>\n<\/tr>\n<tr>\n<td width=\"236\">\u00a0Sany 335<\/td>\n<td width=\"273\">MAG-18000VP-6000<\/td>\n<\/tr>\n<tr>\n<td>SANY258<\/td>\n<td>SANY258<\/td>\n<\/tr>\n<tr>\n<td width=\"236\">\u00a0Sany305<\/td>\n<td width=\"273\">MAG-1700VP-5000<\/td>\n<\/tr>\n<tr>\n<td width=\"236\">\u00a0Sany 335<\/td>\n<td width=\"273\">MAG-18000VP-6000<\/td>\n<\/tr>\n<tr>\n<td width=\"236\">Sany JS200<\/td>\n<td width=\"273\">MAG-170V9-G-GT40D43B<\/td>\n<\/tr>\n<tr>\n<td width=\"236\">\u00a0 jak\u00fdkoli 335<\/td>\n<td width=\"273\">MAG-18000VP-6000<\/td>\n<\/tr>\n<tr>\n<td width=\"236\">SANY Sy385 Sy335 Sk350<\/td>\n<td width=\"273\">Msf-180vp-G-1<\/td>\n<\/tr>\n<tr>\n<td width=\"236\">Liugong 925D SANY SY215 SK200-8<\/td>\n<td width=\"273\">MAG170VP-3800G-10<\/td>\n<\/tr>\n<tr>\n<td>\u00a0SK460 SY485<\/td>\n<td>GM85<\/td>\n<\/tr>\n<\/tbody>\n<\/table>\n<\/figure>\n<h4><strong>Motor a p\u0159evodovka Dostupn\u00fd model:<\/strong><\/h4>\n<figure class=\"wp-block-table is-style-stripes has-small-font-size\">SANY SY135C SY230C SY55, SY60, SY65, SY70, SY75, SY85, SY95, SY115, SY135, SY155, SY195, SY200, SY205, SY215, SY220, SY225, SY235, SY245, SY285, SY305, SY335, SY365, SY375, SY395, SY415 a SY485.<\/figure>\n<p><img decoding=\"async\" class=\"wp-image-1155 aligncenter\" src=\"https:\/\/swingbearing.net\/wp-content\/uploads\/2023\/11\/111-300x187.jpg\" alt=\"Koncov\u00fd pohon rypadla\" width=\"718\" height=\"448\" srcset=\"https:\/\/swingbearing.net\/wp-content\/uploads\/2023\/11\/111-300x187.jpg 300w, https:\/\/swingbearing.net\/wp-content\/uploads\/2023\/11\/111-768x479.jpg 768w, https:\/\/swingbearing.net\/wp-content\/uploads\/2023\/11\/111-600x374.jpg 600w, https:\/\/swingbearing.net\/wp-content\/uploads\/2023\/11\/111.jpg 850w\" sizes=\"(max-width: 718px) 100vw, 718px\" \/><\/p>\n<p><img decoding=\"async\" class=\"wp-image-1156 aligncenter\" src=\"https:\/\/swingbearing.net\/wp-content\/uploads\/2023\/11\/222.jpg\" alt=\"Koncov\u00fd pohon rypadla\" width=\"727\" height=\"546\" srcset=\"https:\/\/swingbearing.net\/wp-content\/uploads\/2023\/11\/222.jpg 850w, https:\/\/swingbearing.net\/wp-content\/uploads\/2023\/11\/222-300x225.jpg 300w, https:\/\/swingbearing.net\/wp-content\/uploads\/2023\/11\/222-768x576.jpg 768w, https:\/\/swingbearing.net\/wp-content\/uploads\/2023\/11\/222-600x450.jpg 600w\" sizes=\"(max-width: 727px) 100vw, 727px\" \/><\/p>","protected":false},"excerpt":{"rendered":"<h5 class=\"ct-headline\">Kategorie: Sany Swing Motor, Swing Gearbox ,Swing Reducer,<br \/>\nModel: SY135-8 SY65 SY75 SY200 SY300<br \/>\n\u010c\u00edslo d\u00edlu:706-7K-01011<\/h5>","protected":false},"featured_media":1887,"template":"","meta":[],"product_brand":[],"product_cat":[26],"product_tag":[],"class_list":{"0":"post-2037","1":"product","2":"type-product","3":"status-publish","4":"has-post-thumbnail","6":"product_cat-hydraulic-motors","8":"first","9":"instock","10":"shipping-taxable","11":"product-type-simple"},"_links":{"self":[{"href":"https:\/\/swingbearing.net\/cs\/wp-json\/wp\/v2\/product\/2037","targetHints":{"allow":["GET"]}}],"collection":[{"href":"https:\/\/swingbearing.net\/cs\/wp-json\/wp\/v2\/product"}],"about":[{"href":"https:\/\/swingbearing.net\/cs\/wp-json\/wp\/v2\/types\/product"}],"wp:featuredmedia":[{"embeddable":true,"href":"https:\/\/swingbearing.net\/cs\/wp-json\/wp\/v2\/media\/1887"}],"wp:attachment":[{"href":"https:\/\/swingbearing.net\/cs\/wp-json\/wp\/v2\/media?parent=2037"}],"wp:term":[{"taxonomy":"product_brand","embeddable":true,"href":"https:\/\/swingbearing.net\/cs\/wp-json\/wp\/v2\/product_brand?post=2037"},{"taxonomy":"product_cat","embeddable":true,"href":"https:\/\/swingbearing.net\/cs\/wp-json\/wp\/v2\/product_cat?post=2037"},{"taxonomy":"product_tag","embeddable":true,"href":"https:\/\/swingbearing.net\/cs\/wp-json\/wp\/v2\/product_tag?post=2037"}],"curies":[{"name":"wp","href":"https:\/\/api.w.org\/{rel}","templated":true}]}}