{"id":2009,"date":"2024-03-06T07:51:23","date_gmt":"2024-03-06T07:51:23","guid":{"rendered":"https:\/\/swingbearing.net\/?post_type=product&#038;p=2009"},"modified":"2024-03-06T08:27:38","modified_gmt":"2024-03-06T08:27:38","slug":"hydraulic-motors-ex3500","status":"publish","type":"product","link":"https:\/\/swingbearing.net\/cs\/product\/hydraulic-motors-ex3500\/","title":{"rendered":"Hydraulick\u00e9 motory Hitachi EX3500 9066171 4181841 4292735"},"content":{"rendered":"<h4>Nab\u00edz\u00edme \u0161irok\u00fd sortiment hydraulick\u00fdch motor\u016f\/reduktor\u016f k\u00fdv\u00e1n\u00ed\/reduk\u010dn\u00edch p\u0159evodovek k\u00fdv\u00e1n\u00ed pro r\u00fdpadla.<\/h4>\n<p>Hydraulick\u00e9 motory (n\u011bkdy naz\u00fdvan\u00e9 rota\u010dn\u00ed reduktory) zaji\u0161\u0165uj\u00ed v\u00fdkonnou s\u00edlu ot\u00e1\u010den\u00ed v\u00fdlo\u017en\u00edk\u016f r\u00fdpadel pomoc\u00ed hydraulick\u00e9ho oleje.<br \/>\na jsou precizn\u011b zkonstruov\u00e1ny pro zaji\u0161t\u011bn\u00ed bezprobl\u00e9mov\u00e9ho provozu a v\u00fdkonu.<\/p>\n<h4>Podporovan\u00e9 zna\u010dky<\/h4>\n<p>V sou\u010dasn\u00e9 dob\u011b m\u016f\u017eeme dodat kyvn\u00e9 motory pro \u0161irok\u00fd v\u00fdb\u011br rypadel vyr\u00e1b\u011bn\u00fdch spole\u010dnostmi jako Komatsu, Caterpillar, Volvo, Case, Doosan, Sumitomo, Hyundai, Kobelco, JCB, Liugong, Sany, XCMG a Hitachi.<\/p>\n<h4>Souvisej\u00edc\u00ed hydraulick\u00fd motor Hitachi Excavator Assy<\/h4>\n<figure class=\"wp-block-table is-style-stripes has-small-font-size\">\n<table class=\"has-cyan-bluish-gray-background-color has-background\" style=\"height: 2255px;\" width=\"909\">\n<tbody>\n<tr>\n<td width=\"397\">\u00a09096630 4206795 4246413 9088535 9098010 EX400LCH<\/td>\n<td width=\"440\">9080248 9096630 4206795 4246413 9088535 9098010 EX400<\/td>\n<\/tr>\n<tr>\n<td>9080248 9096630 4246413 9088535 9098010 EX400LC<\/td>\n<td>9110045 4289284 EX550-3 EX550-5<\/td>\n<\/tr>\n<tr>\n<td>9080248 9096630 4206795 4246413 9098010 EX400H<\/td>\n<td>9177550 9196961 9196343 ZAXIS135US-E ZAXIS130LCN<\/td>\n<\/tr>\n<tr>\n<td>\u00a04294479 EX300LC-2 EX300LCH-2<\/td>\n<td>9258608 ZAXIS240LC-3<\/td>\n<\/tr>\n<tr>\n<td>\u00a04294479 EX300H-2 EX300-2<\/td>\n<td>9177550 9196961 9196343 ZAXIS130H ZAXIS130<\/td>\n<\/tr>\n<tr>\n<td>9066171 4181841 4292735 EX3500<\/td>\n<td>9080248 9096630 4206795 4246413 9088535 9098010 EX400<\/td>\n<\/tr>\n<tr>\n<td>9053667 4176598 4154587 EX1000<\/td>\n<td>9110045 4289284 EX600LCH-3 EX600LCH-5<\/td>\n<\/tr>\n<tr>\n<td>\u00a04371768 EX350H-5 EX350K-5 EX350LCH-5<\/td>\n<td>\u00a09177550 9196961 9196343 ZAXIS120-E ZAXIS120<\/td>\n<\/tr>\n<tr>\n<td>\u00a04371768 EX330LC-5 EX350LCK-5<\/td>\n<td>9180778 4423009 9180779 9180776 ZAXIS520LCH-3<\/td>\n<\/tr>\n<tr>\n<td>\u00a04371768 EX300LC-5 4371768 EX300-5<\/td>\n<td width=\"440\">9180778 4423009 9180779 9180776 ZAXIS500LC-3<\/td>\n<\/tr>\n<tr>\n<td>9258610 ZAXIS330-AP-EX<\/td>\n<td>9180778 4423009 9180779 9180776 ZAXIS470LCH-3<\/td>\n<\/tr>\n<tr>\n<td>\u00a04390492 EX50U 4405479 EX1200-5C<\/td>\n<td>9180778 4423009 9180779 9180776 ZAXIS470H-3<\/td>\n<\/tr>\n<tr>\n<td>9110045 4289284 EX600LCH-3 EX600LCH-5<\/td>\n<td>9180778 4423009 9180779 9180776 ZAXIS450LC-3<\/td>\n<\/tr>\n<tr>\n<td>\u00a04415275 EX35U EX36UE<\/td>\n<td>9180778 4423009 9180779 9180776 ZAXIS450-3<\/td>\n<\/tr>\n<tr>\n<td>\u00a04439384 EX2500-6 4440905 EX5500-5<\/td>\n<td>9196963 ZAXIS210LCH ZAXIS210LCK ZAXIS210N<\/td>\n<\/tr>\n<tr>\n<td>9110045 EX600H-3 EX600H-5 EX550LC-3 EX550LC-5<\/td>\n<td>9196963 4398514 ZAXIS210H ZAXIS210K ZAXIS210LC<\/td>\n<\/tr>\n<tr>\n<td width=\"397\">\u00a04466790 ZAXIS27U<\/td>\n<td>9196963 ZAXIS200-E ZAXIS200LC ZAXIS200LC-E<\/td>\n<\/tr>\n<tr>\n<td>\u00a04466799 ZAXIS40U ZAXIS50U<\/td>\n<td>9196963 4398514 ZAXIS200LC-X ZAXIS200-X<\/td>\n<\/tr>\n<tr>\n<td>\u00a04607609 ZAXIS35U-2 4642393 ZAXIS27U-2<\/td>\n<td>196963 4398514 ZAXIS210W<\/td>\n<\/tr>\n<tr>\n<td>9255634 9255635 9191672 4651137 ZAXIS650LC-3<\/td>\n<td>9196963 4398514 ZAXIS240 ZAXIS200<\/td>\n<\/tr>\n<tr>\n<td>4181841 4292735 9063877 4181839 EX1800-2<\/td>\n<td>9066171 4181841 4292735 4352881 EX3500-2<\/td>\n<\/tr>\n<tr>\n<td>\u00a04181841 4292735 9063877 4181839 EX1800<\/td>\n<td>9236592 4616985 9236591 9258610 ZAXIS350LCN-3<\/td>\n<\/tr>\n<tr>\n<td>\u00a04187037 4224991 9083734 9097704 EX200LC<\/td>\n<td>9236592 4616985 9236591 9258610 ZAXIS350LCK-EX<\/td>\n<\/tr>\n<tr>\n<td>\u00a04187037 4224991 9083734 9097704 EX200<\/td>\n<td>9236592 4616985 9236591 9258610 ZAXIS350LCK-3HG<\/td>\n<\/tr>\n<tr>\n<td>\u00a04197829 4224993 9083736 097706 EX300LCH EX270LC<\/td>\n<td>9236592 4616985 9236591 ZAXIS350LCK-3-EX<\/td>\n<\/tr>\n<tr>\n<td>\u00a04197829 4224993 9083736 097706 EX300LC EX300<\/td>\n<td>9236592 4616985 9236591 9258610 ZAXIS350LCK-3<\/td>\n<\/tr>\n<tr>\n<td>9262018 9262017 9177550 9196961 ZAXIS135US-3<\/td>\n<td>9236592 4616985 9236591 9258610 ZAXIS350LCH-EX<\/td>\n<\/tr>\n<tr>\n<td>9262018 9277217 9177550 9196961 ZAXIS135USK-3<\/td>\n<td>9236592 4616985 9236591 ZAXIS350LCH-3TRK-EX<\/td>\n<\/tr>\n<tr>\n<td>\u00a04197831 4224992 9083736 9097706 EX270<\/td>\n<td>9236592 4616985 9236591 ZAXIS350LCH-3-EX<\/td>\n<\/tr>\n<tr>\n<td>4218108 9078738 9100488 9121169 EX700BE EX700H<\/td>\n<td>9236592 9236591 9258610 ZAXIS350LCH-3<\/td>\n<\/tr>\n<tr>\n<td width=\"397\">4237779 4284142 EX1100BE EX1100<\/td>\n<td>4616985 9236591 9258610 ZAXIS350K-EX<\/td>\n<\/tr>\n<tr>\n<td width=\"397\">\u00a09258609 ZAXIS280LCN-3<\/td>\n<td>9196963 4398514 ZAXIS240<\/td>\n<\/tr>\n<tr>\n<td>4247870 9111266 EX200-2<\/td>\n<td>9236592 4616985 9236591 9258610 ZAXIS350K-3HG<\/td>\n<\/tr>\n<tr>\n<td>\u00a09116375 9116379 9116383 4110369 EX100-2<\/td>\n<td>9236592 4616985 9236591 9258610 ZAXIS350K-3-EX<\/td>\n<\/tr>\n<tr>\n<td>\u00a04255503 9111267 EX220LC-3<\/td>\n<td>9236592 4616985 9236591 9258610 ZAXIS350K-3<\/td>\n<\/tr>\n<tr>\n<td>9255634 9255635 9191672 4651137 ZAXIS650LC-3<\/td>\n<td>9236592 4616985 9236591 9258610 ZAXIS350H-EX<\/td>\n<\/tr>\n<tr>\n<td>4289284 9110045 EX600H EX550 EX600LCH<\/td>\n<td>\u00a09236592 4616985 9236591 9258610 ZAXIS350H-3-EX<\/td>\n<\/tr>\n<tr>\n<td>9260891 9263408 ZAXIS225USLC-3<\/td>\n<td>9236592 4616985 9236591 9258610 ZAXIS350H-3<\/td>\n<\/tr>\n<tr>\n<td>\u00a04294479 9151199 EX300-3<\/td>\n<td>9236592 4616985 9236591 9258610 ZAXIS330LC-EX<\/td>\n<\/tr>\n<tr>\n<td>\u00a04308814 9111266 EX200H-3<\/td>\n<td>9236592 4616985 9236591 9258610 ZAXIS330LC-DM<\/td>\n<\/tr>\n<tr>\n<td>4330219 9148921 EX110M-5<\/td>\n<td>9236592 4616985 9236591 9258610 ZAXIS330LC-DH<\/td>\n<\/tr>\n<tr>\n<td>\u00a04330233 9158938 EX230H-5<\/td>\n<td>9236592 4616985 9236591 9258610 ZAXIS330LC-3-EX<\/td>\n<\/tr>\n<tr>\n<td>4330233 9158938 EX220LC-5 EX220-5<\/td>\n<td>\u00a04616985 9236591 9258610 ZAXIS330LC-3-EX ZAXIS330-3<\/td>\n<\/tr>\n<tr>\n<td>9260805 4610138 9260804 9262916 ZAXIS200-3<\/td>\n<td>9260805 4610138 9260804 9262916 ZAXIS210K-3<\/td>\n<\/tr>\n<tr>\n<td>\u00a04334276 9133435 9138912 EX450H-3C EX400LC-3C<\/td>\n<td>9236592 4616985 9236591 ZAXIS330-3-EX<\/td>\n<\/tr>\n<tr>\n<td>9260805 4610138 9260804 9262916 ZAXIS200LC-3<\/td>\n<td>\u00a09260805 4610138 9260804 9262916 ZAXIS210LCH-3<\/td>\n<\/tr>\n<tr>\n<td>\u00a04334276 9133435 9138912 EX400LC-3 EX400-5<\/td>\n<td>9260805 4610138 9260804 9262916 ZAXIS210LCK-3<\/td>\n<\/tr>\n<tr>\n<td>9260805 4610138 9260804 9262916 ZAXIS210H-3<\/td>\n<td>9237578 9237577 4621174 ZAXIS280LCH-3<\/td>\n<\/tr>\n<tr>\n<td>4346149 9174425 9134738 EX800H-5<\/td>\n<td>9260805 4610138 9260804 9262916 ZAXIS210LCN-3<\/td>\n<\/tr>\n<tr>\n<td>\u00a04346149 9174425 9134738 EX750-5<\/td>\n<td>9237578 9237577 4621174 ZAXIS270LC-3<\/td>\n<\/tr>\n<tr>\n<td>\u00a04367523 9162234 EX280H-5 EX280LCH-5<\/td>\n<td>9260805 4610138 9260804 9262916 ZAXIS240N-3<\/td>\n<\/tr>\n<tr>\n<td>\u00a04388207 9212745 ZAXIS850H ZAXIS800<\/td>\n<td>9237578 9237577 4621174 9258609 ZAXIS270-3<\/td>\n<\/tr>\n<tr>\n<td>9255634 9255635 9191672 4651137 ZAXIS650LC-3<\/td>\n<td>9243324 4625367 9243323 ZAXIS250LCK-3<\/td>\n<\/tr>\n<tr>\n<td>4394900 4386700 4439384 4407599 4386700 EX2500<\/td>\n<td>9260805 4610138 9260804 9262916 ZAXIS240N-3<\/td>\n<\/tr>\n<tr>\n<td>4394900 4411082 4440905 4372637 4413387 EX1800-3<\/td>\n<td>9258609 ZAXIS280LC-3<\/td>\n<\/tr>\n<tr>\n<td width=\"397\">\u00a04398514 9202552 ZAXIS225US ZAXIS225US-E ZAXIS225USLC<\/td>\n<td width=\"440\">9255634 9255635 9191672 4651137 ZAXIS650LC-3<\/td>\n<\/tr>\n<tr>\n<td>9255634 9255635 9191672 4651137 ZAXIS650LC-3<\/td>\n<td width=\"440\">\u00a09236592 4616985 9236591 9258610 ZAXIS330-EX<\/td>\n<\/tr>\n<tr>\n<td>\u00a04419718 9204194 ZAXIS350LCH ZAXIS330<\/td>\n<td width=\"440\">\u00a09196963 4398514 ZAXIS240<\/td>\n<\/tr>\n<tr>\n<td>9255634 9255635 9191672 4651137 ZAXIS670LCH-3<\/td>\n<td>\u00a09250922 4637117 9250921 9251045 9251046 ZAXIS870H-3<\/td>\n<\/tr>\n<tr>\n<td>\u00a04423009 9180778 9180776 ZAXIS460LCH ZAXIS450<\/td>\n<td>9250922 4637117 9250921 9251045 9251046 ZAXIS870LCH-3<\/td>\n<\/tr>\n<tr>\n<td>9250922 9250921 9251045 9251046 ZAXIS850-3<\/td>\n<td>\u00a09243324 9243323 ZAXIS240-3 ZAXIS250K-3<\/td>\n<\/tr>\n<tr>\n<td>\u00a04423851 9204193 ZAXIS250LC<\/td>\n<td>9250922 4637117 9250921 9251045 9251046 ZAXIS850LC-3<\/td>\n<\/tr>\n<tr>\n<td>4423851 9204193 ZAXIS230 ZAXIS230LC<\/td>\n<td>9250921 9251045 9251046 ZAXIS870R-3 ZAXIS870LCR-3<\/td>\n<\/tr>\n<tr>\n<td>4440388 9191671 9209335 9219118 ZAXIS650LCH<\/td>\n<td>9262018 9262017 9277217 9177550 9196961 ZAXIS130LCN-3<\/td>\n<\/tr>\n<tr>\n<td>4440905 4439383 9217606 EX1900-5<\/td>\n<td>9262018 9262017 9277217 9177550 9196961 ZAXIS130K-3<\/td>\n<\/tr>\n<tr>\n<td>4470057 4469027 ZAXIS75US-A ZAXIS85US<\/td>\n<td>9262018 9262017 9277217 9177550 9196961 ZAXIS130-3<\/td>\n<\/tr>\n<tr>\n<td>9262917 9260804 9262916 ZAXIS160LC-3<\/td>\n<td>\u00a09258608 ZAXIS250LCN-3<\/td>\n<\/tr>\n<tr>\n<td>9262919 4648592 9260804 9262916 ZAXIS220W-3<\/td>\n<td>\u00a09270522 4684827 4469027 ZAXIS75US-3 ZAXIS85USB-3<\/td>\n<\/tr>\n<tr>\n<td>9260805 4610138 9260804 9262916 ZAXIS200-3<\/td>\n<td>9260891 9263408 ZAXIS225USLC-3<\/td>\n<\/tr>\n<\/tbody>\n<\/table>\n<\/figure>\n<h4><strong>Motor a p\u0159evodovka Dostupn\u00fd model:<\/strong><\/h4>\n<figure class=\"wp-block-table is-style-stripes has-small-font-size\"><strong>HITACHI<\/strong>E<br \/>\nX150LC-5 EX15-2 EX160LC-5 EX16-2B EX17-2B EX20UR-2 EX22-1 EX22-2 EX25 EX27U EX27U-1 EX29UE-1 EX30-1 EX30-2 EX30UR-2 EX33MU-1 EX33U-1 EX35-1 EX35-2 EX35-5 EX35U EX40-1 EX40-2 EX40U EX40U-1 EX40UR-2C EX45-1 EX45-2 EX45-5 EX50U EX50U-1 EX55UR-3 EX58MU UE30 UE50 ZX120 ZX120-3 ZX125 ZX130 ZX130-3 ZX130K-3 ZX130LCN-3 ZX16 ZX160 ZX18 ZX25 ZX27U ZX27U-3 ZX27U-3CLR ZX27UNA-2 ZX29U-3 ZX30 ZX30 CLR ZX30U-2 ZX30UR ZX35 ZX35CLR ZX35U ZX35U-2 ZX40 ZX40U ZX40U-2 ZX40U-3 ZX40U-3U ZX40U-5A ZX48U-3 ZX48U-3 CLR ZX48U-3F ZX48U-5A ZX50 ZX50CLR ZX50U ZX50U-2 ZX50U-3F ZX50U-3U ZX50U-5A ZX50U-5N ZX52U-3 ZX52U-3F ZX55UR-2 ZX55UR-2D ZX55UR-2DU ZX55UR-2U ZX55UR-3 ZX55UR-3D ZX60 ZX60USB-3 ZX60USB-3F ZX60USBNA-3 ZX65USB-3F ZX75US-3 ZX80 EX30U EX32UE ZX55UR EX200-2, EX220-2, EX120-5, EX200-5, EX220-5, EX400-5, ZAXIS200-3, ZAXIS210-3, ZAXIS240-3, ZAXIS 270-3, ZAXIS330-3, ZAXIS360-3, ZAXIS110, ZAXIS120, ZX200-6 ZAXIS 200-3-6 ZAXIS 240 ZAXIS 270 ZAXIS 330 ZAXIS 360 ZAXIS450 ZAXIS870 ZAXIS110 ZAXIS 120<\/figure>\n<p><img decoding=\"async\" class=\"wp-image-1155 aligncenter\" src=\"https:\/\/swingbearing.net\/wp-content\/uploads\/2023\/11\/111-300x187.jpg\" alt=\"Koncov\u00fd pohon rypadla\" width=\"718\" height=\"448\" srcset=\"https:\/\/swingbearing.net\/wp-content\/uploads\/2023\/11\/111-300x187.jpg 300w, https:\/\/swingbearing.net\/wp-content\/uploads\/2023\/11\/111-768x479.jpg 768w, https:\/\/swingbearing.net\/wp-content\/uploads\/2023\/11\/111-600x374.jpg 600w, https:\/\/swingbearing.net\/wp-content\/uploads\/2023\/11\/111.jpg 850w\" sizes=\"(max-width: 718px) 100vw, 718px\" \/><\/p>\n<p><img decoding=\"async\" class=\"wp-image-1156 aligncenter\" src=\"https:\/\/swingbearing.net\/wp-content\/uploads\/2023\/11\/222.jpg\" alt=\"Koncov\u00fd pohon rypadla\" width=\"727\" height=\"546\" srcset=\"https:\/\/swingbearing.net\/wp-content\/uploads\/2023\/11\/222.jpg 850w, https:\/\/swingbearing.net\/wp-content\/uploads\/2023\/11\/222-300x225.jpg 300w, https:\/\/swingbearing.net\/wp-content\/uploads\/2023\/11\/222-768x576.jpg 768w, https:\/\/swingbearing.net\/wp-content\/uploads\/2023\/11\/222-600x450.jpg 600w\" sizes=\"(max-width: 727px) 100vw, 727px\" \/><\/p>","protected":false},"excerpt":{"rendered":"<h5 class=\"ct-headline\">Kategorie: Hydraulick\u00fd motor Hitachi, kyvn\u00e1 p\u0159evodovka , kyvn\u00fd reduktor,<br \/>\nModel:EX3500<br \/>\n\u010c\u00edslo d\u00edlu: 9066171 4181841 4292735<\/h5>","protected":false},"featured_media":1633,"template":"","meta":[],"product_brand":[],"product_cat":[26],"product_tag":[],"class_list":{"0":"post-2009","1":"product","2":"type-product","3":"status-publish","4":"has-post-thumbnail","6":"product_cat-hydraulic-motors","8":"first","9":"instock","10":"shipping-taxable","11":"product-type-simple"},"_links":{"self":[{"href":"https:\/\/swingbearing.net\/cs\/wp-json\/wp\/v2\/product\/2009","targetHints":{"allow":["GET"]}}],"collection":[{"href":"https:\/\/swingbearing.net\/cs\/wp-json\/wp\/v2\/product"}],"about":[{"href":"https:\/\/swingbearing.net\/cs\/wp-json\/wp\/v2\/types\/product"}],"wp:featuredmedia":[{"embeddable":true,"href":"https:\/\/swingbearing.net\/cs\/wp-json\/wp\/v2\/media\/1633"}],"wp:attachment":[{"href":"https:\/\/swingbearing.net\/cs\/wp-json\/wp\/v2\/media?parent=2009"}],"wp:term":[{"taxonomy":"product_brand","embeddable":true,"href":"https:\/\/swingbearing.net\/cs\/wp-json\/wp\/v2\/product_brand?post=2009"},{"taxonomy":"product_cat","embeddable":true,"href":"https:\/\/swingbearing.net\/cs\/wp-json\/wp\/v2\/product_cat?post=2009"},{"taxonomy":"product_tag","embeddable":true,"href":"https:\/\/swingbearing.net\/cs\/wp-json\/wp\/v2\/product_tag?post=2009"}],"curies":[{"name":"wp","href":"https:\/\/api.w.org\/{rel}","templated":true}]}}